{"id":34,"date":"2021-10-14T09:02:12","date_gmt":"2021-10-14T07:02:12","guid":{"rendered":"https:\/\/diocesi.concordia-pordenone.it\/amministrativo\/?page_id=34"},"modified":"2021-10-15T10:16:28","modified_gmt":"2021-10-15T08:16:28","slug":"documenti-e-modulistica","status":"publish","type":"page","link":"https:\/\/diocesi.concordia-pordenone.it\/amministrativo\/documenti-e-modulistica\/","title":{"rendered":"Documenti e Modulistica"},"content":{"rendered":"<div><u><strong>Nuovo Decreto sugli atti di straordinaria amministrazione<\/strong><\/u><\/div>\n<div><\/div>\n<div>Come previsto dalla Normativa Canonica, anche nella nostra Diocesi \u00e8 stato adottato il decreto dell&#8217;Ordinario, che determina gli atti di straordinaria amministrazione, cio\u00e8 quegli atti per compiere i quali l&#8217;amministratore dell&#8217;Ente soggetto all&#8217;autorit\u00e0 del Vescovo deve preventivamente ottenere l&#8217;autorizzazione dell&#8217;Autorit\u00e0 ecclesiastica.<\/div>\n<div>Puoi\u00a0<a href=\"https:\/\/diocesi.concordia-pordenone.it\/amministrativo\/wp-content\/uploads\/sites\/12\/2021\/10\/DecretoAtti_StraordinariaAmministrazione_agosto2015.pdf\">consultare QUI<\/a>\u00a0il nuovo decreto di mons. Vescovo emanato in data 1 agosto 2015.<\/div>\n","protected":false},"excerpt":{"rendered":"<p>Nuovo Decreto sugli atti di straordinaria amministrazione Come previsto dalla Normativa Canonica, anche nella nostra Diocesi \u00e8 stato adottato il decreto dell&#8217;Ordinario, che determina gli atti di straordinaria amministrazione, cio\u00e8 quegli atti per compiere i quali l&#8217;amministratore dell&#8217;Ente soggetto all&#8217;autorit\u00e0 del Vescovo deve preventivamente ottenere l&#8217;autorizzazione dell&#8217;Autorit\u00e0 ecclesiastica. Puoi\u00a0consultare QUI\u00a0il nuovo decreto di mons. Vescovo emanato in data 1 agosto 2015.<\/p>\n","protected":false},"author":0,"featured_media":0,"parent":0,"menu_order":0,"comment_status":"closed","ping_status":"closed","template":"","meta":{"_acf_changed":false,"footnotes":""},"class_list":["post-34","page","type-page","status-publish","hentry"],"acf":[],"_links":{"self":[{"href":"https:\/\/diocesi.concordia-pordenone.it\/amministrativo\/wp-json\/wp\/v2\/pages\/34","targetHints":{"allow":["GET"]}}],"collection":[{"href":"https:\/\/diocesi.concordia-pordenone.it\/amministrativo\/wp-json\/wp\/v2\/pages"}],"about":[{"href":"https:\/\/diocesi.concordia-pordenone.it\/amministrativo\/wp-json\/wp\/v2\/types\/page"}],"author":[{"embeddable":true,"href":"https:\/\/diocesi.concordia-pordenone.it\/amministrativo\/wp-json\/wp\/v2\/users\/5"}],"replies":[{"embeddable":true,"href":"https:\/\/diocesi.concordia-pordenone.it\/amministrativo\/wp-json\/wp\/v2\/comments?post=34"}],"version-history":[{"count":2,"href":"https:\/\/diocesi.concordia-pordenone.it\/amministrativo\/wp-json\/wp\/v2\/pages\/34\/revisions"}],"predecessor-version":[{"id":49,"href":"https:\/\/diocesi.concordia-pordenone.it\/amministrativo\/wp-json\/wp\/v2\/pages\/34\/revisions\/49"}],"wp:attachment":[{"href":"https:\/\/diocesi.concordia-pordenone.it\/amministrativo\/wp-json\/wp\/v2\/media?parent=34"}],"curies":[{"name":"wp","href":"https:\/\/api.w.org\/{rel}","templated":true}]}}