{"id":47,"date":"2023-11-21T15:40:52","date_gmt":"2023-11-21T14:40:52","guid":{"rendered":"https:\/\/diocesi.concordia-pordenone.it\/biblioteca\/?page_id=47"},"modified":"2024-03-03T08:43:25","modified_gmt":"2024-03-03T07:43:25","slug":"la-biblioteca","status":"publish","type":"page","link":"https:\/\/diocesi.concordia-pordenone.it\/biblioteca\/la-biblioteca\/","title":{"rendered":"La Biblioteca"},"content":{"rendered":"<div>\n<div><strong>Bibliotecarie: <\/strong>dott.ssa Martina Cecone, dott.ssa Raffaella Pippo, dott.ssa Silvia Raffin.<\/div>\n<div><\/div>\n<div>L\u2019origine della Biblioteca del Seminario Diocesano \u00e8 legata alla storia del Seminario stesso. Pi\u00f9 tentativi vennero fatti prima di arrivare alla sua concretizzazione: dall\u2019avvio nel 1563 ai successivi momenti di Cordovado, Portogruaro e Pordenone (1919).<\/div>\n<\/div>\n<div>Problemi e difficolt\u00e0 rallentarono la costituzione di una sede adeguata, che si attu\u00f2 nel 1983. Dal Seminario, nel 1992, la Biblioteca \u00e8 stata trasferita in una nuova sede presso il Centro Diocesano di Attivit\u00e0 Pastorali e infine, da settembre 2016, \u00e8 ritornata in Seminario occupando i tre piani dell&#8217;ala ovest anticamente destinati al ginnasio.<\/div>\n<div>Il materiale librario, che ammonta a circa 130.000 volumi in continuo incremento, \u00e8 caratterizzato da pubblicazioni relative alle scienze religiose, umane, antropologiche e alla storia locale. Numerosi sono pure i periodici, presenti fin dal primo fascicolo, enciclopedie sia italiane che straniere, e sussidi bibliografici di vario genere.<\/div>\n<div>Fra i lasciti pi\u00f9 consistenti si ricordano i fondi Bevilacqua, Fontanini, Pelleatti, Rizzolatti, ai quali si aggiungono quelli moderni dei fratelli Costantini, mons. Giovanni e card. Celso,Giovanni Tullio Altan e Della Valentina. Il fondo antico, che alla fine del secolo scorso contava gi\u00e0 pi\u00f9 di 10.000 volumi, \u00e8 costituito da oltre 1500 tra incunaboli e cinquecentine, da pi\u00f9 di 1200 edizioni del sec. XVII e da alcune migliaia del sec. XVIII. Le edizioni di maggior pregio sono rappresentate da diverse Bibbie, specialmente quelle stampate nel 1500, che consentono al lettore di addentrarsi in un settore particolarmente suggestivo quale quello della sacralit\u00e0 e del valore culturale degli antichi testi ecclesiastici; da testi umanistici quali le Epistolae ad Atticum, ad M. Brutum, ad Quintum fratrem di Marco Tullio Cicerone (Venezia, 1544), La Tebaide di Stazio tradotta in ottava rima da Erasmo signore di Valvasone (Venezia, 1570); da volumi con ricco corredo di incisioni, tipo le Oeuvres di Jacques Benigne Bossuet (1736) e dall\u2019edizione padovana dell\u2019Encyclop\u00e9die m\u00e9thodique in oltre 300 tomi (1783-1817).<\/div>\n<div>Dotata di attrezzature informatiche, lettore microfilm, fotocopiatrice, la Biblioteca \u00e8 quotidianamente aperta al pubblico e, oltre al prestito librario, fornisce altri servizi (reference, consultazione Opac, riproduzioni analogico\/digitali, etc.; cfr. la \u201c<a href=\"https:\/\/diocesi.concordia-pordenone.it\/biblioteca\/carta-servizi\/\" target=\"_blank\" rel=\"noopener\">CARTA DEI SERVIZI<\/a>\u201d) ed effettua numerose visite guidate.<\/div>\n","protected":false},"excerpt":{"rendered":"<p>Bibliotecarie: dott.ssa Martina Cecone, dott.ssa Raffaella Pippo, dott.ssa Silvia Raffin. L\u2019origine della Biblioteca del Seminario Diocesano \u00e8 legata alla storia del Seminario stesso. Pi\u00f9 tentativi vennero fatti prima di arrivare alla sua concretizzazione: dall\u2019avvio nel 1563 ai successivi momenti di Cordovado, Portogruaro e Pordenone (1919). Problemi e difficolt\u00e0 rallentarono la costituzione di una sede adeguata, che si attu\u00f2 nel 1983. Dal Seminario, nel 1992, la &hellip; <a href=\"https:\/\/diocesi.concordia-pordenone.it\/biblioteca\/la-biblioteca\/\" class=\"more-link\">Continue reading <span class=\"screen-reader-text\"><\/span> <span class=\"meta-nav\">&raquo;<\/span><\/a><\/p>\n","protected":false},"author":0,"featured_media":0,"parent":0,"menu_order":0,"comment_status":"closed","ping_status":"closed","template":"","meta":{"_acf_changed":false,"footnotes":""},"class_list":["post-47","page","type-page","status-publish","hentry"],"acf":[],"_links":{"self":[{"href":"https:\/\/diocesi.concordia-pordenone.it\/biblioteca\/wp-json\/wp\/v2\/pages\/47","targetHints":{"allow":["GET"]}}],"collection":[{"href":"https:\/\/diocesi.concordia-pordenone.it\/biblioteca\/wp-json\/wp\/v2\/pages"}],"about":[{"href":"https:\/\/diocesi.concordia-pordenone.it\/biblioteca\/wp-json\/wp\/v2\/types\/page"}],"author":[{"embeddable":true,"href":"https:\/\/diocesi.concordia-pordenone.it\/biblioteca\/wp-json\/wp\/v2\/users\/1"}],"replies":[{"embeddable":true,"href":"https:\/\/diocesi.concordia-pordenone.it\/biblioteca\/wp-json\/wp\/v2\/comments?post=47"}],"version-history":[{"count":14,"href":"https:\/\/diocesi.concordia-pordenone.it\/biblioteca\/wp-json\/wp\/v2\/pages\/47\/revisions"}],"predecessor-version":[{"id":294,"href":"https:\/\/diocesi.concordia-pordenone.it\/biblioteca\/wp-json\/wp\/v2\/pages\/47\/revisions\/294"}],"wp:attachment":[{"href":"https:\/\/diocesi.concordia-pordenone.it\/biblioteca\/wp-json\/wp\/v2\/media?parent=47"}],"curies":[{"name":"wp","href":"https:\/\/api.w.org\/{rel}","templated":true}]}}