{"id":7,"date":"2023-11-21T14:16:53","date_gmt":"2023-11-21T13:16:53","guid":{"rendered":"https:\/\/diocesi.concordia-pordenone.it\/biblioteca\/?page_id=7"},"modified":"2024-11-14T12:29:38","modified_gmt":"2024-11-14T11:29:38","slug":"home-page","status":"publish","type":"page","link":"https:\/\/diocesi.concordia-pordenone.it\/biblioteca\/","title":{"rendered":"Home Page"},"content":{"rendered":"<div id=\"pl-7\"  class=\"panel-layout\" ><div id=\"pg-7-0\"  class=\"panel-grid panel-has-style\" ><div class=\"row grid-x panel-row-style panel-row-style-for-7-0\" ><div id=\"pgc-7-0-0\"  class=\"panel-grid-cell cell columns small-12 medium-8\" ><div id=\"panel-7-0-0-0\" class=\"so-panel widget widget_seed-so-widget-all-in-one-lite panel-first-child panel-last-child\" data-index=\"0\" ><div style=\";background-repeat:repeat;\" id=\"in_evidenza_hp\" class=\"panel-widget-style panel-widget-style-for-7-0-0-0\" ><div\n\t\t\t\n\t\t\tclass=\"so-widget-seed-so-widget-all-in-one-lite so-widget-seed-so-widget-all-in-one-lite-default-d75171398898-7\"\n\t\t\t\n\t\t><div class=\"box single-item\" id=\"slideuno\">                             <div class=\"slick-slide\">\n<div class=\"miniatura\" style=\"background:url(https:\/\/diocesi.concordia-pordenone.it\/biblioteca\/wp-content\/uploads\/sites\/13\/2025\/09\/screenshot.jpg) no-repeat\">\n<h3 class=\"widget-title\"><a href=\"https:\/\/diocesi.concordia-pordenone.it\/biblioteca\/category\/info-diocesi\/\">Info Diocesi<\/a>, <a href=\"https:\/\/diocesi.concordia-pordenone.it\/biblioteca\/category\/info-diocesi\/la-diocesi\/\">La Diocesi<\/a>, <a href=\"https:\/\/diocesi.concordia-pordenone.it\/biblioteca\/category\/news\/\">News<\/a>, <a href=\"https:\/\/diocesi.concordia-pordenone.it\/biblioteca\/category\/news-in-evidenza\/\">News in Evidenza<\/a>, <a href=\"https:\/\/diocesi.concordia-pordenone.it\/biblioteca\/category\/news-in-primo-piano\/\">News In primo piano<\/a>, <a href=\"https:\/\/diocesi.concordia-pordenone.it\/biblioteca\/category\/segnalazioni\/\">Segnalazioni<\/a><\/h3>\n<h2><a href=\"https:\/\/diocesi.concordia-pordenone.it\/biblioteca\/nasce-la-residenza-san-martino-un-progetto-di-accoglienza\/\">Nasce la Residenza San Martino: un progetto di accoglienza<\/a><\/h2>\n<h5><\/h5>\n<\/div>\n<\/div>\n                                                       <div class=\"slick-slide\">\n<div class=\"miniatura\" style=\"background:url(https:\/\/diocesi.concordia-pordenone.it\/biblioteca\/wp-content\/uploads\/sites\/13\/2021\/11\/1200px-Biblioteca_del_Seminario_di_Pordenone.jpg) no-repeat\">\n<h3 class=\"widget-title\"><a href=\"https:\/\/diocesi.concordia-pordenone.it\/biblioteca\/category\/diocesi\/\">Diocesi<\/a><\/h3>\n<h2><a href=\"https:\/\/diocesi.concordia-pordenone.it\/biblioteca\/la-biblioteca\/\">La biblioteca<\/a><\/h2>\n<h5><\/h5>\n<\/div>\n<\/div>\n                           <\/div>\n<script>\n                                               jQuery(function(){\n                                               jQuery('#slideuno').slick({\n                                                               autoplay:true,\n                                                               slidesToShow: 1,\n                                                               slidesToScroll: 1,\n                                                               dots: true,\n                                                               infinite: true\n                                               });\n                                               });\n                                               <\/script>\n<\/div><\/div><\/div><\/div><div id=\"pgc-7-0-1\"  class=\"panel-grid-cell cell columns small-12 medium-4\" ><div id=\"panel-7-0-1-0\" class=\"so-panel widget widget_sow-image panel-first-child panel-last-child\" data-index=\"1\" ><div style=\";background-repeat:repeat;\" class=\"panel-widget-style panel-widget-style-for-7-0-1-0\" ><div\n\t\t\t\n\t\t\tclass=\"so-widget-sow-image so-widget-sow-image-default-113ccd71f3e6-292\"\n\t\t\t\n\t\t>\n\n<div class=\"sow-image-container\">\n\t\t\t<a href=\"https:\/\/www.itapn.it\/\"\n\t\t\ttarget=\"_blank\" rel=\"noopener noreferrer\" \t\t>\n\t\t\t<img loading=\"lazy\" decoding=\"async\" src=\"https:\/\/diocesi.concordia-pordenone.it\/biblioteca\/wp-content\/uploads\/sites\/13\/2023\/12\/StudioTeologico.gif\" width=\"350\" height=\"350\" sizes=\"auto, (max-width: 350px) 100vw, 350px\" alt=\"\" \t\tclass=\"so-widget-image\"\/>\n\t<\/a><\/div>\n\n<\/div><\/div><\/div><\/div><\/div><\/div><div id=\"pg-7-1\"  class=\"panel-grid panel-has-style\" ><div class=\"row grid-x panel-row-style panel-row-style-for-7-1\" ><div id=\"pgc-7-1-0\"  class=\"panel-grid-cell panel-grid-cell-empty cell columns small-12 medium-1\" ><\/div><div id=\"pgc-7-1-1\"  class=\"panel-grid-cell panel-grid-cell-mobile-last cell columns small-12 medium-11\" ><div id=\"panel-7-1-1-0\" class=\"so-panel widget widget_sow-editor panel-first-child panel-last-child\" data-index=\"2\" ><div style=\";background-repeat:repeat;\" class=\"panel-widget-style panel-widget-style-for-7-1-1-0\" ><div\n\t\t\t\n\t\t\tclass=\"so-widget-sow-editor so-widget-sow-editor-base\"\n\t\t\t\n\t\t>\n<div class=\"siteorigin-widget-tinymce textwidget\">\n\t<p><strong>Sono attivi tutti i servizi<br \/>\n<\/strong>Il prestito interbibliotecario \u00e8 attivo e la blbioteca \u00e8 liberamente accessibile a tutti.<\/p>\n<p><span style=\"color: #000000;\">La Biblioteca \u00e8 aperta regolarmente con orario continuato nei giorni di marted\u00ec, mercoled\u00ec e gioved\u00ec dalle 8:30 alle 18:30;<\/span><\/p>\n<p><span style=\"color: #000000;\"><strong>La biblioteca \u00e8 riconosciuta di interesse regionale (L.R. 23\/2015, art. 30)<\/strong><br \/>\n<\/span><span style=\"color: #000000;\"><br \/>\n- telefono 0434.508655<br \/>\n<\/span><span style=\"color: #000000;\">- email: <a style=\"color: #000000;\" href=\"mailto:biblioteca@diocesiconcordiapordenone.it\"><span style=\"color: #00ccff;\">biblioteca@diocesiconcordiapordenone.it<\/span><\/a><\/span><span style=\"color: #000000;\"><br \/>\n<\/span><span style=\"color: #000000;\">- la pagina fb <a style=\"color: #000000;\" href=\"https:\/\/www.facebook.com\/bibliosempn\"><span style=\"color: #00ccff;\">https:\/\/www.facebook.com\/bibliosempn<\/span><\/a><br \/>\n<\/span><span style=\"color: #000000;\">- la propria pagina personale nell\u2019opac <a style=\"color: #000000;\" href=\"http:\/\/www.biblioest.it\"><span style=\"color: #00ccff;\">www.biblioest.it<\/span><\/a><\/span><\/p>\n<\/div>\n<\/div><\/div><\/div><\/div><div id=\"pgc-7-1-2\"  class=\"panel-grid-cell panel-grid-cell-empty cell columns small-12 medium-0\" ><\/div><\/div><\/div><div id=\"pg-7-2\"  class=\"panel-grid panel-has-style\" ><div class=\"row grid-x ottopermille panel-row-style panel-row-style-for-7-2\" ><div id=\"pgc-7-2-0\"  class=\"panel-grid-cell panel-grid-cell-mobile-last cell columns small-12 medium-8\" ><div class=\"left panel-cell-style panel-cell-style-for-7-2-0\" ><div id=\"panel-7-2-0-0\" class=\"so-panel widget widget_text panel-first-child\" data-index=\"3\" ><div style=\";background-repeat:repeat;\" class=\"panel-widget-style panel-widget-style-for-7-2-0-0\" >\t\t\t<div class=\"textwidget\"><h3><strong>8xmille alla Chiesa Cattolica<\/strong><\/h3>\n<p><strong>Le nostre attivit\u00e0 sono sostenute anche dal tuo contributo. Grazie!<\/strong><\/p>\n<\/div>\n\t\t<\/div><\/div><div id=\"panel-7-2-0-1\" class=\"so-panel widget widget_siteorigin-panels-builder panel-last-child\" data-index=\"4\" ><div style=\";background-repeat:repeat;\" class=\"panel-widget-style panel-widget-style-for-7-2-0-1\" ><div id=\"pl-w66828e5767737\"  class=\"panel-layout\" ><div id=\"pg-w66828e5767737-0\"  class=\"panel-grid panel-has-style\" ><div class=\"row grid-x panel-row-style panel-row-style-for-w66828e5767737-0\" ><div id=\"pgc-w66828e5767737-0-0\"  class=\"panel-grid-cell cell columns small-12 medium-6\" ><div id=\"panel-w66828e5767737-0-0-0\" class=\"so-panel widget widget_sow-button panel-first-child panel-last-child\" data-index=\"0\" ><div style=\";background-repeat:repeat;\" class=\"panel-widget-style panel-widget-style-for-w66828e5767737-0-0-0\" ><div\n\t\t\t\n\t\t\tclass=\"so-widget-sow-button so-widget-sow-button-flat-8019d55b3ca2\"\n\t\t\t\n\t\t><div class=\"ow-button-base ow-button-align-center\">\n\t<a\n\thref=\"https:\/\/diocesi.concordia-pordenone.it\/8x1000-diocesi-concordia-pordenone\/\"\n\t\tclass=\"ow-icon-placement-left ow-button-hover\" target=\"_blank\" rel=\"noopener noreferrer\" \t>\n\t\t<span>\n\t\t\t<span class=\"sow-icon-fontawesome sow-far\" data-sow-icon=\"&#xf15c;\"\n\t\tstyle=\"color: #000000\" \n\t\taria-hidden=\"true\"><\/span>\n\t\t\tVai ai rendiconti\t\t<\/span>\n\t<\/a>\n<\/div>\n<\/div><\/div><\/div><\/div><div id=\"pgc-w66828e5767737-0-1\"  class=\"panel-grid-cell cell columns small-12 medium-6\" ><div id=\"panel-w66828e5767737-0-1-0\" class=\"so-panel widget widget_sow-button panel-first-child panel-last-child\" data-index=\"1\" ><div style=\";background-repeat:repeat;\" class=\"panel-widget-style panel-widget-style-for-w66828e5767737-0-1-0\" ><div\n\t\t\t\n\t\t\tclass=\"so-widget-sow-button so-widget-sow-button-flat-8019d55b3ca2\"\n\t\t\t\n\t\t><div class=\"ow-button-base ow-button-align-center\">\n\t<a\n\thref=\"https:\/\/www.8xmille.it\/\"\n\t\tclass=\"ow-icon-placement-left ow-button-hover\" target=\"_blank\" rel=\"noopener noreferrer\" \t>\n\t\t<span>\n\t\t\t<span class=\"sow-icon-fontawesome sow-far\" data-sow-icon=\"&#xf25a;\"\n\t\tstyle=\"color: #000000\" \n\t\taria-hidden=\"true\"><\/span>\n\t\t\tSito 8xmille\t\t<\/span>\n\t<\/a>\n<\/div>\n<\/div><\/div><\/div><\/div><\/div><\/div><\/div><\/div><\/div><\/div><\/div><div id=\"pgc-7-2-1\"  class=\"panel-grid-cell panel-grid-cell-empty cell columns small-12 medium-4\" ><div class=\"right panel-cell-style panel-cell-style-for-7-2-1\" ><\/div><\/div><\/div><\/div><div id=\"pg-7-3\"  class=\"panel-grid panel-has-style\" ><div class=\"row grid-x panel-row-style panel-row-style-for-7-3\" ><div id=\"pgc-7-3-0\"  class=\"panel-grid-cell cell columns small-12 medium-12\" ><div id=\"panel-7-3-0-0\" class=\"so-panel widget widget_seed-so-widget-all-in-one-lite panel-first-child panel-last-child\" data-index=\"5\" ><div style=\";background-repeat:repeat;\" id=\"inprimopiano_hp\" class=\"panel-widget-style panel-widget-style-for-7-3-0-0\" ><div\n\t\t\t\n\t\t\tclass=\"so-widget-seed-so-widget-all-in-one-lite so-widget-seed-so-widget-all-in-one-lite-default-d75171398898-292\"\n\t\t\t\n\t\t><div class=\"loop\">                             <div class=\"single_pp\" style=\"background:url(https:\/\/diocesi.concordia-pordenone.it\/biblioteca\/wp-content\/uploads\/sites\/13\/2025\/09\/screenshot-1024x768.jpg) no-repeat\">\n<div class=\"data medium-4\">14 Settembre 2025<\/div>\n<div class=\"contet_pp2\">\n<h2><a href=\"https:\/\/diocesi.concordia-pordenone.it\/biblioteca\/nasce-la-residenza-san-martino-un-progetto-di-accoglienza\/\">Nasce la Residenza San Martino: un progetto di accoglienza<\/a><\/h2>\n<\/div>\n<\/div>\n                           <div class=\"archivionews\"><a href=\"\/biblioteca\/category\/news\/\"> Tutte le notizie<\/a><\/div>\n<\/div>\n<\/div><\/div><\/div><\/div><\/div><\/div><div id=\"pg-7-4\"  class=\"panel-grid panel-has-style\" ><div class=\"row grid-x panel-row-style panel-row-style-for-7-4\" ><div id=\"pgc-7-4-0\"  class=\"panel-grid-cell cell columns small-12 medium-4\" ><div id=\"panel-7-4-0-0\" class=\"widget_text so-panel widget widget_custom_html panel-first-child panel-last-child\" data-index=\"6\" ><div style=\";background-repeat:repeat;\" class=\"widget_text panel-widget-style panel-widget-style-for-7-4-0-0\" ><div class=\"textwidget custom-html-widget\"><div id=\"fb-root\"><\/div>\n<script async defer crossorigin=\"anonymous\" src=\"https:\/\/connect.facebook.net\/it_IT\/sdk.js#xfbml=1&version=v11.0&appId=788819455159174&autoLogAppEvents=1\" nonce=\"zU4K5J3m\"><\/script>\n<div class=\"fb-page\" data-href=\"https:\/\/www.facebook.com\/bibliosempn\" data-tabs=\"timeline\" data-width=\"380px\" data-height=\"\" data-small-header=\"false\" data-adapt-container-width=\"true\" data-hide-cover=\"false\" data-show-facepile=\"true\"><blockquote cite=\"https:\/\/www.facebook.com\/bibliosempn\" class=\"fb-xfbml-parse-ignore\"><a href=\"https:\/\/www.facebook.com\/bibliosempn\">Biblioteca del Seminario Diocesano di Pordenone<\/a><\/blockquote><\/div><\/div><\/div><\/div><\/div><div id=\"pgc-7-4-1\"  class=\"panel-grid-cell panel-grid-cell-mobile-last cell columns small-12 medium-4\" ><div id=\"panel-7-4-1-0\" class=\"so-panel widget widget_sow-image panel-first-child panel-last-child\" data-index=\"7\" ><div style=\";background-repeat:repeat;\" class=\"panel-widget-style panel-widget-style-for-7-4-1-0\" ><div\n\t\t\t\n\t\t\tclass=\"so-widget-sow-image so-widget-sow-image-default-a258e6bfa2d8-304\"\n\t\t\t\n\t\t>\n\n<div class=\"sow-image-container\">\n\t\t\t<a href=\"https:\/\/diocesi.concordia-pordenone.it\/\"\n\t\t\t\t\t>\n\t\t\t<img loading=\"lazy\" decoding=\"async\" src=\"https:\/\/diocesi.concordia-pordenone.it\/biblioteca\/wp-content\/uploads\/sites\/13\/2021\/11\/Diocesi-di-concordia-Pordenone.jpg\" width=\"445\" height=\"150\" srcset=\"https:\/\/diocesi.concordia-pordenone.it\/biblioteca\/wp-content\/uploads\/sites\/13\/2021\/11\/Diocesi-di-concordia-Pordenone.jpg 445w, https:\/\/diocesi.concordia-pordenone.it\/biblioteca\/wp-content\/uploads\/sites\/13\/2021\/11\/Diocesi-di-concordia-Pordenone-300x101.jpg 300w\" sizes=\"auto, (max-width: 445px) 100vw, 445px\" title=\"Diocesi di concordia Pordenone\" alt=\"Diocesi di concordia Pordenone\" \t\tclass=\"so-widget-image\"\/>\n\t<\/a><\/div>\n\n<\/div><\/div><\/div><\/div><div id=\"pgc-7-4-2\"  class=\"panel-grid-cell panel-grid-cell-empty cell columns small-12 medium-4\" ><\/div><\/div><\/div><div id=\"pg-7-5\"  class=\"panel-grid panel-has-style\" ><div class=\"row grid-x panel-row-style panel-row-style-for-7-5\" ><div id=\"pgc-7-5-0\"  class=\"panel-grid-cell cell columns small-12 medium-12\" ><div id=\"panel-7-5-0-0\" class=\"so-panel widget widget_nav_menu panel-first-child panel-last-child\" data-index=\"8\" ><div style=\";background-repeat:repeat;\" id=\"menu_bottom\" class=\"panel-widget-style panel-widget-style-for-7-5-0-0\" ><div class=\"menu-menu-principale-container\"><ul id=\"menu-menu-principale\" class=\"menu\"><li id=\"menu-item-16\" class=\"menu-item menu-item-type-post_type menu-item-object-page menu-item-home menu-item-16\"><a href=\"https:\/\/diocesi.concordia-pordenone.it\/biblioteca\/\">Home<\/a><\/li>\n<li id=\"menu-item-50\" class=\"menu-item menu-item-type-post_type menu-item-object-page menu-item-50\"><a href=\"https:\/\/diocesi.concordia-pordenone.it\/biblioteca\/la-biblioteca\/\">La Biblioteca<\/a><\/li>\n<li id=\"menu-item-209\" class=\"menu-item menu-item-type-post_type menu-item-object-page menu-item-209\"><a href=\"https:\/\/diocesi.concordia-pordenone.it\/biblioteca\/corsi-e-conferenze\/\">Commissione 2023-2028<\/a><\/li>\n<li id=\"menu-item-46\" class=\"menu-item menu-item-type-post_type menu-item-object-page menu-item-46\"><a href=\"https:\/\/diocesi.concordia-pordenone.it\/biblioteca\/carta-servizi\/\">Carta Servizi<\/a><\/li>\n<li id=\"menu-item-49\" class=\"menu-item menu-item-type-custom menu-item-object-custom menu-item-49\"><a target=\"_blank\" href=\"https:\/\/www.biblioest.it\/SebinaOpac\/page\/advanced\">Ricerca Testi<\/a><\/li>\n<li id=\"menu-item-36\" class=\"menu-item menu-item-type-post_type menu-item-object-page menu-item-36\"><a href=\"https:\/\/diocesi.concordia-pordenone.it\/biblioteca\/contatti\/\">Contatti<\/a><\/li>\n<\/ul><\/div><\/div><\/div><\/div><\/div><\/div><\/div>","protected":false},"excerpt":{"rendered":"<p>Sono attivi tutti i servizi Il prestito interbibliotecario \u00e8 attivo e la blbioteca \u00e8 liberamente accessibile a tutti. La Biblioteca \u00e8 aperta regolarmente con orario continuato nei giorni di marted\u00ec, mercoled\u00ec e gioved\u00ec dalle 8:30 alle 18:30; La biblioteca \u00e8 riconosciuta di interesse regionale (L.R. 23\/2015, art. 30) &#8211; telefono 0434.508655 &#8211; email: biblioteca@diocesiconcordiapordenone.it &#8211; la pagina fb https:\/\/www.facebook.com\/bibliosempn &#8211; la propria pagina personale nell\u2019opac &hellip; <a href=\"https:\/\/diocesi.concordia-pordenone.it\/biblioteca\/nasce-la-residenza-san-martino-un-progetto-di-accoglienza\/\" class=\"more-link\">Continue reading <span class=\"screen-reader-text\"><\/span> <span class=\"meta-nav\">&raquo;<\/span><\/a><\/p>\n","protected":false},"author":0,"featured_media":0,"parent":0,"menu_order":0,"comment_status":"closed","ping_status":"closed","template":"","meta":{"_acf_changed":false,"footnotes":""},"class_list":["post-7","page","type-page","status-publish","hentry"],"acf":[],"_links":{"self":[{"href":"https:\/\/diocesi.concordia-pordenone.it\/biblioteca\/wp-json\/wp\/v2\/pages\/7","targetHints":{"allow":["GET"]}}],"collection":[{"href":"https:\/\/diocesi.concordia-pordenone.it\/biblioteca\/wp-json\/wp\/v2\/pages"}],"about":[{"href":"https:\/\/diocesi.concordia-pordenone.it\/biblioteca\/wp-json\/wp\/v2\/types\/page"}],"author":[{"embeddable":true,"href":"https:\/\/diocesi.concordia-pordenone.it\/biblioteca\/wp-json\/wp\/v2\/users\/1"}],"replies":[{"embeddable":true,"href":"https:\/\/diocesi.concordia-pordenone.it\/biblioteca\/wp-json\/wp\/v2\/comments?post=7"}],"version-history":[{"count":32,"href":"https:\/\/diocesi.concordia-pordenone.it\/biblioteca\/wp-json\/wp\/v2\/pages\/7\/revisions"}],"predecessor-version":[{"id":302,"href":"https:\/\/diocesi.concordia-pordenone.it\/biblioteca\/wp-json\/wp\/v2\/pages\/7\/revisions\/302"}],"wp:attachment":[{"href":"https:\/\/diocesi.concordia-pordenone.it\/biblioteca\/wp-json\/wp\/v2\/media?parent=7"}],"curies":[{"name":"wp","href":"https:\/\/api.w.org\/{rel}","templated":true}]}}