{"id":1050,"date":"2010-06-07T15:32:54","date_gmt":"2010-06-07T13:32:54","guid":{"rendered":"https:\/\/diocesi.concordia-pordenone.it\/caritas\/?page_id=1050"},"modified":"2021-06-17T15:37:03","modified_gmt":"2021-06-17T13:37:03","slug":"caritas-parrocchiali","status":"publish","type":"page","link":"https:\/\/diocesi.concordia-pordenone.it\/caritas\/caritas-parrocchiali\/","title":{"rendered":"Caritas parrocchiali"},"content":{"rendered":"<div><strong>LA CARITAS IN PARROCCHIA&#8230;<\/strong><\/div>\n<ul>\n<li>per aiutare la parrocchia a vivere comunitariamente il servizio di Dio all&#8217;uomo;<\/li>\n<li>per solllecitare ed educare l&#8217;intera comunit\u00e0 ad un approccio concreto, intelligente ed evangelico alla realt\u00e0 sociale;<\/li>\n<li>per stimolare e sostenere risposte adeguate, lasciandosi guidare dalla carit\u00e0 accolta nella Parola;<\/li>\n<li>per aiutare a far diventare problema di tutti la sofferenza di ogni fratello e i diversi volti della povert\u00e0;<\/li>\n<li>per promuovere e proporre occasioni di impegno e\u00a0di formazione continua.<\/li>\n<\/ul>\n<div><\/div>\n<div>Le Caritas parrocchiali hanno il compito di promuovere la solidariet\u00e0 sul loro territorio, facendo da sentinelle per intercettare le situazioni di bisogno, per renderle note alla comunit\u00e0, in modo che questa sia sollecitata non solo a conoscere tali realt\u00e0, ma anche ad agire di conseguenza.<\/div>\n<div><\/div>\n<div>L\u2019attenzione alla solidariet\u00e0 viene espressa anche attraverso iniziative culturali, incontri, mostre, feste in cui si coinvolgono gli stranieri che vivono nella parrocchia, ma anche visitando gli anziani, organizzando il doposcuola per i bambini. Ogni Caritas parrocchiale ha le sue modalit\u00e0 d\u2019azione: alcune sono partite come semplici centri di distribuzione di aiuti concreti, dando borse della spesa, pagando le bollette, distribuendo abiti usati, tanto per fare alcuni esempi. Altre hanno sentito la\u00a0necessit\u00e0 di approfondire il rapporto con le persone che avevano bisogno d\u2019aiuto, intraprendendo veri e propri cammini di ascolto. E ci\u00f2 ha dato una migliore qualit\u00e0 ai rapporti con le persone e le famiglie in difficolt\u00e0, creando un vero percorso di accoglienza che, col tempo, si \u00e8 dimostrato utile a migliorare la vita delle persone.<\/div>\n<div><\/div>\n<div>L&#8217;attenzione all\u2019ascolto e all\u2019accoglienza \u00e8 una delle novit\u00e0 degli ultimi anni: in questo modo le Caritas parrocchiali hanno raffinato la loro azione sul territorio creando, a livello di singole parrocchie e foranie, moltissimi punti di riferimento sia nella citt\u00e0 di Pordenone come nel territorio diocesano pi\u00f9 ampio. Tutti questi centri di solidariet\u00e0 diffusa agiscono in modo complementare con il Centro d\u2019Ascolto diocesano, con il quale collaborano in modo sistematico, per dare una risposta sempre pi\u00f9 puntuale alle situazioni di difficolt\u00e0.<\/div>\n<div><\/div>\n<div><\/div>\n<div><\/div>\n<div>\n<div>\n<div><strong>PROMUOVERE UN CAMBIAMENTO DI MENTALIT\u00c0<\/strong><strong>\u00a0E DI PRASSI, PASSANDO:<\/strong><\/div>\n<div><\/div>\n<ul type=\"disc\">\n<li>dall\u2019elemosina\u00a0<em>all\u2019accoglienza<\/em><\/li>\n<li>dalla delega\u00a0<em>alla partecipazione<\/em><\/li>\n<li>dall\u2019impegno di pochi\u00a0<em>al coinvolgimento di tutti<\/em><\/li>\n<li>dalla semplice conoscenza dei bisogni\u00a0<em>al farsene carico<\/em><\/li>\n<li>dalle risposte emotive ed occasionali\u00a0<em>all\u2019intervento organico e continuativo<\/em><\/li>\n<\/ul>\n<\/div>\n<\/div>\n<div><\/div>\n<div><\/div>\n<div>Guardate il video sulle Caritas parrocchiali girato, dalla nostra operatrice Elena Mariuz, in occasione della chiusura dell&#8217;attivit\u00e0 pastorale.<\/div>\n<div><\/div>\n<p>https:\/\/youtu.be\/PR2XapkWTzY<\/p>\n<p><a href=\"https:\/\/diocesi.concordia-pordenone.it\/caritas\/wp-content\/uploads\/sites\/3\/2021\/06\/approfondimento-caritas-parrocchiale.pdf\">approfondimento caritas parrocchiale<\/a><\/p>\n<hr class=\"wpba_attachment_hr\"><div id='wpba_attachment_list' class='wpba wpba-wrap'>\n<ul class='wpba-attachment-list unstyled'><li id='wpba_attachment_list_1052' class='wpba-list-item pull-left'><img src='https:\/\/diocesi.concordia-pordenone.it\/caritas\/wp-content\/themes\/wp-starter-so\/icons\/document.png' width='16' height='20' class='wpba-icon pull-left'><a href='https:\/\/diocesi.concordia-pordenone.it\/caritas\/wp-content\/uploads\/sites\/3\/2021\/06\/approfondimento-caritas-parrocchiale.pdf' title='approfondimento caritas parrocchiale' class='wpba-link pull-left' target=\"_blank\">approfondimento caritas parrocchiale<\/a><\/li>\n<\/ul><\/div>\n","protected":false},"excerpt":{"rendered":"<p>LA CARITAS IN PARROCCHIA&#8230; per aiutare la parrocchia a vivere comunitariamente il servizio di Dio all&#8217;uomo; per solllecitare ed educare l&#8217;intera comunit\u00e0 ad un approccio concreto, intelligente ed evangelico alla realt\u00e0 sociale; per stimolare e sostenere risposte adeguate, lasciandosi guidare dalla carit\u00e0 accolta nella Parola; per aiutare a far diventare problema di tutti la sofferenza di ogni fratello e i diversi volti della povert\u00e0; per &hellip; <a href=\"https:\/\/diocesi.concordia-pordenone.it\/caritas\/caritas-parrocchiali\/\" class=\"more-link\">Continue reading <span class=\"screen-reader-text\"><\/span> <span class=\"meta-nav\">&raquo;<\/span><\/a><\/p>\n","protected":false},"author":0,"featured_media":1060,"parent":0,"menu_order":0,"comment_status":"closed","ping_status":"closed","template":"","meta":{"_acf_changed":false,"footnotes":""},"class_list":["post-1050","page","type-page","status-publish","has-post-thumbnail","hentry"],"acf":{"seed-localization-paese-cod":"","seed-localization-address":"","seed-localization-citta":"","seed-localization-regione-cod-istat":"","seed-localization-citta-cod-istat":"","seed-localization-localita":"","seed-localization-cap":"","seed-localization-geo":{"lat":41.90552298770031,"lng":12.509441971778871,"zoom":10,"markers":[],"address":"","layers":["OpenStreetMap.Mapnik"]},"seed-localization-marker-visibility":false,"seed-localization-children-visibility":false,"seed-localization-kml":null,"seed-localization-custom-marker":null},"_links":{"self":[{"href":"https:\/\/diocesi.concordia-pordenone.it\/caritas\/wp-json\/wp\/v2\/pages\/1050","targetHints":{"allow":["GET"]}}],"collection":[{"href":"https:\/\/diocesi.concordia-pordenone.it\/caritas\/wp-json\/wp\/v2\/pages"}],"about":[{"href":"https:\/\/diocesi.concordia-pordenone.it\/caritas\/wp-json\/wp\/v2\/types\/page"}],"author":[{"embeddable":true,"href":"https:\/\/diocesi.concordia-pordenone.it\/caritas\/wp-json\/wp\/v2\/users\/1"}],"replies":[{"embeddable":true,"href":"https:\/\/diocesi.concordia-pordenone.it\/caritas\/wp-json\/wp\/v2\/comments?post=1050"}],"version-history":[{"count":2,"href":"https:\/\/diocesi.concordia-pordenone.it\/caritas\/wp-json\/wp\/v2\/pages\/1050\/revisions"}],"predecessor-version":[{"id":1053,"href":"https:\/\/diocesi.concordia-pordenone.it\/caritas\/wp-json\/wp\/v2\/pages\/1050\/revisions\/1053"}],"wp:featuredmedia":[{"embeddable":true,"href":"https:\/\/diocesi.concordia-pordenone.it\/caritas\/wp-json\/wp\/v2\/media\/1060"}],"wp:attachment":[{"href":"https:\/\/diocesi.concordia-pordenone.it\/caritas\/wp-json\/wp\/v2\/media?parent=1050"}],"curies":[{"name":"wp","href":"https:\/\/api.w.org\/{rel}","templated":true}]}}