{"id":1208,"date":"2010-06-07T16:26:22","date_gmt":"2010-06-07T14:26:22","guid":{"rendered":"https:\/\/diocesi.concordia-pordenone.it\/caritas\/?page_id=1208"},"modified":"2021-06-17T16:26:43","modified_gmt":"2021-06-17T14:26:43","slug":"volontariato","status":"publish","type":"page","link":"https:\/\/diocesi.concordia-pordenone.it\/caritas\/volontariato\/","title":{"rendered":"Volontariato"},"content":{"rendered":"<div>C&#8217;\u00e8 sempre spazio per nuovi volontari: per chi fosse interessato a prestare la propria opera in uno dei servizi Caritas, si consiglia di presentarsi nella sede\u00a0in via Madonna Pellegrina 11,\u00a0di telefonare allo 0434 546811 o di inviare una mail a\u00a0<a href=\"mailto:caritas@diocesiconcordiapordenone.it?subject=volontariato\">caritas@diocesiconcordiapordenone.it<\/a>, per fissare un appuntamento per il colloquio.<\/div>\n<div><\/div>\n<div><strong>Il volontario oggi<\/strong><\/div>\n<div>In una societ\u00e0 sempre pi\u00f9 complessa e competitiva il volontario \u00e8 colui che sceglie di andare contro corrente e di stare in prima linea contro il disagio sociale e le povert\u00e0. Il volontariato \u00e8 riconosciuto oggi come una delle realt\u00e0 pi\u00f9 stimolanti e significative della vita civile: lo suggerisce anche l\u2019articolo 2 della Costituzione, esprimendo il principio della solidariet\u00e0 collaborativa tra i cittadini, che ha come presupposto la rimozione degli ostacoli alla piena realizzazione umana e sociale di ogni singolo cittadino.<\/div>\n<div>Dopo il Concilio Vaticano II \u00e8 cambiato anche il ruolo dei cattolici nella societ\u00e0: si \u00e8 proposta una riflessione per superare le prospettive ristrette del volontariato come assistenzialismo, per mettere in primo piano l\u2019idea della promozione umana dei destinatari del servizio volontario.<\/div>\n<div>Impegno qualificato e qualificante, il volontariato si \u00e8 fatto strumento per rendere pi\u00f9 consapevoli sulle cause della povert\u00e0 e sui meccanismi dell\u2019emarginazione, riscoprendo\u00a0<b>l\u2019importanza dell\u2019impegno<\/b>\u00a0<b>del cittadino<\/b>\u00a0per favorire una trasformazione culturale e sociale necessaria per rimuoverne le cause.<\/div>\n<div>Cos\u00ec i volontari hanno raggiunto\u00a0<b>una maggiore consapevolezza del loro ruolo<\/b>, che si svolge all\u2019interno della societ\u00e0: essi si prendono in carico la promozione dell\u2019impegno civico nel territorio in cui vivono, influenzando e lavorando per trasformare le politiche sociali a livello locale e nazionale, perch\u00e9 il proprio impegno non \u00e8 isolato, ma a fianco delle istituzioni, per agire insieme in modo organizzato e comunitario, quindi non in modo episodico e individuale.<\/div>\n<div>Il volontariato italiano ha acquisito una identit\u00e0 nuova, che lo rende\u00a0<b>fermento sociale<\/b>, diffuso, teso a valorizzare le potenzialit\u00e0 di ogni persona, e per questo diventa motore di crescita umana e culturale nei contesti in cui opera. Il volontario si prende cura di chi si trova nel disagio in una prospettiva di autentica promozione e sviluppo umano e sociale: ci\u00f2 lo caratterizza rispetto ad altre forme di impegno sociale.<\/div>\n<div>La novit\u00e0 ulteriore del volontariato \u00e8 che porta\u00a0all\u2019interno della societ\u00e0 una\u00a0<b>proposta di gratuit\u00e0<\/b>, in un contesto che non sembra per nulla favorirla: e questa proposta ha un suo valore e peso culturale, che si riflette sulle politiche sociali e nello sviluppo sempre crescente del terzo settore.<\/div>\n<div>Importante \u00e8 anche il\u00a0<b>senso di responsabilit\u00e0<\/b>\u00a0che pervade il volontario, nei confronti della societ\u00e0 e delle persone pi\u00f9 svantaggiate che vi vivono, e questo \u00e8 sentito in modo particolare da chi vive il volontariato come conseguenza diretta di una testimonianza di fede che fa riferimento alla carit\u00e0 di cui ha dato esempio Ges\u00f9 Cristo.<\/div>\n","protected":false},"excerpt":{"rendered":"<p>C&#8217;\u00e8 sempre spazio per nuovi volontari: per chi fosse interessato a prestare la propria opera in uno dei servizi Caritas, si consiglia di presentarsi nella sede\u00a0in via Madonna Pellegrina 11,\u00a0di telefonare allo 0434 546811 o di inviare una mail a\u00a0caritas@diocesiconcordiapordenone.it, per fissare un appuntamento per il colloquio. Il volontario oggi In una societ\u00e0 sempre pi\u00f9 complessa e competitiva il volontario \u00e8 colui che sceglie di &hellip; <a href=\"https:\/\/diocesi.concordia-pordenone.it\/caritas\/volontariato\/\" class=\"more-link\">Continue reading <span class=\"screen-reader-text\"><\/span> <span class=\"meta-nav\">&raquo;<\/span><\/a><\/p>\n","protected":false},"author":0,"featured_media":0,"parent":0,"menu_order":0,"comment_status":"closed","ping_status":"closed","template":"","meta":{"_acf_changed":false,"footnotes":""},"class_list":["post-1208","page","type-page","status-publish","hentry"],"acf":{"seed-localization-paese-cod":"","seed-localization-address":"","seed-localization-citta":"","seed-localization-regione-cod-istat":"","seed-localization-citta-cod-istat":"","seed-localization-localita":"","seed-localization-cap":"","seed-localization-geo":{"lat":41.90552298770031,"lng":12.509441971778871,"zoom":10,"markers":[],"address":"","layers":["OpenStreetMap.Mapnik"]},"seed-localization-marker-visibility":false,"seed-localization-children-visibility":false,"seed-localization-kml":null,"seed-localization-custom-marker":null},"_links":{"self":[{"href":"https:\/\/diocesi.concordia-pordenone.it\/caritas\/wp-json\/wp\/v2\/pages\/1208","targetHints":{"allow":["GET"]}}],"collection":[{"href":"https:\/\/diocesi.concordia-pordenone.it\/caritas\/wp-json\/wp\/v2\/pages"}],"about":[{"href":"https:\/\/diocesi.concordia-pordenone.it\/caritas\/wp-json\/wp\/v2\/types\/page"}],"author":[{"embeddable":true,"href":"https:\/\/diocesi.concordia-pordenone.it\/caritas\/wp-json\/wp\/v2\/users\/1"}],"replies":[{"embeddable":true,"href":"https:\/\/diocesi.concordia-pordenone.it\/caritas\/wp-json\/wp\/v2\/comments?post=1208"}],"version-history":[{"count":1,"href":"https:\/\/diocesi.concordia-pordenone.it\/caritas\/wp-json\/wp\/v2\/pages\/1208\/revisions"}],"predecessor-version":[{"id":1209,"href":"https:\/\/diocesi.concordia-pordenone.it\/caritas\/wp-json\/wp\/v2\/pages\/1208\/revisions\/1209"}],"wp:attachment":[{"href":"https:\/\/diocesi.concordia-pordenone.it\/caritas\/wp-json\/wp\/v2\/media?parent=1208"}],"curies":[{"name":"wp","href":"https:\/\/api.w.org\/{rel}","templated":true}]}}