{"id":1218,"date":"2010-06-07T16:57:24","date_gmt":"2010-06-07T14:57:24","guid":{"rendered":"https:\/\/diocesi.concordia-pordenone.it\/caritas\/?page_id=1218"},"modified":"2021-10-22T11:16:31","modified_gmt":"2021-10-22T09:16:31","slug":"biblioteca","status":"publish","type":"page","link":"https:\/\/diocesi.concordia-pordenone.it\/caritas\/biblioteca\/","title":{"rendered":"Biblioteca"},"content":{"rendered":"<div style=\"text-align: center\"><strong>BIBLIOTECA TEMATICA<\/strong><\/div>\n<div>\n<p style=\"text-align: center\"><strong>\u201cPACE IMMIGRAZIONE POVERT\u00c0\u201d<\/strong><\/p>\n<p style=\"text-align: center\"><strong>UNA BIBLIOTECA PER UN\u2019INFORMAZIONE ALTERNATIVA<\/strong><\/p>\n<p><strong>COS\u2019\u00c8?<\/strong><\/p>\n<p>\u00c8 una biblioteca che raccoglie testi sui temi della pace, dell\u2019immigrazione e della povert\u00e0, i principali settori di intervento della Caritas.<\/p>\n<\/div>\n<div><\/div>\n<div><strong>OBIETTIVO<\/strong><\/div>\n<div>Tener fede alla\u00a0<em>mission\u00a0<\/em>della Caritas, la sua funzione prevalentemente pedagogica, ossia di animazione del territorio.<\/div>\n<div>La Caritas \u00e8 quotidianamente impegnata nel cercare di dare risposte concrete alle vecchie e nuove povert\u00e0 del nostro territorio, ma \u00e8 altrettanto impegnata sul versante educativo, proponendo eventi, organizzando momenti formativi, promuovendo un\u2019<strong>informazione corretta e completa<\/strong>. \u00c8 su questa linea che si pone la Biblioteca, nella convinzione che l\u2019agire si fonda sulla\u00a0<strong>conoscenza\u00a0<\/strong>e la\u00a0<strong>consapevolezza<\/strong>.<\/div>\n<div>\n<p>Come opere segno, i nostri interventi in favore dei poveri di casa nostra e del mondo intero hanno una duplice valenza: aiutare chi si trova nel bisogno e far prendere coscienza alle comunit\u00e0 cristiane e civili della propria responsabilit\u00e0 nei confronti dell\u2019altro, in modo che possano impegnarsi in prima persona in favore dei pi\u00f9 deboli. Anche la Biblioteca \u00e8 una tessera di questo mosaico: un invito ad andare oltre le pagine scritte e ad agire.<\/p>\n<p><strong>COSA OFFRE<\/strong><\/p>\n<p><strong>Libri<\/strong>: vasta gamma di testi specifici sugli argomenti della\u00a0<strong>pace<\/strong>, dell\u2019<strong>immigrazione<\/strong>\u00a0e della\u00a0<strong>povert\u00e0<\/strong>, con generi e tagli differenti: si va dai\u00a0<strong>saggi\u00a0<\/strong>e\u00a0<strong>rapporti\u00a0<\/strong>di impostazione tecnica, ricchi di argomentazioni e dati statistici, a testi di carattere pi\u00f9 divulgativo, ma non per questo meno approfonditi, a\u00a0<strong>romanzi\u00a0<\/strong>e\u00a0<strong>racconti\u00a0<\/strong>che ambientano le loro storie nei vari Paesi del mondo, consentendone una conoscenza pi\u00f9 intima. Qui si trovano alcuni libri di difficile reperibilit\u00e0 attraverso i canali consueti.<\/p>\n<p>Sono archiviati circa <strong>2.000 libri<\/strong>.<\/p>\n<\/div>\n<div>\n<p><strong>Riviste<\/strong>: numerose riviste, in consultazione, sulle medesime tematiche, tra cui <em>Africa<\/em>, <em>Altreconomia<\/em>, <em>Scarp de&#8217; tenis, <\/em><em>Vita<\/em>. Le riviste costituiscono un\u2019ottima fonte di informazione alternativa, poich\u00e9 sono costantemente aggiornate e riportano le notizie cercando si essere il pi\u00f9 aderenti possibile alla realt\u00e0.<\/p>\n<p><strong>ARCHIVIAZIONE E PRESTITO<\/strong><\/p>\n<\/div>\n<div>\n<p>I\u00a0testi sono archiviati in base alla\u00a0<strong>classificazione universale Dewey\u00a0<\/strong>e suddivisi secondo le tre tematiche principali, in modo da consentire una facile consultazione. \u00c8 attivo un servizio di\u00a0<strong>prestito<\/strong>, a cui si accede attraverso una\u00a0<strong>tessera gratuita<\/strong>. Le riviste e i rapporti non sono soggetti al prestito, ma sono consultabili nell\u2019orario di apertura.<\/p>\n<p><strong>ORARI DI APERTURA<\/strong>: su appuntamento, telefonando al numero 0434 546811<\/p>\n<p><strong>CONTATTI<\/strong><\/p>\n<\/div>\n<div>tel. 0434 546811<\/div>\n<div>e-mail\u00a0<a href=\"mailto:caritas.mondialita@diocesiconcordiapordenone.it\">caritas.mondialita@diocesiconcordiapordenone.it<\/a><\/div>\n<div><strong><br \/>\nRESPONSABILE<\/strong>: Lisa Cinto<strong style=\"font-size: inherit\"><\/p>\n<p>DATA DI APERTURA<\/strong><span style=\"font-size: inherit\">: 8 maggio 2004<\/span><\/div>\n<div><\/div>\n<div><\/div>\n<hr class=\"wpba_attachment_hr\">","protected":false},"excerpt":{"rendered":"<p>BIBLIOTECA TEMATICA \u201cPACE IMMIGRAZIONE POVERT\u00c0\u201d UNA BIBLIOTECA PER UN\u2019INFORMAZIONE ALTERNATIVA COS\u2019\u00c8? \u00c8 una biblioteca che raccoglie testi sui temi della pace, dell\u2019immigrazione e della povert\u00e0, i principali settori di intervento della Caritas. OBIETTIVO Tener fede alla\u00a0mission\u00a0della Caritas, la sua funzione prevalentemente pedagogica, ossia di animazione del territorio. La Caritas \u00e8 quotidianamente impegnata nel cercare di dare risposte concrete alle vecchie e nuove povert\u00e0 del nostro &hellip; <a href=\"https:\/\/diocesi.concordia-pordenone.it\/caritas\/biblioteca\/\" class=\"more-link\">Continue reading <span class=\"screen-reader-text\"><\/span> <span class=\"meta-nav\">&raquo;<\/span><\/a><\/p>\n","protected":false},"author":0,"featured_media":1219,"parent":0,"menu_order":0,"comment_status":"closed","ping_status":"closed","template":"","meta":{"_acf_changed":false,"footnotes":""},"class_list":["post-1218","page","type-page","status-publish","has-post-thumbnail","hentry"],"acf":{"seed-localization-paese-cod":"","seed-localization-address":"","seed-localization-citta":"","seed-localization-regione-cod-istat":"","seed-localization-citta-cod-istat":"","seed-localization-localita":"","seed-localization-cap":"","seed-localization-geo":{"lat":41.9053433,"lng":12.5099945,"zoom":10,"markers":[],"address":"","layers":["OpenStreetMap.Mapnik"],"version":"1.3.2"},"seed-localization-marker-visibility":false,"seed-localization-children-visibility":false,"seed-localization-kml":"","seed-localization-custom-marker":""},"_links":{"self":[{"href":"https:\/\/diocesi.concordia-pordenone.it\/caritas\/wp-json\/wp\/v2\/pages\/1218","targetHints":{"allow":["GET"]}}],"collection":[{"href":"https:\/\/diocesi.concordia-pordenone.it\/caritas\/wp-json\/wp\/v2\/pages"}],"about":[{"href":"https:\/\/diocesi.concordia-pordenone.it\/caritas\/wp-json\/wp\/v2\/types\/page"}],"author":[{"embeddable":true,"href":"https:\/\/diocesi.concordia-pordenone.it\/caritas\/wp-json\/wp\/v2\/users\/1"}],"replies":[{"embeddable":true,"href":"https:\/\/diocesi.concordia-pordenone.it\/caritas\/wp-json\/wp\/v2\/comments?post=1218"}],"version-history":[{"count":16,"href":"https:\/\/diocesi.concordia-pordenone.it\/caritas\/wp-json\/wp\/v2\/pages\/1218\/revisions"}],"predecessor-version":[{"id":1547,"href":"https:\/\/diocesi.concordia-pordenone.it\/caritas\/wp-json\/wp\/v2\/pages\/1218\/revisions\/1547"}],"wp:featuredmedia":[{"embeddable":true,"href":"https:\/\/diocesi.concordia-pordenone.it\/caritas\/wp-json\/wp\/v2\/media\/1219"}],"wp:attachment":[{"href":"https:\/\/diocesi.concordia-pordenone.it\/caritas\/wp-json\/wp\/v2\/media?parent=1218"}],"curies":[{"name":"wp","href":"https:\/\/api.w.org\/{rel}","templated":true}]}}