{"id":2026,"date":"2022-05-27T12:18:01","date_gmt":"2022-05-27T10:18:01","guid":{"rendered":"https:\/\/diocesi.concordia-pordenone.it\/caritas\/?page_id=2026"},"modified":"2024-01-16T11:42:53","modified_gmt":"2024-01-16T10:42:53","slug":"chi-siamo","status":"publish","type":"page","link":"https:\/\/diocesi.concordia-pordenone.it\/caritas\/chi-siamo\/","title":{"rendered":"Chi siamo"},"content":{"rendered":"<div id=\"pl-2026\"  class=\"panel-layout\" ><div id=\"pg-2026-0\"  class=\"panel-grid panel-has-style\" ><div class=\"row grid-x panel-row-style panel-row-style-for-2026-0\" ><div id=\"pgc-2026-0-0\"  class=\"panel-grid-cell cell columns small-12 medium-7\" ><div id=\"panel-2026-0-0-0\" class=\"so-panel widget widget_siteorigin-panels-post-content panel-first-child\" data-index=\"0\" ><div style=\";background-repeat:repeat;\" class=\"panel-widget-style panel-widget-style-for-2026-0-0-0\" ><h1 class=\"entry-title\">Chi siamo<\/h1><\/div><\/div><div id=\"panel-2026-0-0-1\" class=\"so-panel widget widget_sow-editor\" data-index=\"1\" ><div style=\";background-repeat:repeat;\" class=\"panel-widget-style panel-widget-style-for-2026-0-0-1\" ><div\n\t\t\t\n\t\t\tclass=\"so-widget-sow-editor so-widget-sow-editor-base\"\n\t\t\t\n\t\t>\n<div class=\"siteorigin-widget-tinymce textwidget\">\n\t<div><strong>CHE COS'\u00c8 LA CARITAS?<\/strong><\/div>\n<div>La Caritas \u00e8 un organismo pastorale voluto dalla Chiesa, finalizzato a promuovere la testimonianza della carit\u00e0 all'interno della comunit\u00e0 cristiana e nella societ\u00e0 civile.<\/div>\n<div>\u00a0<\/div>\n<div><strong>QUAL \u00c8 LO SCOPO DELLA CARITAS?<\/strong><\/div>\n<div>La Caritas diocesana ha lo scopo di favorire il cambiamento del modo di pensare e di vivere, in primis della comunit\u00e0 cristiana, passando:<\/div>\n<div>\u00a0<\/div>\n<div>- da una solidariet\u00e0 vissuta singolarmente ad una testimonianza comunitaria della carit\u00e0<\/div>\n<div>- da una solidariet\u00e0 episodica ad uno stile di carit\u00e0 capace di ascoltare e accogliere ogni giorno il grido dei poveri<\/div>\n<div>- da una solidariet\u00e0 pronto soccorso, che cura le ferite della societ\u00e0, ad una carit\u00e0 che sa anche riconoscere e sradicare le radici della povert\u00e0 e dell'ingiustizia<\/div>\n<div>\u00a0<\/div>\n<div>La Caritas si propone di:<\/div>\n<div><span style=\"font-size: small\">-\u00a0<\/span><strong>animare\u00a0<\/strong>le comunit\u00e0 al senso della carit\u00e0 e della giustizia<\/div>\n<div><span style=\"font-size: small\">-\u00a0<\/span><strong>educare\u00a0<\/strong>allo spirito e all'esperienza della testimonianza comunitaria della carit\u00e0<\/div>\n<div><span style=\"font-size: small\">-\u00a0<\/span><strong>coordinare\u00a0<\/strong>gruppi ed iniziative per un pi\u00f9 efficace servizio alla comunit\u00e0<\/div>\n<div>\u00a0<\/div>\n<div>Sotto questo aspetto la Caritas diocesana, in collegamento organico con le Caritas parrocchiali, individua l'indirizzo e il cammino, sostiene nella formazione e nella progettazione, cerca di unificare e far convergere tutte le espressioni della carit\u00e0 presenti nella diocesi, evitando, con tutte le forze e nel limite del possibile, di divenire essa stessa un gruppo operativo.<\/div>\n<div>\u00a0<\/div>\n<div><strong>A CHI SI RIVOLGE?<\/strong><\/div>\n<div>- Innanzitutto alla comunit\u00e0 cristiana, ma anche a quella civile, per far conoscere le situazioni di povert\u00e0 e stimolare la solidariet\u00e0 e la condivisione di tutti, sia a livello locale che nazionale e internazionale.<\/div>\n<div>- Alle comunit\u00e0 colpite da eventi di emergenza, attraverso la partecipazione agli interventi d\u2019urgenza, portando la presenza amica della diocesi dove c\u2019\u00e8 bisogno.<\/div>\n<div>- A tutte le persone e le famiglie in difficolt\u00e0, attraverso i Centri d\u2019Ascolto diffusi sul territorio, le Caritas parrocchiali, l\u2019Associazione Nuovi Vicini Onlus, la cooperativa sociale Abitamondo, nonch\u00e9 attraverso tutti i progetti finalizzati a superare la povert\u00e0.<\/div>\n<div>- Ai giovani, proponendo occasioni di riflessione e crescita anche attraverso l\u2019esperienza del servizio civile nei progetti a servizio delle persone in difficolt\u00e0.<\/div>\n<div>\u00a0<\/div>\n<div><strong>LO STILE DELLA CARITAS<\/strong><\/div>\n<div><span style=\"font-size: small\">-\u00a0<\/span><strong>ascoltare\u00a0<\/strong>le persone in difficolt\u00e0 per individuare i bisogni emergenti<\/div>\n<div><span style=\"font-size: small\">-\u00a0<\/span><strong>osservare\u00a0<\/strong>quanto accade nella societ\u00e0, per cogliere sempre nuove situazioni di bisogno, valorizzando le risorse espresse dal territorio e favorendo la collaborazione in rete con i servizi delle istituzioni locali<\/div>\n<div><span style=\"font-size: small\">-\u00a0<\/span><strong>discernere<\/strong>, cercando di ispirarsi al vangelo della carit\u00e0, per essere in grado di scegliere la soluzione pi\u00f9 efficace per venire incontro alle situazioni di bisogno<\/div>\n<div>\u00a0<\/div>\n<div><strong>QUANDO \u00c8\u00a0NATA LA CARITAS?<\/strong><\/div>\n<div>La Caritas Italiana \u00e8 nata nel 1971, poco dopo il Concilio Vaticano II, per volont\u00e0 di papa Paolo VI. I vescovi italiani decisero di sostituire la Pontificia Opera di Assistenza con il nuovo strumento Caritas: si \u00e8 passati cos\u00ec da un\u2019opera soprattutto assistenziale ad un organismo ecclesiale con natura pedagogica, promozionale, facendo diventare la comunit\u00e0 cristiana il primo soggetto testimone di carit\u00e0.<\/div>\n<div>\u00a0<\/div>\n<div><strong>LA CARITAS\u00a0\u00c8 DIVERSA DA ALTRE ORGANIZZAZIONI SOCIALI<\/strong><\/div>\n<div>La Caritas \u00e8 un organismo ecclesiale che sensibilizza ed educa la comunit\u00e0 all\u2019attenzione ai pi\u00f9 deboli e ai poveri, a livello locale e internazionale. La Caritas non \u00e8 un organismo caritativo spontaneo e assistenziale. Non \u00e8 un movimento con finalit\u00e0 filantropiche, n\u00e9 una ong.<\/div>\n<div>\u00a0<\/div>\n<div><strong>QUANTE SONO LE CARITAS NEL MONDO?<\/strong><\/div>\n<div>La Caritas \u00e8 presente in 155 paesi nel mondo: non esiste un organismo non statale che abbia una pari ramificazione e potenzialit\u00e0, come si pu\u00f2 verificare durante gli interventi d\u2019urgenza operativi in occasione di calamit\u00e0 naturali.<\/div>\n<\/div>\n<\/div><\/div><\/div><\/div><div id=\"pgc-2026-0-1\"  class=\"panel-grid-cell panel-grid-cell-empty cell columns small-12 medium-1\" ><\/div><div id=\"pgc-2026-0-2\"  class=\"panel-grid-cell cell columns small-12 medium-4\" ><div id=\"panel-2026-0-2-0\" class=\"so-panel widget widget_sow-editor panel-first-child\" data-index=\"3\" ><div style=\";background-repeat:repeat;\" class=\"panel-widget-style panel-widget-style-for-2026-0-2-0\" ><div\n\t\t\t\n\t\t\tclass=\"so-widget-sow-editor so-widget-sow-editor-base\"\n\t\t\t\n\t\t>\n<div class=\"siteorigin-widget-tinymce textwidget\">\n\t<h4><strong>CONTATTI<\/strong><\/h4>\n<div><strong>Centralino<\/strong>:<br \/>\ntel. 0434 546811\/800<\/div>\n<div>\n<p>da luned\u00ec a venerd\u00ec 9.00-13.00 \/ 14.00-18.00<\/p>\n<p><strong>Segreteria<\/strong>:<br \/>\nreferente Angela Urban, tel. 0434 546858<br \/>\nmail <a style=\"background-color: #ffffff\" href=\"mailto:caritas@diocesiconcordiapordenone.it\">caritas@diocesiconcordiapordenone.it<\/a><br \/>\nluned\u00ec, mercoled\u00ec e venerd\u00ec 9.00-12.00<br \/>\n<span style=\"font-size: inherit\">marted\u00ec e gioved\u00ec 9.00-12.00 \/ 15.00-17.00<\/span><\/p>\n<\/div>\n<div>\n<p><strong>Direzione Casa Madonna Pellegrina<\/strong>:<br \/>\nreferente Mara Tajariol, tel. 0434 546857<br \/>\nmail <a style=\"background-color: #ffffff\" href=\"mailto:direzione.casamape@diocesiconcordiapordenone.it\">direzione.casamape@diocesiconcordiapordenone.it<\/a><br \/>\nluned\u00ec e gioved\u00ec 9.00-12.00 \/ 14.00-17.00<br \/>\n<span style=\"font-size: inherit\">marted\u00ec, mercoled\u00ec e venerd\u00ec 9.00-12.00<\/span><\/p>\n<p><strong style=\"font-size: inherit\">Emergenze e sostegni a distanza<\/strong><span style=\"font-size: inherit\">:<br \/>\nreferente Lisa Cinto, tel. 0434 546875<br \/>\n<\/span>mail <a style=\"background-color: #ffffff\" href=\"mailto:caritas.mondialita@diocesiconcordiapordenone.it\">caritas.mondialita@diocesiconcordiapordenone.it<\/a><br \/>\nluned\u00ec, mercoled\u00ec e gioved\u00ec 9.00-12.00 \/ 14.00-17.00<br \/>\n<span style=\"font-size: inherit\">marted\u00ec e venerd\u00ec 9.00-12.00<\/span><\/p>\n<p><strong style=\"font-size: inherit\">Centro d\u2019Ascolto<\/strong><span style=\"font-size: inherit\">:<br \/>\nreferente Adriana Segato, tel. 0434 546811<br \/>\n<\/span>mail <a style=\"background-color: #ffffff\" href=\"mailto:centrodiascolto@diocesiconcordiapordenone.it\">centrodiascolto@diocesiconcordiapordenone.it<\/a><br \/>\nluned\u00ec, mercoled\u00ec e venerd\u00ec 9.00-11.30<br \/>\nmarted\u00ec 15.00-18.00<\/p>\n<p><strong style=\"font-size: inherit\">Cooperativa Nuovi Vicini<\/strong><span style=\"font-size: inherit\">:<br \/>\nreferente Segreteria:<br \/>\nLaura Blarasin, tel. 0434 546872, fax 0434 546873<br \/>\n<\/span>mail <a style=\"background-color: #ffffff\" href=\"mailto:segreteria@nuovivicini.it\">segreteria@nuovivicini.it<\/a><br \/>\nda luned\u00ec a venerd\u00ec 8.30-14.30<\/p>\n<\/div>\n<div><\/div>\n<div><\/div>\n<\/div>\n<\/div><\/div><\/div><div id=\"panel-2026-0-2-1\" class=\"so-panel widget widget_sow-editor panel-last-child\" data-index=\"4\" ><div style=\";background-repeat:repeat;\" class=\"panel-widget-style panel-widget-style-for-2026-0-2-1\" ><div\n\t\t\t\n\t\t\tclass=\"so-widget-sow-editor so-widget-sow-editor-base\"\n\t\t\t\n\t\t>\n<div class=\"siteorigin-widget-tinymce textwidget\">\n\t<div>\n<p>&nbsp;<\/p>\n<h4><strong>ORGANIGRAMMA<\/strong><\/h4>\n<p><strong>Presidente Caritas<br \/>\n<\/strong>S.E. mons. Giuseppe Pellegrini<\/p>\n<p><strong>Direttore Caritas<br \/>\n<\/strong>Andrea Barachino<\/p>\n<p><strong>Segreteria Caritas<br \/>\n<\/strong>Angela Urban<\/p>\n<p><strong style=\"font-size: inherit\">Direzione Casa Madonna Pellegrina<br \/>\n<\/strong>Mara Tajariol<\/p>\n<p><strong style=\"font-size: inherit\">Centro di Ascolto<br \/>\n<\/strong>Adriana Segato<\/p>\n<p><strong>Area Mondialit\u00e0<br \/>\n<\/strong>Lisa Cinto<\/p>\n<p><strong>Presidente Cooperativa Nuovi Vicini<br \/>\n<\/strong>Ivana Latrofa<\/p>\n<\/div>\n<\/div>\n<\/div><\/div><\/div><\/div><\/div><\/div><\/div>","protected":false},"excerpt":{"rendered":"<p>CHE COS&#8217;\u00c8 LA CARITAS? La Caritas \u00e8 un organismo pastorale voluto dalla Chiesa, finalizzato a promuovere la testimonianza della carit\u00e0 all&#8217;interno della comunit\u00e0 cristiana e nella societ\u00e0 civile. \u00a0 QUAL \u00c8 LO SCOPO DELLA CARITAS? La Caritas diocesana ha lo scopo di favorire il cambiamento del modo di pensare e di vivere, in primis della comunit\u00e0 cristiana, passando: \u00a0 &#8211; da una solidariet\u00e0 vissuta singolarmente &hellip; <a href=\"https:\/\/diocesi.concordia-pordenone.it\/caritas\/chi-siamo\/\" class=\"more-link\">Continue reading <span class=\"screen-reader-text\"><\/span> <span class=\"meta-nav\">&raquo;<\/span><\/a><\/p>\n","protected":false},"author":0,"featured_media":0,"parent":0,"menu_order":0,"comment_status":"closed","ping_status":"closed","template":"","meta":{"_acf_changed":false,"footnotes":""},"class_list":["post-2026","page","type-page","status-publish","hentry"],"acf":{"seed-localization-paese-cod":"","seed-localization-address":"","seed-localization-citta":"","seed-localization-regione-cod-istat":"","seed-localization-citta-cod-istat":"","seed-localization-localita":"","seed-localization-cap":"","seed-localization-geo":{"lat":41.9053433,"lng":12.5099945,"zoom":10,"markers":[],"address":"","layers":["OpenStreetMap.Mapnik"],"version":"1.3.2"},"seed-localization-marker-visibility":false,"seed-localization-children-visibility":false,"seed-localization-kml":"","seed-localization-custom-marker":""},"_links":{"self":[{"href":"https:\/\/diocesi.concordia-pordenone.it\/caritas\/wp-json\/wp\/v2\/pages\/2026","targetHints":{"allow":["GET"]}}],"collection":[{"href":"https:\/\/diocesi.concordia-pordenone.it\/caritas\/wp-json\/wp\/v2\/pages"}],"about":[{"href":"https:\/\/diocesi.concordia-pordenone.it\/caritas\/wp-json\/wp\/v2\/types\/page"}],"author":[{"embeddable":true,"href":"https:\/\/diocesi.concordia-pordenone.it\/caritas\/wp-json\/wp\/v2\/users\/1"}],"replies":[{"embeddable":true,"href":"https:\/\/diocesi.concordia-pordenone.it\/caritas\/wp-json\/wp\/v2\/comments?post=2026"}],"version-history":[{"count":7,"href":"https:\/\/diocesi.concordia-pordenone.it\/caritas\/wp-json\/wp\/v2\/pages\/2026\/revisions"}],"predecessor-version":[{"id":2795,"href":"https:\/\/diocesi.concordia-pordenone.it\/caritas\/wp-json\/wp\/v2\/pages\/2026\/revisions\/2795"}],"wp:attachment":[{"href":"https:\/\/diocesi.concordia-pordenone.it\/caritas\/wp-json\/wp\/v2\/media?parent=2026"}],"curies":[{"name":"wp","href":"https:\/\/api.w.org\/{rel}","templated":true}]}}