{"id":1261,"date":"2022-07-07T09:47:02","date_gmt":"2022-07-07T07:47:02","guid":{"rendered":"https:\/\/diocesi.concordia-pordenone.it\/catechistico\/?page_id=1261"},"modified":"2022-07-07T10:23:36","modified_gmt":"2022-07-07T08:23:36","slug":"catechesi-degli-adulti","status":"publish","type":"page","link":"https:\/\/diocesi.concordia-pordenone.it\/catechistico\/catechesi-degli-adulti\/","title":{"rendered":"Catechesi degli adulti"},"content":{"rendered":"<div id=\"pl-1261\"  class=\"panel-layout\" ><div id=\"pg-1261-0\"  class=\"panel-grid panel-has-style\" ><div class=\"row grid-x panel-row-style panel-row-style-for-1261-0\" ><div id=\"pgc-1261-0-0\"  class=\"panel-grid-cell cell columns small-12 medium-9\" ><div id=\"panel-1261-0-0-0\" class=\"so-panel widget widget_siteorigin-panels-post-content panel-first-child\" data-index=\"0\" ><div style=\";background-repeat:repeat;\" class=\"panel-widget-style panel-widget-style-for-1261-0-0-0\" ><h1 class=\"entry-title\">Catechesi degli adulti<\/h1><\/div><\/div><div id=\"panel-1261-0-0-1\" class=\"so-panel widget widget_sow-image\" data-index=\"1\" ><div style=\";background-repeat:repeat;\" class=\"panel-widget-style panel-widget-style-for-1261-0-0-1\" ><div\n\t\t\t\n\t\t\tclass=\"so-widget-sow-image so-widget-sow-image-default-8b5b6f678277-1261\"\n\t\t\t\n\t\t>\n\n<div class=\"sow-image-container\">\n\t\t<img loading=\"lazy\" decoding=\"async\" src=\"https:\/\/diocesi.concordia-pordenone.it\/catechistico\/wp-content\/uploads\/sites\/4\/2022\/03\/equipe-catechesi-degli-adul.jpg\" width=\"450\" height=\"197\" srcset=\"https:\/\/diocesi.concordia-pordenone.it\/catechistico\/wp-content\/uploads\/sites\/4\/2022\/03\/equipe-catechesi-degli-adul.jpg 450w, https:\/\/diocesi.concordia-pordenone.it\/catechistico\/wp-content\/uploads\/sites\/4\/2022\/03\/equipe-catechesi-degli-adul-300x131.jpg 300w\" sizes=\"auto, (max-width: 450px) 100vw, 450px\" alt=\"\" \t\tclass=\"so-widget-image\"\/>\n\t<\/div>\n\n<\/div><\/div><\/div><div id=\"panel-1261-0-0-2\" class=\"so-panel widget widget_sow-editor panel-last-child\" data-index=\"2\" ><div style=\";background-repeat:repeat;\" class=\"panel-widget-style panel-widget-style-for-1261-0-0-2\" ><div\n\t\t\t\n\t\t\tclass=\"so-widget-sow-editor so-widget-sow-editor-base\"\n\t\t\t\n\t\t>\n<div class=\"siteorigin-widget-tinymce textwidget\">\n\t<header class=\"entry-header\">\n<h1><\/h1>\n<h1><\/h1>\n<h2 class=\"entry-title-post\">CHI SIAMO<\/h2>\n<\/header>\n<div class=\"entry-content-post\">\n<div>\n<p>Sono ormai molti anni che l\u2019ufficio catechistico lavora nell\u2019ambito della catechesi per gli adulti, in particolar modo con la produzione delle schede per i centri di ascolto. Da qualche anno per\u00f2 un gruppo di adulti si \u00e8 formato per accompagnare gli adulti nella cura della propria fede, come per uno dei corsi per Cresimandi adulti, e nella preparazione dei catechisti che hanno la voglia di cimentarsi in questo ambito.<br \/>\nAccompagnare, piuttosto che animare o educare, \u00e8 una priorit\u00e0 che non possiamo ormai pi\u00f9 ignorare. Spesso dai nostri catechisti sentiamo venire forte la richiesta di avere strumenti di lettura e metodologie di approccio e di lavoro, per esempio con i genitori dei ragazzi dell\u2019iniziazione cristiana oppure con i genitori dei battezzandi, ma riveste ancora una buona importanza anche l\u2019accompagnamento dell\u2019adulto che vuole ricominciare un cammino che ha interrotto per vari motivi.<\/p>\n<p><strong>L\u2019\u00e9quipe per l\u2019accompagnamento degli adulti nella fede si \u00e8 formata per accompagnare i formatori degli adulti e i catechisti:<br \/>\n<\/strong>\u2022 a ragionare sul proprio percorso di fede;<br \/>\n\u2022 ad aiutarli a lavorare tra adulti;<br \/>\n\u2022 ad accompagnarli nella costruzione di percorsi catechistici per adulti.<\/p>\n<p><strong>I compiti dell\u2019\u00e9quipe:<br \/>\n<\/strong>1- di osservazione della realt\u00e0 ecclesiale e delle sue esigenze ed evoluzioni<br \/>\n2- di formazione degli adulti e dei catechisti<br \/>\n3- di produzione di materiale che pu\u00f2 essere utile nell\u2019accompagnamento<br \/>\n4- di accompagnamento degli adulti<br \/>\n5- di autoformazione<\/p>\n<\/div>\n<div><\/div>\n<div><strong>Chi siamo<br \/>\n<\/strong>Rosi Cella<br \/>\nMichela Galvanin<br \/>\nMaria Elena Piccin<\/div>\n<div>Amelia Profeta<br \/>\nAnna Romano<\/div>\n<div>Silvio Ros<\/div>\n<\/div>\n<\/div>\n<\/div><\/div><\/div><\/div><div id=\"pgc-1261-0-1\"  class=\"panel-grid-cell cell columns small-12 medium-3\" ><div id=\"panel-1261-0-1-0\" class=\"so-panel widget widget_sow-editor panel-first-child\" data-index=\"3\" ><div style=\";background-repeat:repeat;\" class=\"panel-widget-style panel-widget-style-for-1261-0-1-0\" ><div\n\t\t\t\n\t\t\tclass=\"so-widget-sow-editor so-widget-sow-editor-base\"\n\t\t\t\n\t\t>\n<div class=\"siteorigin-widget-tinymce textwidget\">\n\t<\/div>\n<\/div><\/div><\/div><div id=\"panel-1261-0-1-1\" class=\"so-panel widget widget_sow-editor panel-last-child\" data-index=\"4\" ><div style=\";background-repeat:repeat;\" class=\"panel-widget-style panel-widget-style-for-1261-0-1-1\" ><div\n\t\t\t\n\t\t\tclass=\"so-widget-sow-editor so-widget-sow-editor-base\"\n\t\t\t\n\t\t>\n<div class=\"siteorigin-widget-tinymce textwidget\">\n\t<h4><a href=\"https:\/\/diocesi.concordia-pordenone.it\/catechistico\/category\/per-saperne-di-piu\/\"><strong><span style=\"color: #3366ff\">Per saperne di pi\u00f9<\/span><\/strong><\/a><\/h4>\n<hr \/>\n<h4><a href=\"https:\/\/diocesi.concordia-pordenone.it\/catechistico\/category\/catechesi-in-cantiere-idee-e-materiali\/\"><strong><span style=\"color: #3366ff\">Catechesi in cantiere...idee e materiali<\/span><\/strong><\/a><\/h4>\n<hr \/>\n<h4><a href=\"https:\/\/diocesi.concordia-pordenone.it\/catechistico\/category\/prossimi-appuntamenti\/\"><strong><span style=\"color: #3366ff\">Prossimi appuntamenti\u00a0<\/span><\/strong><\/a><\/h4>\n<hr \/>\n<p>&nbsp;<\/p>\n<\/div>\n<\/div><\/div><\/div><\/div><\/div><\/div><\/div>","protected":false},"excerpt":{"rendered":"<p>CHI SIAMO Sono ormai molti anni che l\u2019ufficio catechistico lavora nell\u2019ambito della catechesi per gli adulti, in particolar modo con la produzione delle schede per i centri di ascolto. Da qualche anno per\u00f2 un gruppo di adulti si \u00e8 formato per accompagnare gli adulti nella cura della propria fede, come per uno dei corsi per Cresimandi adulti, e nella preparazione dei catechisti che hanno la &hellip; <a href=\"https:\/\/diocesi.concordia-pordenone.it\/catechistico\/catechesi-degli-adulti\/\" class=\"more-link\">Continue reading <span class=\"screen-reader-text\"><\/span> <span class=\"meta-nav\">&raquo;<\/span><\/a><\/p>\n","protected":false},"author":0,"featured_media":0,"parent":0,"menu_order":0,"comment_status":"closed","ping_status":"closed","template":"","meta":{"_acf_changed":false,"footnotes":""},"class_list":["post-1261","page","type-page","status-publish","hentry"],"acf":{"seed-localization-paese-cod":"","seed-localization-address":"","seed-localization-citta":"","seed-localization-regione-cod-istat":"","seed-localization-citta-cod-istat":"","seed-localization-localita":"","seed-localization-cap":"","seed-localization-geo":{"lat":41.9053433,"lng":12.5113678,"zoom":10,"markers":[],"address":"","layers":["OpenStreetMap.Mapnik"],"version":"1.3.2"},"seed-localization-marker-visibility":false,"seed-localization-children-visibility":false,"seed-localization-kml":"","seed-localization-custom-marker":""},"_links":{"self":[{"href":"https:\/\/diocesi.concordia-pordenone.it\/catechistico\/wp-json\/wp\/v2\/pages\/1261","targetHints":{"allow":["GET"]}}],"collection":[{"href":"https:\/\/diocesi.concordia-pordenone.it\/catechistico\/wp-json\/wp\/v2\/pages"}],"about":[{"href":"https:\/\/diocesi.concordia-pordenone.it\/catechistico\/wp-json\/wp\/v2\/types\/page"}],"author":[{"embeddable":true,"href":"https:\/\/diocesi.concordia-pordenone.it\/catechistico\/wp-json\/wp\/v2\/users\/5"}],"replies":[{"embeddable":true,"href":"https:\/\/diocesi.concordia-pordenone.it\/catechistico\/wp-json\/wp\/v2\/comments?post=1261"}],"version-history":[{"count":13,"href":"https:\/\/diocesi.concordia-pordenone.it\/catechistico\/wp-json\/wp\/v2\/pages\/1261\/revisions"}],"predecessor-version":[{"id":1279,"href":"https:\/\/diocesi.concordia-pordenone.it\/catechistico\/wp-json\/wp\/v2\/pages\/1261\/revisions\/1279"}],"wp:attachment":[{"href":"https:\/\/diocesi.concordia-pordenone.it\/catechistico\/wp-json\/wp\/v2\/media?parent=1261"}],"curies":[{"name":"wp","href":"https:\/\/api.w.org\/{rel}","templated":true}]}}