{"id":1314,"date":"2022-07-07T12:53:50","date_gmt":"2022-07-07T10:53:50","guid":{"rendered":"https:\/\/diocesi.concordia-pordenone.it\/catechistico\/?page_id=1314"},"modified":"2022-07-14T11:00:08","modified_gmt":"2022-07-14T09:00:08","slug":"apostolato-biblico","status":"publish","type":"page","link":"https:\/\/diocesi.concordia-pordenone.it\/catechistico\/apostolato-biblico\/","title":{"rendered":"Apostolato Biblico"},"content":{"rendered":"<div id=\"pl-1314\"  class=\"panel-layout\" ><div id=\"pg-1314-0\"  class=\"panel-grid panel-has-style\" ><div class=\"row grid-x panel-row-style panel-row-style-for-1314-0\" ><div id=\"pgc-1314-0-0\"  class=\"panel-grid-cell cell columns small-12 medium-9\" ><div id=\"panel-1314-0-0-0\" class=\"so-panel widget widget_siteorigin-panels-post-content panel-first-child\" data-index=\"0\" ><div style=\";background-repeat:repeat;\" class=\"panel-widget-style panel-widget-style-for-1314-0-0-0\" ><h1 class=\"entry-title\">Apostolato Biblico<\/h1><\/div><\/div><div id=\"panel-1314-0-0-1\" class=\"so-panel widget widget_sow-image\" data-index=\"1\" ><div style=\";background-repeat:repeat;\" class=\"panel-widget-style panel-widget-style-for-1314-0-0-1\" ><div\n\t\t\t\n\t\t\tclass=\"so-widget-sow-image so-widget-sow-image-default-8b5b6f678277-1314\"\n\t\t\t\n\t\t>\n\n<div class=\"sow-image-container\">\n\t\t<img loading=\"lazy\" decoding=\"async\" src=\"https:\/\/diocesi.concordia-pordenone.it\/catechistico\/wp-content\/uploads\/sites\/4\/2022\/03\/equipe-apostolato-biblico.jpg\" width=\"450\" height=\"200\" srcset=\"https:\/\/diocesi.concordia-pordenone.it\/catechistico\/wp-content\/uploads\/sites\/4\/2022\/03\/equipe-apostolato-biblico.jpg 450w, https:\/\/diocesi.concordia-pordenone.it\/catechistico\/wp-content\/uploads\/sites\/4\/2022\/03\/equipe-apostolato-biblico-300x133.jpg 300w\" sizes=\"auto, (max-width: 450px) 100vw, 450px\" alt=\"\" \t\tclass=\"so-widget-image\"\/>\n\t<\/div>\n\n<\/div><\/div><\/div><div id=\"panel-1314-0-0-2\" class=\"so-panel widget widget_sow-editor panel-last-child\" data-index=\"2\" ><div style=\";background-repeat:repeat;\" class=\"panel-widget-style panel-widget-style-for-1314-0-0-2\" ><div\n\t\t\t\n\t\t\tclass=\"so-widget-sow-editor so-widget-sow-editor-base\"\n\t\t\t\n\t\t>\n<div class=\"siteorigin-widget-tinymce textwidget\">\n\t<div style=\"text-align: justify\">L'equipe\u00a0dell'Apostolato Biblico si \u00e8 da poco rinnovata ed \u00e8 cos\u00ec formata:<\/div>\n<div style=\"text-align: justify\">\n<div style=\"text-align: justify\">Edi Pivetta<\/div>\n<div style=\"text-align: justify\">\n<div style=\"text-align: justify\">Don Federico\u00a0Zanetti<\/div>\n<\/div>\n<div style=\"text-align: justify\">Paolo Ceron<\/div>\n<div style=\"text-align: justify\">Annalisa Santarossa<\/div>\n<div style=\"text-align: justify\">Lisa Lucchese<\/div>\n<div style=\"text-align: justify\">Marta Sanavro<\/div>\n<div style=\"text-align: justify\"><\/div>\n<div style=\"text-align: justify\">Si propone di:<br \/>\n- continuare ad investire nella sua formazione permanente;<br \/>\n- proporre strumenti e spunti per facilitare l\u2019incontro con la Sacra Scrittura;<br \/>\n- mantenere un costante contatto con il territorio della nostra Diocesi per informare gli interessati relativamente alle varie proposte di formazione biblica in loco;<br \/>\n- segnalare validi itinerari-seminari-esperienze di approfondimento biblico presenti in Italia;<br \/>\n- contribuire alla formazione dei catechisti in particolare per quanto riguarda l\u2019area biblica.<\/div>\n<\/div>\n<\/div>\n<\/div><\/div><\/div><\/div><div id=\"pgc-1314-0-1\"  class=\"panel-grid-cell cell columns small-12 medium-3\" ><div id=\"panel-1314-0-1-0\" class=\"so-panel widget widget_sow-editor panel-first-child\" data-index=\"3\" ><div style=\";background-repeat:repeat;\" class=\"panel-widget-style panel-widget-style-for-1314-0-1-0\" ><div\n\t\t\t\n\t\t\tclass=\"so-widget-sow-editor so-widget-sow-editor-base\"\n\t\t\t\n\t\t>\n<div class=\"siteorigin-widget-tinymce textwidget\">\n\t<\/div>\n<\/div><\/div><\/div><div id=\"panel-1314-0-1-1\" class=\"so-panel widget widget_sow-editor panel-last-child\" data-index=\"4\" ><div style=\";background-repeat:repeat;\" class=\"panel-widget-style panel-widget-style-for-1314-0-1-1\" ><div\n\t\t\t\n\t\t\tclass=\"so-widget-sow-editor so-widget-sow-editor-base\"\n\t\t\t\n\t\t>\n<div class=\"siteorigin-widget-tinymce textwidget\">\n\t<h4><a href=\"https:\/\/diocesi.concordia-pordenone.it\/catechistico\/category\/ab-per-saperne-di-piu\/\"><strong><span style=\"color: #3366ff\">Per saperne di pi\u00f9<\/span><\/strong><\/a><\/h4>\n<hr \/>\n<h4><a href=\"https:\/\/diocesi.concordia-pordenone.it\/catechistico\/category\/ab-catechesi-in-cantiere-idee-e-materiali\/\"><strong><span style=\"color: #3366ff\">Catechesi in cantiere...idee e materiali<\/span><\/strong><\/a><\/h4>\n<hr \/>\n<h4><a href=\"https:\/\/diocesi.concordia-pordenone.it\/catechistico\/category\/prossimi-appuntamenti\/\"><strong><span style=\"color: #3366ff\">Prossimi appuntamenti\u00a0<\/span><\/strong><\/a><\/h4>\n<hr \/>\n<p>&nbsp;<\/p>\n<\/div>\n<\/div><\/div><\/div><\/div><\/div><\/div><\/div>","protected":false},"excerpt":{"rendered":"<p>L&#8217;equipe\u00a0dell&#8217;Apostolato Biblico si \u00e8 da poco rinnovata ed \u00e8 cos\u00ec formata: Edi Pivetta Don Federico\u00a0Zanetti Paolo Ceron Annalisa Santarossa Lisa Lucchese Marta Sanavro Si propone di: &#8211; continuare ad investire nella sua formazione permanente; &#8211; proporre strumenti e spunti per facilitare l\u2019incontro con la Sacra Scrittura; &#8211; mantenere un costante contatto con il territorio della nostra Diocesi per informare gli interessati relativamente alle varie proposte &hellip; <a href=\"https:\/\/diocesi.concordia-pordenone.it\/catechistico\/apostolato-biblico\/\" class=\"more-link\">Continue reading <span class=\"screen-reader-text\"><\/span> <span class=\"meta-nav\">&raquo;<\/span><\/a><\/p>\n","protected":false},"author":0,"featured_media":0,"parent":0,"menu_order":0,"comment_status":"closed","ping_status":"closed","template":"","meta":{"_acf_changed":false,"footnotes":""},"class_list":["post-1314","page","type-page","status-publish","hentry"],"acf":{"seed-localization-paese-cod":"","seed-localization-address":"","seed-localization-citta":"","seed-localization-regione-cod-istat":"","seed-localization-citta-cod-istat":"","seed-localization-localita":"","seed-localization-cap":"","seed-localization-geo":{"lat":41.9053433,"lng":12.5099945,"zoom":10,"markers":[],"address":"","layers":["OpenStreetMap.Mapnik"],"version":"1.3.2"},"seed-localization-marker-visibility":false,"seed-localization-children-visibility":false,"seed-localization-kml":"","seed-localization-custom-marker":""},"_links":{"self":[{"href":"https:\/\/diocesi.concordia-pordenone.it\/catechistico\/wp-json\/wp\/v2\/pages\/1314","targetHints":{"allow":["GET"]}}],"collection":[{"href":"https:\/\/diocesi.concordia-pordenone.it\/catechistico\/wp-json\/wp\/v2\/pages"}],"about":[{"href":"https:\/\/diocesi.concordia-pordenone.it\/catechistico\/wp-json\/wp\/v2\/types\/page"}],"author":[{"embeddable":true,"href":"https:\/\/diocesi.concordia-pordenone.it\/catechistico\/wp-json\/wp\/v2\/users\/5"}],"replies":[{"embeddable":true,"href":"https:\/\/diocesi.concordia-pordenone.it\/catechistico\/wp-json\/wp\/v2\/comments?post=1314"}],"version-history":[{"count":12,"href":"https:\/\/diocesi.concordia-pordenone.it\/catechistico\/wp-json\/wp\/v2\/pages\/1314\/revisions"}],"predecessor-version":[{"id":1435,"href":"https:\/\/diocesi.concordia-pordenone.it\/catechistico\/wp-json\/wp\/v2\/pages\/1314\/revisions\/1435"}],"wp:attachment":[{"href":"https:\/\/diocesi.concordia-pordenone.it\/catechistico\/wp-json\/wp\/v2\/media?parent=1314"}],"curies":[{"name":"wp","href":"https:\/\/api.w.org\/{rel}","templated":true}]}}