{"id":1321,"date":"2022-07-07T12:54:52","date_gmt":"2022-07-07T10:54:52","guid":{"rendered":"https:\/\/diocesi.concordia-pordenone.it\/catechistico\/?page_id=1321"},"modified":"2024-10-29T09:29:16","modified_gmt":"2024-10-29T08:29:16","slug":"iniziazione-cristiana","status":"publish","type":"page","link":"https:\/\/diocesi.concordia-pordenone.it\/catechistico\/iniziazione-cristiana\/","title":{"rendered":"Iniziazione Cristiana"},"content":{"rendered":"<div id=\"pl-1321\"  class=\"panel-layout\" ><div id=\"pg-1321-0\"  class=\"panel-grid panel-has-style\" ><div class=\"row grid-x panel-row-style panel-row-style-for-1321-0\" ><div id=\"pgc-1321-0-0\"  class=\"panel-grid-cell cell columns small-12 medium-9\" ><div id=\"panel-1321-0-0-0\" class=\"so-panel widget widget_siteorigin-panels-post-content panel-first-child\" data-index=\"0\" ><div style=\";background-repeat:repeat;\" class=\"panel-widget-style panel-widget-style-for-1321-0-0-0\" ><h1 class=\"entry-title\">Iniziazione Cristiana<\/h1><\/div><\/div><div id=\"panel-1321-0-0-1\" class=\"so-panel widget widget_sow-image\" data-index=\"1\" ><div style=\";background-repeat:repeat;\" class=\"panel-widget-style panel-widget-style-for-1321-0-0-1\" ><div\n\t\t\t\n\t\t\tclass=\"so-widget-sow-image so-widget-sow-image-default-8b5b6f678277-1321\"\n\t\t\t\n\t\t>\n\n<div class=\"sow-image-container\">\n\t\t<img loading=\"lazy\" decoding=\"async\" src=\"https:\/\/diocesi.concordia-pordenone.it\/catechistico\/wp-content\/uploads\/sites\/4\/2022\/03\/equipe-iniziazione-cristian.png\" width=\"450\" height=\"285\" srcset=\"https:\/\/diocesi.concordia-pordenone.it\/catechistico\/wp-content\/uploads\/sites\/4\/2022\/03\/equipe-iniziazione-cristian.png 450w, https:\/\/diocesi.concordia-pordenone.it\/catechistico\/wp-content\/uploads\/sites\/4\/2022\/03\/equipe-iniziazione-cristian-300x190.png 300w\" sizes=\"auto, (max-width: 450px) 100vw, 450px\" alt=\"\" \t\tclass=\"so-widget-image\"\/>\n\t<\/div>\n\n<\/div><\/div><\/div><div id=\"panel-1321-0-0-2\" class=\"so-panel widget widget_sow-editor panel-last-child\" data-index=\"2\" ><div style=\";background-repeat:repeat;\" class=\"panel-widget-style panel-widget-style-for-1321-0-0-2\" ><div\n\t\t\t\n\t\t\tclass=\"so-widget-sow-editor so-widget-sow-editor-base\"\n\t\t\t\n\t\t><h3 class=\"widget-title\">CHI SIAMO<\/h3>\n<div class=\"siteorigin-widget-tinymce textwidget\">\n\t<div>\n<div>Cassa di risonanza delle esperienze dei catechisti e fucina di idee\u00a0per portare ad un rinnovamento dell\u2019Iniziazione Cristiana in linea con le proposte della CEI\u00a0contestualizzate nella\u00a0nostra\u00a0Diocesi, l\u2019\u00e9quipe\u00a0si propone di:<\/div>\n<div>\u2013 continuare ad investire nella sua formazione permanente;<\/div>\n<\/div>\n<div>\u2013 affiancare le parrocchie diventando compagna di viaggio dei suoi educatori in questo tempo in cui da pi\u00f9 parti si auspica e propone un rinnovamento della catechesi di Iniziazione Cristiana dialogando con i referenti parrocchiali dei gruppi catechisti;<\/div>\n<div>\u2013 accompagnare i catechisti nell\u2019inserire nel gruppo di catechesi i bambini disabili operando in sinergia con l\u2019\u00e9quipe Catechesi e disabili dell\u2019UCD;<\/div>\n<div>\u2013 accompagnare le famiglie operando in sinergia con l\u2019\u00e9quipe\u00a0Catechesi degli adulti dell\u2019UCD;<br \/>\n\u2013 proporre itinerari formativi a livello centrale, foraneale o locale per catechisti e sacerdoti operando in sinergia con l\u2019\u00e9quipe per l\u2019Apostolato Biblico dell\u2019UCD;<br \/>\n\u2013 aggiornare continuamente gli itinerari catechistici proposti dall\u2019UCD;<\/div>\n<div>\u2013 proporre un percorso per l\u2019Avvento pensato per i bambini dai 7 ai 10 anni e uno per la Quaresima per i ragazzi dagli 11 ai 15 anni.<\/div>\n<div><\/div>\n<div>\n<div>L\u2019\u00e9quipe, fino ad oggi, ha svolto le seguenti attivit\u00e0:<\/div>\n<div>\u2013\u00a0ideato, proposto e in alcuni casi pubblicato itinerari e percorsi per la catechesi dell\u2019Iniziazione Cristiana dei bambini e dei ragazzi;<\/div>\n<div>\u2013 incontrato\u00a0i sacerdoti;<\/div>\n<div>\u2013 incontrato\u00a0i catechisti, a livello centrale oppure a livello parrocchiale;<\/div>\n<div>\u2013 ascoltato i catechisti aprendo un confronto con e tra loro;<\/div>\n<div>\u2013 contribuito alla formazione dei catechisti a livello centrale attraverso soprattutto gli incontri di consegna dei percorsi e offrendo una collaborazione nei corsi tematici;<\/div>\n<div>\u2013 contribuito alla formazione dei catechisti nelle foranie facendosi promotrice degli accompagnamenti foraneali;<\/div>\n<div>\u2013 partecipato a convegni e corsi\u00a0utili per la formazione.<\/div>\n<div><\/div>\n<div>\n<div>Naturalmente\u00a0l\u2019\u00e9quipe \u00e8 a disposizione dei parroci, dei catechisti, degli animatori e dei genitori per qualsiasi attivit\u00e0 inerente all\u2019educazione alla fede delle nuove generazioni.<\/div>\n<\/div>\n<\/div>\n<div>\n<p>&nbsp;<\/p>\n<p>L\u2019\u00e9quipe\u00a0che si occupa della catechesi dell\u2019Iniziazione\u00a0Cristiana \u00e8 composta da:<\/p>\n<div>\n<div>\n<div>don Martino Della Bianca<\/div>\n<\/div>\n<div>Alessandra Astolfo<\/div>\n<div>don Andrea Della Bianca<\/div>\n<div>Marta Sanavro<\/div>\n<div>Nicoletta Barbieri<\/div>\n<div>Silvia Fanotto<\/div>\n<div>Annalisa Colautti<\/div>\n<\/div>\n<\/div>\n<\/div>\n<\/div><\/div><\/div><\/div><div id=\"pgc-1321-0-1\"  class=\"panel-grid-cell cell columns small-12 medium-3\" ><div id=\"panel-1321-0-1-0\" class=\"so-panel widget widget_sow-editor panel-first-child\" data-index=\"3\" ><div style=\";background-repeat:repeat;\" class=\"panel-widget-style panel-widget-style-for-1321-0-1-0\" ><div\n\t\t\t\n\t\t\tclass=\"so-widget-sow-editor so-widget-sow-editor-base\"\n\t\t\t\n\t\t>\n<div class=\"siteorigin-widget-tinymce textwidget\">\n\t<\/div>\n<\/div><\/div><\/div><div id=\"panel-1321-0-1-1\" class=\"so-panel widget widget_sow-editor panel-last-child\" data-index=\"4\" ><div style=\";background-repeat:repeat;\" class=\"panel-widget-style panel-widget-style-for-1321-0-1-1\" ><div\n\t\t\t\n\t\t\tclass=\"so-widget-sow-editor so-widget-sow-editor-base\"\n\t\t\t\n\t\t>\n<div class=\"siteorigin-widget-tinymce textwidget\">\n\t<h4><a href=\"https:\/\/diocesi.concordia-pordenone.it\/catechistico\/category\/ic-per-saperne-di-piu\/\"><strong>Per saperne di pi\u00f9<\/strong><\/a><\/h4>\n<hr \/>\n<h4><a href=\"https:\/\/diocesi.concordia-pordenone.it\/catechistico\/category\/ic-catechesi-in-cantiere-idee-e-materiali\/\"><strong>Catechesi in cantiere...idee e materiali<\/strong><\/a><strong><a href=\"https:\/\/diocesi.concordia-pordenone.it\/catechistico\/wp-content\/uploads\/sites\/4\/2024\/10\/primo-anno-cresima-completo.pdf\">Primo anno Cresima.<\/a><a href=\"https:\/\/diocesi.concordia-pordenone.it\/catechistico\/wp-content\/uploads\/sites\/4\/2024\/10\/secondo-anno-cresima-completo.pdf\">Secondo anno Cresima.<\/a><\/strong><\/h4>\n<hr \/>\n<h4><a href=\"https:\/\/diocesi.concordia-pordenone.it\/catechistico\/category\/prossimi-appuntamenti\/\"><strong>Prossimi appuntamenti\u00a0<\/strong><\/a><\/h4>\n<p>Primo incontro referenti:<\/p>\n<p>29 ottobre 2024 ore 20.30 Centro Pastorale Seminario.<\/p>\n<p>Formazione clero - laici \"Figure di Giuntura\".<\/p>\n<\/div>\n<\/div><\/div><\/div><\/div><\/div><\/div><\/div><hr class=\"wpba_attachment_hr\"><div id='wpba_attachment_list' class='wpba wpba-wrap'>\n<ul class='wpba-attachment-list unstyled'><li id='wpba_attachment_list_1874' class='wpba-list-item pull-left'><img src='https:\/\/diocesi.concordia-pordenone.it\/catechistico\/wp-content\/themes\/wp-starter-so\/icons\/document.png' width='16' height='20' class='wpba-icon pull-left'><a href='https:\/\/diocesi.concordia-pordenone.it\/catechistico\/wp-content\/uploads\/sites\/4\/2024\/10\/primo-anno-cresima-completo.pdf' title='Primo anno Cresima.' class='wpba-link pull-left' target=\"_blank\">Primo anno Cresima.<\/a><\/li>\n<li id='wpba_attachment_list_1875' class='wpba-list-item pull-left'><img src='https:\/\/diocesi.concordia-pordenone.it\/catechistico\/wp-content\/themes\/wp-starter-so\/icons\/document.png' width='16' height='20' class='wpba-icon pull-left'><a href='https:\/\/diocesi.concordia-pordenone.it\/catechistico\/wp-content\/uploads\/sites\/4\/2024\/10\/secondo-anno-cresima-completo.pdf' title='Secondo anno Cresima.' class='wpba-link pull-left' target=\"_blank\">Secondo anno Cresima.<\/a><\/li>\n<\/ul><\/div>\n","protected":false},"excerpt":{"rendered":"<p>Cassa di risonanza delle esperienze dei catechisti e fucina di idee\u00a0per portare ad un rinnovamento dell\u2019Iniziazione Cristiana in linea con le proposte della CEI\u00a0contestualizzate nella\u00a0nostra\u00a0Diocesi, l\u2019\u00e9quipe\u00a0si propone di: \u2013 continuare ad investire nella sua formazione permanente; \u2013 affiancare le parrocchie diventando compagna di viaggio dei suoi educatori in questo tempo in cui da pi\u00f9 parti si auspica e propone un rinnovamento della catechesi di Iniziazione &hellip; <a href=\"https:\/\/diocesi.concordia-pordenone.it\/catechistico\/iniziazione-cristiana\/\" class=\"more-link\">Continue reading <span class=\"screen-reader-text\"><\/span> <span class=\"meta-nav\">&raquo;<\/span><\/a><\/p>\n","protected":false},"author":0,"featured_media":0,"parent":0,"menu_order":0,"comment_status":"closed","ping_status":"closed","template":"","meta":{"_acf_changed":false,"footnotes":""},"class_list":["post-1321","page","type-page","status-publish","hentry"],"acf":{"seed-localization-paese-cod":"","seed-localization-address":"","seed-localization-citta":"","seed-localization-regione-cod-istat":"","seed-localization-citta-cod-istat":"","seed-localization-localita":"","seed-localization-cap":"","seed-localization-geo":{"lat":41.9053433,"lng":12.5093079,"zoom":10,"markers":[],"address":"","layers":["OpenStreetMap.Mapnik"],"version":"1.5.6"},"seed-localization-marker-visibility":false,"seed-localization-children-visibility":false,"seed-localization-kml":"","seed-localization-custom-marker":""},"_links":{"self":[{"href":"https:\/\/diocesi.concordia-pordenone.it\/catechistico\/wp-json\/wp\/v2\/pages\/1321","targetHints":{"allow":["GET"]}}],"collection":[{"href":"https:\/\/diocesi.concordia-pordenone.it\/catechistico\/wp-json\/wp\/v2\/pages"}],"about":[{"href":"https:\/\/diocesi.concordia-pordenone.it\/catechistico\/wp-json\/wp\/v2\/types\/page"}],"author":[{"embeddable":true,"href":"https:\/\/diocesi.concordia-pordenone.it\/catechistico\/wp-json\/wp\/v2\/users\/5"}],"replies":[{"embeddable":true,"href":"https:\/\/diocesi.concordia-pordenone.it\/catechistico\/wp-json\/wp\/v2\/comments?post=1321"}],"version-history":[{"count":12,"href":"https:\/\/diocesi.concordia-pordenone.it\/catechistico\/wp-json\/wp\/v2\/pages\/1321\/revisions"}],"predecessor-version":[{"id":1877,"href":"https:\/\/diocesi.concordia-pordenone.it\/catechistico\/wp-json\/wp\/v2\/pages\/1321\/revisions\/1877"}],"wp:attachment":[{"href":"https:\/\/diocesi.concordia-pordenone.it\/catechistico\/wp-json\/wp\/v2\/media?parent=1321"}],"curies":[{"name":"wp","href":"https:\/\/api.w.org\/{rel}","templated":true}]}}