{"id":1324,"date":"2022-07-07T12:55:15","date_gmt":"2022-07-07T10:55:15","guid":{"rendered":"https:\/\/diocesi.concordia-pordenone.it\/catechistico\/?page_id=1324"},"modified":"2022-07-25T12:16:02","modified_gmt":"2022-07-25T10:16:02","slug":"catechesi-e-disabili","status":"publish","type":"page","link":"https:\/\/diocesi.concordia-pordenone.it\/catechistico\/catechesi-e-disabili\/","title":{"rendered":"Catechesi delle persone con disabilit\u00e0"},"content":{"rendered":"<div id=\"pl-1324\"  class=\"panel-layout\" ><div id=\"pg-1324-0\"  class=\"panel-grid panel-has-style\" ><div class=\"row grid-x panel-row-style panel-row-style-for-1324-0\" ><div id=\"pgc-1324-0-0\"  class=\"panel-grid-cell cell columns small-12 medium-9\" ><div id=\"panel-1324-0-0-0\" class=\"so-panel widget widget_siteorigin-panels-post-content panel-first-child\" data-index=\"0\" ><div style=\";background-repeat:repeat;\" class=\"panel-widget-style panel-widget-style-for-1324-0-0-0\" ><h1 class=\"entry-title\">Catechesi delle persone con disabilit\u00e0<\/h1><\/div><\/div><div id=\"panel-1324-0-0-1\" class=\"so-panel widget widget_sow-image\" data-index=\"1\" ><div style=\";background-repeat:repeat;\" class=\"panel-widget-style panel-widget-style-for-1324-0-0-1\" ><div\n\t\t\t\n\t\t\tclass=\"so-widget-sow-image so-widget-sow-image-default-8b5b6f678277-1324\"\n\t\t\t\n\t\t>\n\n<div class=\"sow-image-container\">\n\t\t<img loading=\"lazy\" decoding=\"async\" src=\"https:\/\/diocesi.concordia-pordenone.it\/catechistico\/wp-content\/uploads\/sites\/4\/2022\/03\/equipe-catechesi-e-disabili.jpg\" width=\"993\" height=\"590\" srcset=\"https:\/\/diocesi.concordia-pordenone.it\/catechistico\/wp-content\/uploads\/sites\/4\/2022\/03\/equipe-catechesi-e-disabili.jpg 993w, https:\/\/diocesi.concordia-pordenone.it\/catechistico\/wp-content\/uploads\/sites\/4\/2022\/03\/equipe-catechesi-e-disabili-300x178.jpg 300w, https:\/\/diocesi.concordia-pordenone.it\/catechistico\/wp-content\/uploads\/sites\/4\/2022\/03\/equipe-catechesi-e-disabili-768x456.jpg 768w, https:\/\/diocesi.concordia-pordenone.it\/catechistico\/wp-content\/uploads\/sites\/4\/2022\/03\/equipe-catechesi-e-disabili-600x356.jpg 600w, https:\/\/diocesi.concordia-pordenone.it\/catechistico\/wp-content\/uploads\/sites\/4\/2022\/03\/equipe-catechesi-e-disabili-800x475.jpg 800w\" sizes=\"auto, (max-width: 993px) 100vw, 993px\" alt=\"\" \t\tclass=\"so-widget-image\"\/>\n\t<\/div>\n\n<\/div><\/div><\/div><div id=\"panel-1324-0-0-2\" class=\"so-panel widget widget_sow-editor panel-last-child\" data-index=\"2\" ><div style=\";background-repeat:repeat;\" class=\"panel-widget-style panel-widget-style-for-1324-0-0-2\" ><div\n\t\t\t\n\t\t\tclass=\"so-widget-sow-editor so-widget-sow-editor-base\"\n\t\t\t\n\t\t><h3 class=\"widget-title\">CHI SIAMO<\/h3>\n<div class=\"siteorigin-widget-tinymce textwidget\">\n\t<p>Don\u00a0Giuseppe Dell'Osso\u00a0- Parroco di Ligugnana<br \/>\nDon Endris Ferraresso - Parroco di Teglio Veneto<br \/>\nBrigitte Fausti\u00a0- Parrocchia di S. Vito al T.<br \/>\nCinzia Giovanatto\u00a0- Parrocchia di Spilimbergo<br \/>\nMassimo Jus - Parrocchia di Castions di Zoppola<br \/>\nAngela Del Fabbro - Parrocchia di Lestans<br \/>\nLuca, Natascia e Riccardo Favaro - Parrocchia di Ligugnana<br \/>\nBeatrice Gasparotto<\/p>\n<p>L'\u00e9quipe ha la finalit\u00e0 di costituire in diocesi una presenza visibile e qualificata nel campo della disabilit\u00e0 per rispondere ai bisogni delle comunit\u00e0 parrocchiali e dei singoli catechisti in riferimento all'accompagnamento dell'iniziazione cristiana dei bambini e ragazzi disabili.<\/p>\n<p>Gli obiettivi che si pone sono:<br \/>\n- sensibilizzare la diocesi alla cura e alla crescita cristiana del bambino disabile;<br \/>\n- coinvolgere il bambino disabile nelle vita ordinaria della parrocchia;<br \/>\n- sostenere e formare i catechisti a livello\u00a0pedagogico - psicologico - medico - sociale;<br \/>\n- accompagnare la famiglia.<\/p>\n<p>I progetti futuri:<br \/>\n- formazione permanente dell'\u00e9quipe;<br \/>\n- affiancare le parrocchie nell'inserimento del bambino disabile al gruppo catechistico e alla Celebrazione Eucaristica;<br \/>\n- accompagnare le famiglie;<br \/>\n- programmare incontri formativi\u00a0per catechisti e sacerdoti;<br \/>\n- preparare materiale catechistico;<br \/>\n- organizzare ogni anno una\u00a0Celebrazione Eucaristica diocesana.<\/p>\n<p>L'\u00e9quipe, dal 2008 ad oggi, ha svolto le seguenti attivit\u00e0:<br \/>\n- programmato incontri con i sacerdoti;<br \/>\n- programmato incontri con i catechisti;<br \/>\n- accolto le problematiche emerse dai catechisti;<br \/>\n- contribuito alla formazione dei catechisti a livello centrale e negli accompagnamenti foraneali;<br \/>\n- partecipato a Convegni Nazionali utili per la formazione.<\/p>\n<p>Puoi contattarci quando...<br \/>\n- Desideri capire il termine disabilit\u00e0<br \/>\n- Incontri una persona speciale e ce la vuoi far conoscere<br \/>\n- Una famiglia ti chiede aiuto<br \/>\n- Incontri difficolt\u00e0 nella gestione del tuo gruppo<br \/>\n- Non sai da che parte iniziare<br \/>\n- Sei disponibile a iniziare un cammino con un bambino disabile<br \/>\n- Vuoi confrontarti sul tuo lavoro<br \/>\n- Vuoi essere ascoltato\/a e basta!<br \/>\n- Senti che potresti far parte della nostra \u00e9quipe<\/p>\n<p>...Se desideri, puoi farne parte anche tu !<\/p>\n<\/div>\n<\/div><\/div><\/div><\/div><div id=\"pgc-1324-0-1\"  class=\"panel-grid-cell cell columns small-12 medium-3\" ><div id=\"panel-1324-0-1-0\" class=\"so-panel widget widget_sow-editor panel-first-child\" data-index=\"3\" ><div style=\";background-repeat:repeat;\" class=\"panel-widget-style panel-widget-style-for-1324-0-1-0\" ><div\n\t\t\t\n\t\t\tclass=\"so-widget-sow-editor so-widget-sow-editor-base\"\n\t\t\t\n\t\t>\n<div class=\"siteorigin-widget-tinymce textwidget\">\n\t<\/div>\n<\/div><\/div><\/div><div id=\"panel-1324-0-1-1\" class=\"so-panel widget widget_sow-editor panel-last-child\" data-index=\"4\" ><div style=\";background-repeat:repeat;\" class=\"panel-widget-style panel-widget-style-for-1324-0-1-1\" ><div\n\t\t\t\n\t\t\tclass=\"so-widget-sow-editor so-widget-sow-editor-base\"\n\t\t\t\n\t\t>\n<div class=\"siteorigin-widget-tinymce textwidget\">\n\t<h4><a href=\"https:\/\/diocesi.concordia-pordenone.it\/catechistico\/category\/ced-per-saperne-di-piu\/\"><strong>Per saperne di pi\u00f9<\/strong><\/a><\/h4>\n<hr \/>\n<h4><a href=\"https:\/\/diocesi.concordia-pordenone.it\/catechistico\/category\/ced-catechesi-in-cantiere-idee-e-materiali\/\"><strong>Catechesi in cantiere...idee e materiali<\/strong><\/a><\/h4>\n<hr \/>\n<h4><a href=\"https:\/\/diocesi.concordia-pordenone.it\/catechistico\/category\/prossimi-appuntamenti\/\"><strong>Prossimi appuntamenti\u00a0<\/strong><\/a><\/h4>\n<hr \/>\n<p>&nbsp;<\/p>\n<\/div>\n<\/div><\/div><\/div><\/div><\/div><\/div><\/div>","protected":false},"excerpt":{"rendered":"<p>Don\u00a0Giuseppe Dell&#8217;Osso\u00a0&#8211; Parroco di Ligugnana Don Endris Ferraresso &#8211; Parroco di Teglio Veneto Brigitte Fausti\u00a0&#8211; Parrocchia di S. Vito al T. Cinzia Giovanatto\u00a0&#8211; Parrocchia di Spilimbergo Massimo Jus &#8211; Parrocchia di Castions di Zoppola Angela Del Fabbro &#8211; Parrocchia di Lestans Luca, Natascia e Riccardo Favaro &#8211; Parrocchia di Ligugnana Beatrice Gasparotto L&#8217;\u00e9quipe ha la finalit\u00e0 di costituire in diocesi una presenza visibile e qualificata &hellip; <a href=\"https:\/\/diocesi.concordia-pordenone.it\/catechistico\/catechesi-e-disabili\/\" class=\"more-link\">Continue reading <span class=\"screen-reader-text\"><\/span> <span class=\"meta-nav\">&raquo;<\/span><\/a><\/p>\n","protected":false},"author":0,"featured_media":0,"parent":0,"menu_order":0,"comment_status":"closed","ping_status":"closed","template":"","meta":{"_acf_changed":false,"footnotes":""},"class_list":["post-1324","page","type-page","status-publish","hentry"],"acf":{"seed-localization-paese-cod":"","seed-localization-address":"","seed-localization-citta":"","seed-localization-regione-cod-istat":"","seed-localization-citta-cod-istat":"","seed-localization-localita":"","seed-localization-cap":"","seed-localization-geo":{"lat":41.9053433,"lng":12.5099945,"zoom":10,"markers":[],"address":"","layers":["OpenStreetMap.Mapnik"],"version":"1.3.2"},"seed-localization-marker-visibility":false,"seed-localization-children-visibility":false,"seed-localization-kml":"","seed-localization-custom-marker":""},"_links":{"self":[{"href":"https:\/\/diocesi.concordia-pordenone.it\/catechistico\/wp-json\/wp\/v2\/pages\/1324","targetHints":{"allow":["GET"]}}],"collection":[{"href":"https:\/\/diocesi.concordia-pordenone.it\/catechistico\/wp-json\/wp\/v2\/pages"}],"about":[{"href":"https:\/\/diocesi.concordia-pordenone.it\/catechistico\/wp-json\/wp\/v2\/types\/page"}],"author":[{"embeddable":true,"href":"https:\/\/diocesi.concordia-pordenone.it\/catechistico\/wp-json\/wp\/v2\/users\/5"}],"replies":[{"embeddable":true,"href":"https:\/\/diocesi.concordia-pordenone.it\/catechistico\/wp-json\/wp\/v2\/comments?post=1324"}],"version-history":[{"count":9,"href":"https:\/\/diocesi.concordia-pordenone.it\/catechistico\/wp-json\/wp\/v2\/pages\/1324\/revisions"}],"predecessor-version":[{"id":1446,"href":"https:\/\/diocesi.concordia-pordenone.it\/catechistico\/wp-json\/wp\/v2\/pages\/1324\/revisions\/1446"}],"wp:attachment":[{"href":"https:\/\/diocesi.concordia-pordenone.it\/catechistico\/wp-json\/wp\/v2\/media?parent=1324"}],"curies":[{"name":"wp","href":"https:\/\/api.w.org\/{rel}","templated":true}]}}