{"id":1383,"date":"2023-05-24T09:16:41","date_gmt":"2023-05-24T07:16:41","guid":{"rendered":"https:\/\/diocesi.concordia-pordenone.it\/missionario\/?page_id=1383"},"modified":"2023-05-26T11:34:52","modified_gmt":"2023-05-26T09:34:52","slug":"etiopia-2","status":"publish","type":"page","link":"https:\/\/diocesi.concordia-pordenone.it\/missionario\/etiopia-2\/","title":{"rendered":"SAD: Etiopia"},"content":{"rendered":"<p><strong>AIUTO A FAMIGLIE IN GRAVE INDIGENZA CON BAMBINI IN ET\u00c0 SCOLARE<br \/>\n<\/strong><\/p>\n<p><strong>WOLAYTA, ETIOPIA<\/strong><\/p>\n<p><strong>\u00a0<\/strong>Antonio e Lina, i <em>due nonni per l\u2019Africa<\/em>, da vent\u2019anni conducono instancabilmente programmi di scolarizzazione rivolti con attenzione particolare a quelle bambine che vivono in condizioni di estremo disagio nel sud dell\u2019Etiopia, nella regione del Wolayta. Proprio con l\u2019amore e la premura di due nonni, seguono queste bambine dalla scuola dell\u2019infanzia fino al diploma professionale o all\u2019Universit\u00e0, cercando di sottrarle a un inevitabile destino fatto di emarginazione sociale, di matrimoni combinati o precoci, di abbandono e di miseria. Con lo stesso fine, volutamente a pochi passi dalla scuola femminile Abba Pascal di Konto, hanno ideato una Casa-famiglia per quante di queste bambine vogliono frequentare le lezioni ma vengono dalle zone pi\u00f9 lontane, rurali e povere. Il progetto, seguendo un circolo virtuoso, ha permesso a tante ragazze di laurearsi, trovare lavoro e poter aiutare loro stesse le loro famiglie. Inoltre, nell\u2019impegno a sostegno dell\u2019istruzione, hanno costruito due scuole dell\u2019infanzia (a Shanto e a Bombe), due scuole primarie (a Konto e a Dubbo), tre secondarie (a Konto, Dubbo e Sura Koyo) e una cooperativa per le donne (a Konto).<\/p>\n<p>Dopo diverso tempo trascorso nel Wolayta, in Etiopia, e dopo aver incontrato, accolto e accompagnato le storie di vita di molti e di molte qui, abbiamo potuto riscontrare in prima persona ci\u00f2 che la storia riporta da sempre, ovvero come siano proprio le donne a pagare il conto pi\u00f9 salato della povert\u00e0. Nella convinzione genuina che un aiuto di tipo puramente assistenziale non possa essere proficuo nel contrasto al mal sviluppo, crediamo nell\u2019importanza di sostenere non solo l\u2019educazione in generale, ma quella di bambine, ragazze e donne in particolare. Solo cos\u00ec \u00e8 possibile offrire loro gli strumenti per raggiungere una reale indipendenza, anche dagli aiuti stessi.<\/p>\n<p>Per questo motivo, presentiamo di seguito le storie di vita di 10 famiglie. Le abbiamo conosciute tutte personalmente e ne abbiamo potuto constatare direttamente il profondo, e talvolta sconfortante, disagio. Sono famiglie per lo pi\u00f9 monoparentali, di cui spesso il genitore rimasto \u00e8 malato, disoccupato o addirittura sprovvisto di una casa. Vorremmo assicurarci che le figlie e i figli di queste famiglie possano uscire dall\u2019emarginazione partendo dal garantire loro un\u2019istruzione di qualit\u00e0. Per riuscire in ci\u00f2, oltre alla semplice retta scolastica, risultano necessari almeno un pasto sufficiente a tenere viva l\u2019attenzione anzich\u00e9 addormentarsi per la troppa fame o che non li costringa a dover lavorare dopo scuola per procurarselo, la cancelleria richiesta e degli abiti intatti di cui non vergognarsi.<\/p>\n<p>Il suggerimento che presentiamo fa riferimento a settembre 2023 come data di inizio ed \u00e8 pensato per la durata di tre anni, cio\u00e8 fino a giugno 2026, fiduciosi che questo possa essere un tempo credibile alla famiglia per risollevarsi. Tuttavia, lungi dal voler vincolare l\u2019eventuale aiuto all\u2019intero triennio, anche solo un anno \u00e8 molto ben accetto. Quando una mano viene tesa colma di speranza verso di noi ci \u00e8 impossibile distogliere lo sguardo e ritrarre la nostra. Ora porgiamo la mano a voi affinch\u00e9 ce la stringiate con affetto, cos\u00ec che la cura dei pi\u00f9 bisognosi possa essere un atto di umanit\u00e0 collettiva, un vero abbraccio.<\/p>\n<p>Vi ringraziamo<\/p>\n<p><em>Antonio e Lina Striuli con Judy Cover<\/em><\/p>\n<h5 style=\"text-align: center\"><a href=\"https:\/\/diocesi.concordia-pordenone.it\/missionario\/sad-etiopia_1agnes-gebre\/\"><strong><em>Leggi le storie delle famiglie da sostenere<\/em><\/strong><\/a><\/h5>\n","protected":false},"excerpt":{"rendered":"<p>AIUTO A FAMIGLIE IN GRAVE INDIGENZA CON BAMBINI IN ET\u00c0 SCOLARE WOLAYTA, ETIOPIA \u00a0Antonio e Lina, i due nonni per l\u2019Africa, da vent\u2019anni conducono instancabilmente programmi di scolarizzazione rivolti con attenzione particolare a quelle bambine che vivono in condizioni di estremo disagio nel sud dell\u2019Etiopia, nella regione del Wolayta. Proprio con l\u2019amore e la premura di due nonni, seguono queste bambine dalla scuola dell\u2019infanzia fino &hellip; <a href=\"https:\/\/diocesi.concordia-pordenone.it\/missionario\/etiopia-2\/\" class=\"more-link\">Continue reading <span class=\"screen-reader-text\"><\/span> <span class=\"meta-nav\">&raquo;<\/span><\/a><\/p>\n","protected":false},"author":0,"featured_media":0,"parent":0,"menu_order":0,"comment_status":"closed","ping_status":"closed","template":"","meta":{"_acf_changed":false,"footnotes":""},"class_list":["post-1383","page","type-page","status-publish","hentry"],"acf":{"seed-localization-paese-cod":"","seed-localization-address":"","seed-localization-citta":"","seed-localization-regione-cod-istat":"","seed-localization-citta-cod-istat":"","seed-localization-localita":"","seed-localization-cap":"","seed-localization-geo":{"lat":41.90552298770031,"lng":12.509441971778871,"zoom":10,"markers":[],"address":"","layers":["OpenStreetMap.Mapnik"],"version":"1.3.2"},"seed-localization-marker-visibility":false,"seed-localization-children-visibility":false,"seed-localization-kml":"","seed-localization-custom-marker":""},"_links":{"self":[{"href":"https:\/\/diocesi.concordia-pordenone.it\/missionario\/wp-json\/wp\/v2\/pages\/1383","targetHints":{"allow":["GET"]}}],"collection":[{"href":"https:\/\/diocesi.concordia-pordenone.it\/missionario\/wp-json\/wp\/v2\/pages"}],"about":[{"href":"https:\/\/diocesi.concordia-pordenone.it\/missionario\/wp-json\/wp\/v2\/types\/page"}],"author":[{"embeddable":true,"href":"https:\/\/diocesi.concordia-pordenone.it\/missionario\/wp-json\/wp\/v2\/users\/9"}],"replies":[{"embeddable":true,"href":"https:\/\/diocesi.concordia-pordenone.it\/missionario\/wp-json\/wp\/v2\/comments?post=1383"}],"version-history":[{"count":7,"href":"https:\/\/diocesi.concordia-pordenone.it\/missionario\/wp-json\/wp\/v2\/pages\/1383\/revisions"}],"predecessor-version":[{"id":1441,"href":"https:\/\/diocesi.concordia-pordenone.it\/missionario\/wp-json\/wp\/v2\/pages\/1383\/revisions\/1441"}],"wp:attachment":[{"href":"https:\/\/diocesi.concordia-pordenone.it\/missionario\/wp-json\/wp\/v2\/media?parent=1383"}],"curies":[{"name":"wp","href":"https:\/\/api.w.org\/{rel}","templated":true}]}}