{"id":1398,"date":"2023-05-24T11:31:55","date_gmt":"2023-05-24T09:31:55","guid":{"rendered":"https:\/\/diocesi.concordia-pordenone.it\/missionario\/?page_id=1398"},"modified":"2023-05-26T11:23:28","modified_gmt":"2023-05-26T09:23:28","slug":"progetti-di-solidarieta-sostegno-a-distanza-sad","status":"publish","type":"page","link":"https:\/\/diocesi.concordia-pordenone.it\/missionario\/progetti-di-solidarieta-sostegno-a-distanza-sad\/","title":{"rendered":"Progetti di solidariet\u00e0: Sostegno a distanza (SAD)"},"content":{"rendered":"<p>Il Sostegno a distanza \u00e8 un gesto di solidariet\u00e0 fraterna, di condivisione tra popoli e culture diverse, di corresponsabilit\u00e0 missionaria. Elimina le distanze e barriere e diventa sostegno concreto ai nostri fratelli e sorelle che vivono nei paesi pi\u00f9 poveri. Il SAD \u00e8 un aiuto diretto ai giovani studenti ma anche alle loro famiglie che non sempre riescono a far fronte economicamente alle spese legate all\u2019istruzione dei figli. \u00c8 un gesto che contribuisce a vincere la povert\u00e0 e ci aiuta a costruire ponti di amicizia sincera tra comunit\u00e0 e famiglie lontane fisicamente.<\/p>\n<h5 style=\"text-align: center\"><strong><a href=\"https:\/\/diocesi.concordia-pordenone.it\/missionario\/etiopia-2\/\">SAD: ETIOPIA<\/a><\/strong><\/h5>\n<h5 style=\"text-align: center\"><strong><a href=\"https:\/\/diocesi.concordia-pordenone.it\/missionario\/progetto-adozioni-a-distanza\/\">SAD: MOZAMBICO<\/a><\/strong><\/h5>\n","protected":false},"excerpt":{"rendered":"<p>Il Sostegno a distanza \u00e8 un gesto di solidariet\u00e0 fraterna, di condivisione tra popoli e culture diverse, di corresponsabilit\u00e0 missionaria. Elimina le distanze e barriere e diventa sostegno concreto ai nostri fratelli e sorelle che vivono nei paesi pi\u00f9 poveri. Il SAD \u00e8 un aiuto diretto ai giovani studenti ma anche alle loro famiglie che non sempre riescono a far fronte economicamente alle spese legate &hellip; <a href=\"https:\/\/diocesi.concordia-pordenone.it\/missionario\/progetti-di-solidarieta-sostegno-a-distanza-sad\/\" class=\"more-link\">Continue reading <span class=\"screen-reader-text\"><\/span> <span class=\"meta-nav\">&raquo;<\/span><\/a><\/p>\n","protected":false},"author":0,"featured_media":0,"parent":0,"menu_order":0,"comment_status":"closed","ping_status":"closed","template":"","meta":{"_acf_changed":false,"footnotes":""},"class_list":["post-1398","page","type-page","status-publish","hentry"],"acf":{"seed-localization-paese-cod":"","seed-localization-address":"","seed-localization-citta":"","seed-localization-regione-cod-istat":"","seed-localization-citta-cod-istat":"","seed-localization-localita":"","seed-localization-cap":"","seed-localization-geo":{"lat":41.90552298770031,"lng":12.509441971778871,"zoom":10,"markers":[],"address":"","layers":["OpenStreetMap.Mapnik"],"version":"1.3.2"},"seed-localization-marker-visibility":false,"seed-localization-children-visibility":false,"seed-localization-kml":"","seed-localization-custom-marker":""},"_links":{"self":[{"href":"https:\/\/diocesi.concordia-pordenone.it\/missionario\/wp-json\/wp\/v2\/pages\/1398","targetHints":{"allow":["GET"]}}],"collection":[{"href":"https:\/\/diocesi.concordia-pordenone.it\/missionario\/wp-json\/wp\/v2\/pages"}],"about":[{"href":"https:\/\/diocesi.concordia-pordenone.it\/missionario\/wp-json\/wp\/v2\/types\/page"}],"author":[{"embeddable":true,"href":"https:\/\/diocesi.concordia-pordenone.it\/missionario\/wp-json\/wp\/v2\/users\/9"}],"replies":[{"embeddable":true,"href":"https:\/\/diocesi.concordia-pordenone.it\/missionario\/wp-json\/wp\/v2\/comments?post=1398"}],"version-history":[{"count":3,"href":"https:\/\/diocesi.concordia-pordenone.it\/missionario\/wp-json\/wp\/v2\/pages\/1398\/revisions"}],"predecessor-version":[{"id":1440,"href":"https:\/\/diocesi.concordia-pordenone.it\/missionario\/wp-json\/wp\/v2\/pages\/1398\/revisions\/1440"}],"wp:attachment":[{"href":"https:\/\/diocesi.concordia-pordenone.it\/missionario\/wp-json\/wp\/v2\/media?parent=1398"}],"curies":[{"name":"wp","href":"https:\/\/api.w.org\/{rel}","templated":true}]}}