{"id":1407,"date":"2023-05-24T11:49:21","date_gmt":"2023-05-24T09:49:21","guid":{"rendered":"https:\/\/diocesi.concordia-pordenone.it\/missionario\/?page_id=1407"},"modified":"2023-05-24T12:02:13","modified_gmt":"2023-05-24T10:02:13","slug":"i-ragazzi-del-lar","status":"publish","type":"page","link":"https:\/\/diocesi.concordia-pordenone.it\/missionario\/i-ragazzi-del-lar\/","title":{"rendered":"SAD: I ragazzi del LAR"},"content":{"rendered":"<p>&nbsp;<\/p>\n<p><img loading=\"lazy\" decoding=\"async\" class=\" wp-image-1233 alignleft\" src=\"https:\/\/diocesi.concordia-pordenone.it\/missionario\/wp-content\/uploads\/sites\/10\/2022\/12\/Lar.jpg\" alt=\"\" width=\"153\" height=\"144\" \/>Prima dell\u2019attacco alla missione (<a href=\"https:\/\/diocesi.concordia-pordenone.it\/missionario\/chipene-don-lorenzo-e-don-loris-sono-vivi\/\">leggi qui cosa \u00e8 successo<\/a>) 40 ragazzi vivevano tutti insieme all\u2019interno del LAR (tipo un ostello) dove potevano studiare e crescere nei valori di amicizia e solidariet\u00e0 fraterna. Questi ragazzi venivano da pi\u00f9 parti della regione di Nampula perch\u00e9 a Chipene trovavano accoglienza, amicizia e affetto da parte dei nostri missionari l\u00ec presenti. Tutti frequentavano la scuola secondaria tra mille difficolt\u00e0 ma con il grande desiderio di acquisire un diploma per poi pian piano costruirsi una vita migliore. Dopo l\u2019attacco, inizialmente il gruppo si \u00e8 disperso: alcuni sono tornati nei propri paesi di origine, altri sono scappati nelle cittadine pi\u00f9 vicine tentando di inserirsi in nuovi contesti ma quando non ci sono mezzi economici tutto diventa pi\u00f9 difficile, a tratti impossibile. Don Lorenzo Barro \u00e8 sempre in contatto con loro &#8211;\u00a0 anche se non riesce ad incontrarli con frequenza &#8211; anzitutto per mostrare loro vicinanza paterna poi anche per sostenerli nei loro bisogni di studio ed economici.<\/p>\n<blockquote><p>Ci\u00f2 che ti proponiamo \u00e8 aiutare don Lorenzo a non far mancare loro il sostegno necessario per proseguire gli studi iniziati.<\/p><\/blockquote>\n<h3>Come fare?<\/h3>\n<p>Puoi farlo attraverso un Sostegno a Distanza destinato ai ragazzi del LAR di Chipene anche se fisicamente non sono pi\u00f9 l\u00ec. Il valore annuo di un sostegno a distanza \u00e8 di Euro 150 che ti chiediamo di versare in un\u2019unica soluzione all\u2019inizio del SAD. In quell\u2019occasione ti invieremo una foto del gruppo di studenti che componevano le varie classi del LAR di Chipene e una lettera con una descrizione aggiornata della situazione dei ragazzi e del loro percorso di studio.<\/p>\n<h4>L\u2019importo pu\u00f2 essere versato in questo modo:<\/h4>\n<ol>\n<li>tramite c\/c postale n\u00b0 10166593 intestato a Curia Vescovile Ufficio Economato \u2013 indicando come causale \u201c<strong>SAD LAR<\/strong>&#8220;<\/li>\n<li>c\/c bancario presso l&#8217;Iban che verr\u00e0 comunicato appena verr\u00e0 perfezionata l&#8217;adozione<\/li>\n<\/ol>\n","protected":false},"excerpt":{"rendered":"<p>&nbsp; Prima dell\u2019attacco alla missione (leggi qui cosa \u00e8 successo) 40 ragazzi vivevano tutti insieme all\u2019interno del LAR (tipo un ostello) dove potevano studiare e crescere nei valori di amicizia e solidariet\u00e0 fraterna. Questi ragazzi venivano da pi\u00f9 parti della regione di Nampula perch\u00e9 a Chipene trovavano accoglienza, amicizia e affetto da parte dei nostri missionari l\u00ec presenti. Tutti frequentavano la scuola secondaria tra mille &hellip; <a href=\"https:\/\/diocesi.concordia-pordenone.it\/missionario\/i-ragazzi-del-lar\/\" class=\"more-link\">Continue reading <span class=\"screen-reader-text\"><\/span> <span class=\"meta-nav\">&raquo;<\/span><\/a><\/p>\n","protected":false},"author":0,"featured_media":0,"parent":0,"menu_order":0,"comment_status":"closed","ping_status":"closed","template":"","meta":{"_acf_changed":false,"footnotes":""},"class_list":["post-1407","page","type-page","status-publish","hentry"],"acf":{"seed-localization-paese-cod":"","seed-localization-address":"","seed-localization-citta":"","seed-localization-regione-cod-istat":"","seed-localization-citta-cod-istat":"","seed-localization-localita":"","seed-localization-cap":"","seed-localization-geo":{"lat":41.90552298770031,"lng":12.509441971778871,"zoom":10,"markers":[],"address":"","layers":["OpenStreetMap.Mapnik"],"version":"1.3.2"},"seed-localization-marker-visibility":false,"seed-localization-children-visibility":false,"seed-localization-kml":"","seed-localization-custom-marker":""},"_links":{"self":[{"href":"https:\/\/diocesi.concordia-pordenone.it\/missionario\/wp-json\/wp\/v2\/pages\/1407","targetHints":{"allow":["GET"]}}],"collection":[{"href":"https:\/\/diocesi.concordia-pordenone.it\/missionario\/wp-json\/wp\/v2\/pages"}],"about":[{"href":"https:\/\/diocesi.concordia-pordenone.it\/missionario\/wp-json\/wp\/v2\/types\/page"}],"author":[{"embeddable":true,"href":"https:\/\/diocesi.concordia-pordenone.it\/missionario\/wp-json\/wp\/v2\/users\/9"}],"replies":[{"embeddable":true,"href":"https:\/\/diocesi.concordia-pordenone.it\/missionario\/wp-json\/wp\/v2\/comments?post=1407"}],"version-history":[{"count":2,"href":"https:\/\/diocesi.concordia-pordenone.it\/missionario\/wp-json\/wp\/v2\/pages\/1407\/revisions"}],"predecessor-version":[{"id":1415,"href":"https:\/\/diocesi.concordia-pordenone.it\/missionario\/wp-json\/wp\/v2\/pages\/1407\/revisions\/1415"}],"wp:attachment":[{"href":"https:\/\/diocesi.concordia-pordenone.it\/missionario\/wp-json\/wp\/v2\/media?parent=1407"}],"curies":[{"name":"wp","href":"https:\/\/api.w.org\/{rel}","templated":true}]}}