{"id":1532,"date":"2024-02-06T12:52:12","date_gmt":"2024-02-06T11:52:12","guid":{"rendered":"https:\/\/diocesi.concordia-pordenone.it\/missionario\/?page_id=1532"},"modified":"2024-02-06T13:00:34","modified_gmt":"2024-02-06T12:00:34","slug":"un-pane-per-amor-di-dio-2024-un-cuore-che-arde","status":"publish","type":"page","link":"https:\/\/diocesi.concordia-pordenone.it\/missionario\/un-pane-per-amor-di-dio-2024-un-cuore-che-arde\/","title":{"rendered":"Un Pane per amor di Dio 2024 &#8211; \u201cUN CUORE CHE ARDE\u201d"},"content":{"rendered":"<p><img loading=\"lazy\" decoding=\"async\" class=\"alignright size-medium wp-image-1541\" src=\"https:\/\/diocesi.concordia-pordenone.it\/missionario\/wp-content\/uploads\/sites\/10\/2024\/02\/UnPanePerAmordiDio_A4_2024-212x300.jpg\" alt=\"\" width=\"212\" height=\"300\" srcset=\"https:\/\/diocesi.concordia-pordenone.it\/missionario\/wp-content\/uploads\/sites\/10\/2024\/02\/UnPanePerAmordiDio_A4_2024-212x300.jpg 212w, https:\/\/diocesi.concordia-pordenone.it\/missionario\/wp-content\/uploads\/sites\/10\/2024\/02\/UnPanePerAmordiDio_A4_2024-724x1024.jpg 724w, https:\/\/diocesi.concordia-pordenone.it\/missionario\/wp-content\/uploads\/sites\/10\/2024\/02\/UnPanePerAmordiDio_A4_2024-768x1087.jpg 768w, https:\/\/diocesi.concordia-pordenone.it\/missionario\/wp-content\/uploads\/sites\/10\/2024\/02\/UnPanePerAmordiDio_A4_2024-1086x1536.jpg 1086w, https:\/\/diocesi.concordia-pordenone.it\/missionario\/wp-content\/uploads\/sites\/10\/2024\/02\/UnPanePerAmordiDio_A4_2024-1448x2048.jpg 1448w, https:\/\/diocesi.concordia-pordenone.it\/missionario\/wp-content\/uploads\/sites\/10\/2024\/02\/UnPanePerAmordiDio_A4_2024-600x849.jpg 600w, https:\/\/diocesi.concordia-pordenone.it\/missionario\/wp-content\/uploads\/sites\/10\/2024\/02\/UnPanePerAmordiDio_A4_2024-1200x1698.jpg 1200w, https:\/\/diocesi.concordia-pordenone.it\/missionario\/wp-content\/uploads\/sites\/10\/2024\/02\/UnPanePerAmordiDio_A4_2024-800x1132.jpg 800w, https:\/\/diocesi.concordia-pordenone.it\/missionario\/wp-content\/uploads\/sites\/10\/2024\/02\/UnPanePerAmordiDio_A4_2024.jpg 1767w\" sizes=\"auto, (max-width: 212px) 100vw, 212px\" \/>Carissimi parroci,<\/p>\n<p>Carissimi amici e amiche,<\/p>\n<p>il tema che la Fondazione Missio ha scelto quest\u2019anno per vivere la quaresima missionaria e la Giornata di preghiera per i missionari martiri \u00e8 \u201cUn cuore che arde\u201d, lo stesso che anim\u00f2 i due discepoli di Emmaus a partire senza indugio e fare ritorno a Gerusalemme per raccontare a tutti la gioia di aver visto Ges\u00f9 Risorto.<\/p>\n<p>Questa \u00e8 la missione: annuncio della buona notizia! Non c\u2019\u00e8 un\u2019altra ragione per cui uomini e donne di Dio decidono di lasciare la propria casa e i propri affetti e vivere in luoghi lontani.<\/p>\n<p>Il mondo che i missionari trovano al loro arrivo \u00e8 spesso teatro di violenze, ingiustizie, guerre, carestie e gravi povert\u00e0 che causano violazione dei diritti umani, scarso accesso ai beni necessari per una vita che non sia solo sopravvivenza.<\/p>\n<p>Prendersi cura della vita spirituale delle persone ignorando le povert\u00e0 materiali e fisiche non \u00e8 possibile e non sarebbe evangelico, ecco perch\u00e9 spesso i missionari si cimentano in richieste di aiuto economico in favore delle loro comunit\u00e0 presentando a noi progetti educativi, medici, assistenziali o edilizi, e tutto ci\u00f2 che ritengono necessario e urgente per il bene della comunit\u00e0<\/p>\n<p>I tempi sono cambiati anche per noi ma la generosit\u00e0 e l\u2019espressione della nostra solidariet\u00e0 non viene meno e questo \u00e8 un bel segnale! Vi chiedo aiuto, anche con una piccola offerta, per sostenere alcuni dei numerosi progetti che ogni anno, attraverso \u201cUn pane per amor di Dio\u201d, sosteniamo in giro per il mondo. Ve ne presentiamo cinque, uno per ogni domenica di quaresima, ma grazie alla raccolta quaresimale sono molti di pi\u00f9 gli aiuti che riusciamo a dare nel corso dell\u2019anno ai vari missionari che ci scrivono: parecchi dei quali, tra l\u2019altro, sono originari del nostro territorio e delle nostre parrocchie.<\/p>\n<p>Vi chiedo per favore di ricordarvi dei pi\u00f9 poveri e di non far mancare la vostra solidariet\u00e0 anche se piccola, \u00e8 infatti attraverso il poco di ciascuno che riusciamo a fare grandi passi. In centro missionario trovate i salvadanai dove potete raccogliere le vostre offerte e il librettino con i progetti che sosterremo.<\/p>\n<p>Augurando a ciascuno di voi un buon cammino quaresimale, vi saluto e vi aspetto il 21 marzo alle ore 20.30 in Cattedrale per la Veglia dei Missionari Martiri.<\/p>\n<p>&nbsp;<\/p>\n<p><em> Alex Zappal\u00e0<\/em><\/p>\n<p><em>\u00a0\u00a0\u00a0\u00a0\u00a0\u00a0\u00a0\u00a0\u00a0\u00a0\u00a0\u00a0\u00a0\u00a0\u00a0\u00a0\u00a0\u00a0\u00a0\u00a0\u00a0\u00a0\u00a0\u00a0\u00a0\u00a0\u00a0\u00a0\u00a0\u00a0\u00a0\u00a0\u00a0\u00a0\u00a0\u00a0\u00a0\u00a0\u00a0\u00a0\u00a0\u00a0\u00a0\u00a0\u00a0\u00a0\u00a0\u00a0\u00a0\u00a0\u00a0\u00a0\u00a0\u00a0\u00a0\u00a0\u00a0\u00a0\u00a0\u00a0\u00a0\u00a0\u00a0\u00a0\u00a0\u00a0\u00a0\u00a0\u00a0\u00a0\u00a0\u00a0\u00a0\u00a0\u00a0\u00a0\u00a0\u00a0\u00a0\u00a0\u00a0\u00a0\u00a0\u00a0\u00a0\u00a0\u00a0\u00a0\u00a0\u00a0\u00a0 Direttore del Centro Missionario Diocesano\u00a0\u00a0\u00a0\u00a0\u00a0\u00a0\u00a0\u00a0\u00a0<\/em><\/p>\n<p>&nbsp;<\/p>\n<p><a href=\"https:\/\/diocesi.concordia-pordenone.it\/missionario\/wp-content\/uploads\/sites\/10\/2024\/02\/UnPanePerAmordiDio_Locandina_2024.pdf\"><strong>Scarica la Locandina<\/strong><\/a><\/p>\n<p><strong><a href=\"https:\/\/diocesi.concordia-pordenone.it\/missionario\/wp-content\/uploads\/sites\/10\/2024\/02\/Quaresima-missionaria-2024_progetti.pdf\">Scarica l&#8217;opuscolo<\/a><\/strong><\/p>\n<p>I progetti: <strong><span style=\"color: #ff6600\"><a style=\"color: #ff6600\" href=\"https:\/\/diocesi.concordia-pordenone.it\/missionario\/wp-content\/uploads\/sites\/10\/2024\/02\/BOZZA-5_Quaresima-missionaria-2024-BURKINA-FASO.pdf\">BURKINA FASO<\/a><\/span>, <span style=\"color: #99cc00\"><a style=\"color: #99cc00\" href=\"https:\/\/diocesi.concordia-pordenone.it\/missionario\/wp-content\/uploads\/sites\/10\/2024\/02\/BOZZA-5_Quaresima-missionaria-2024-ECUADOR.pdf\">ECUADOR<\/a><\/span>, <a href=\"https:\/\/diocesi.concordia-pordenone.it\/missionario\/wp-content\/uploads\/sites\/10\/2024\/02\/BOZZA-5_Quaresima-missionaria-2024-FILIPPINE.pdf\">FILIPPINE<\/a>, <a href=\"https:\/\/diocesi.concordia-pordenone.it\/missionario\/wp-content\/uploads\/sites\/10\/2024\/02\/BOZZA-5_Quaresima-missionaria-2024-COLOMBIA.pdf\"><span style=\"color: #cc99ff\">COLOMBIA<\/span><\/a>, <a href=\"https:\/\/diocesi.concordia-pordenone.it\/missionario\/wp-content\/uploads\/sites\/10\/2024\/02\/BOZZA-5_Quaresima-missionaria-2024-LIBANO.pdf\"><span style=\"color: #e0ba22\">LIBANO <\/span><\/a><\/strong><\/p>\n<hr class=\"wpba_attachment_hr\"><div id='wpba_attachment_list' class='wpba wpba-wrap'>\n<ul class='wpba-attachment-list unstyled'><li id='wpba_attachment_list_1544' class='wpba-list-item pull-left'><img src='https:\/\/diocesi.concordia-pordenone.it\/missionario\/wp-content\/themes\/wp-starter-so\/icons\/document.png' width='16' height='20' class='wpba-icon pull-left'><a href='https:\/\/diocesi.concordia-pordenone.it\/missionario\/wp-content\/uploads\/sites\/10\/2024\/02\/BOZZA-5_Quaresima-missionaria-2024-BURKINA-FASO.pdf' title='BOZZA 5_Quaresima missionaria 2024 BURKINA FASO' class='wpba-link pull-left' target=\"_blank\">BOZZA 5_Quaresima missionaria 2024 BURKINA FASO<\/a><\/li>\n<li id='wpba_attachment_list_1545' class='wpba-list-item pull-left'><img src='https:\/\/diocesi.concordia-pordenone.it\/missionario\/wp-content\/themes\/wp-starter-so\/icons\/document.png' width='16' height='20' class='wpba-icon pull-left'><a href='https:\/\/diocesi.concordia-pordenone.it\/missionario\/wp-content\/uploads\/sites\/10\/2024\/02\/BOZZA-5_Quaresima-missionaria-2024-COLOMBIA.pdf' title='BOZZA 5_Quaresima missionaria 2024 COLOMBIA' class='wpba-link pull-left' target=\"_blank\">BOZZA 5_Quaresima missionaria 2024 COLOMBIA<\/a><\/li>\n<li id='wpba_attachment_list_1546' class='wpba-list-item pull-left'><img src='https:\/\/diocesi.concordia-pordenone.it\/missionario\/wp-content\/themes\/wp-starter-so\/icons\/document.png' width='16' height='20' class='wpba-icon pull-left'><a href='https:\/\/diocesi.concordia-pordenone.it\/missionario\/wp-content\/uploads\/sites\/10\/2024\/02\/BOZZA-5_Quaresima-missionaria-2024-ECUADOR.pdf' title='BOZZA 5_Quaresima missionaria 2024 ECUADOR' class='wpba-link pull-left' target=\"_blank\">BOZZA 5_Quaresima missionaria 2024 ECUADOR<\/a><\/li>\n<li id='wpba_attachment_list_1547' class='wpba-list-item pull-left'><img src='https:\/\/diocesi.concordia-pordenone.it\/missionario\/wp-content\/themes\/wp-starter-so\/icons\/document.png' width='16' height='20' class='wpba-icon pull-left'><a href='https:\/\/diocesi.concordia-pordenone.it\/missionario\/wp-content\/uploads\/sites\/10\/2024\/02\/BOZZA-5_Quaresima-missionaria-2024-FILIPPINE.pdf' title='BOZZA 5_Quaresima missionaria 2024 FILIPPINE' class='wpba-link pull-left' target=\"_blank\">BOZZA 5_Quaresima missionaria 2024 FILIPPINE<\/a><\/li>\n<li id='wpba_attachment_list_1548' class='wpba-list-item pull-left'><img src='https:\/\/diocesi.concordia-pordenone.it\/missionario\/wp-content\/themes\/wp-starter-so\/icons\/document.png' width='16' height='20' class='wpba-icon pull-left'><a href='https:\/\/diocesi.concordia-pordenone.it\/missionario\/wp-content\/uploads\/sites\/10\/2024\/02\/BOZZA-5_Quaresima-missionaria-2024-LIBANO.pdf' title='BOZZA 5_Quaresima missionaria 2024 LIBANO' class='wpba-link pull-left' target=\"_blank\">BOZZA 5_Quaresima missionaria 2024 LIBANO<\/a><\/li>\n<li id='wpba_attachment_list_1549' class='wpba-list-item pull-left'><img src='https:\/\/diocesi.concordia-pordenone.it\/missionario\/wp-content\/themes\/wp-starter-so\/icons\/document.png' width='16' height='20' class='wpba-icon pull-left'><a href='https:\/\/diocesi.concordia-pordenone.it\/missionario\/wp-content\/uploads\/sites\/10\/2024\/02\/Quaresima-missionaria-2024_progetti.pdf' title='Quaresima missionaria 2024_progetti' class='wpba-link pull-left' target=\"_blank\">Quaresima missionaria 2024_progetti<\/a><\/li>\n<li id='wpba_attachment_list_1550' class='wpba-list-item pull-left'><img src='https:\/\/diocesi.concordia-pordenone.it\/missionario\/wp-content\/themes\/wp-starter-so\/icons\/document.png' width='16' height='20' class='wpba-icon pull-left'><a href='https:\/\/diocesi.concordia-pordenone.it\/missionario\/wp-content\/uploads\/sites\/10\/2024\/02\/UnPanePerAmordiDio_Locandina_2024.pdf' title='UnPanePerAmordiDio_Locandina_2024' class='wpba-link pull-left' target=\"_blank\">UnPanePerAmordiDio_Locandina_2024<\/a><\/li>\n<\/ul><\/div>\n","protected":false},"excerpt":{"rendered":"<p>Carissimi parroci, Carissimi amici e amiche, il tema che la Fondazione Missio ha scelto quest\u2019anno per vivere la quaresima missionaria e la Giornata di preghiera per i missionari martiri \u00e8 \u201cUn cuore che arde\u201d, lo stesso che anim\u00f2 i due discepoli di Emmaus a partire senza indugio e fare ritorno a Gerusalemme per raccontare a tutti la gioia di aver visto Ges\u00f9 Risorto. Questa \u00e8 &hellip; <a href=\"https:\/\/diocesi.concordia-pordenone.it\/missionario\/un-pane-per-amor-di-dio-2024-un-cuore-che-arde\/\" class=\"more-link\">Continue reading <span class=\"screen-reader-text\"><\/span> <span class=\"meta-nav\">&raquo;<\/span><\/a><\/p>\n","protected":false},"author":0,"featured_media":0,"parent":0,"menu_order":0,"comment_status":"closed","ping_status":"closed","template":"","meta":{"_acf_changed":false,"footnotes":""},"class_list":["post-1532","page","type-page","status-publish","hentry"],"acf":{"seed-localization-paese-cod":"","seed-localization-address":"","seed-localization-citta":"","seed-localization-regione-cod-istat":"","seed-localization-citta-cod-istat":"","seed-localization-localita":"","seed-localization-cap":"","seed-localization-geo":{"lat":41.90552298770031,"lng":12.509441971778871,"zoom":10,"markers":[],"address":"","layers":["OpenStreetMap.Mapnik"],"version":"1.3.2"},"seed-localization-marker-visibility":false,"seed-localization-children-visibility":false,"seed-localization-kml":"","seed-localization-custom-marker":""},"_links":{"self":[{"href":"https:\/\/diocesi.concordia-pordenone.it\/missionario\/wp-json\/wp\/v2\/pages\/1532","targetHints":{"allow":["GET"]}}],"collection":[{"href":"https:\/\/diocesi.concordia-pordenone.it\/missionario\/wp-json\/wp\/v2\/pages"}],"about":[{"href":"https:\/\/diocesi.concordia-pordenone.it\/missionario\/wp-json\/wp\/v2\/types\/page"}],"author":[{"embeddable":true,"href":"https:\/\/diocesi.concordia-pordenone.it\/missionario\/wp-json\/wp\/v2\/users\/9"}],"replies":[{"embeddable":true,"href":"https:\/\/diocesi.concordia-pordenone.it\/missionario\/wp-json\/wp\/v2\/comments?post=1532"}],"version-history":[{"count":2,"href":"https:\/\/diocesi.concordia-pordenone.it\/missionario\/wp-json\/wp\/v2\/pages\/1532\/revisions"}],"predecessor-version":[{"id":1542,"href":"https:\/\/diocesi.concordia-pordenone.it\/missionario\/wp-json\/wp\/v2\/pages\/1532\/revisions\/1542"}],"wp:attachment":[{"href":"https:\/\/diocesi.concordia-pordenone.it\/missionario\/wp-json\/wp\/v2\/media?parent=1532"}],"curies":[{"name":"wp","href":"https:\/\/api.w.org\/{rel}","templated":true}]}}