{"id":223,"date":"2021-07-14T13:29:27","date_gmt":"2021-07-14T11:29:27","guid":{"rendered":"https:\/\/diocesi.concordia-pordenone.it\/missionario\/?page_id=223"},"modified":"2022-02-23T11:52:09","modified_gmt":"2022-02-23T10:52:09","slug":"organi-della-missio-diocesana","status":"publish","type":"page","link":"https:\/\/diocesi.concordia-pordenone.it\/missionario\/organi-della-missio-diocesana\/","title":{"rendered":"Organi della Missio Diocesana"},"content":{"rendered":"<div><strong>PRESIDENTE<\/strong><\/div>\n<ul>\n<li>Il Vescovo ha il compito di promuovere dirigere e coordinare l\u2019attivit\u00e0 missionaria della diocesi.<\/li>\n<li>Spetta a lui dotare la Missio Diocesana dei mezzi necessari all\u2019esercizio delle proprie funzioni.<\/li>\n<li>Egli ne affida la direzione\u00a0a persona da lui scelta.<\/li>\n<\/ul>\n<div><strong>DIRETTORE<\/strong><\/div>\n<div>Il Direttore, nominato dal Vescovo, dirige l\u2019attivit\u00e0 della Missio Diocesana in collaborazione con la segreteria.<\/div>\n<ul>\n<li>Fa parte del Consiglio Pastorale Diocesano.<\/li>\n<li>Presiede la segreteria, coordina il lavoro.<\/li>\n<li>Presiede e coordina la Commissione\u00a0Missionaria Diocesana.<\/li>\n<li>Rappresenta la Missio diocesana nelle sedi opportune.<\/li>\n<li>Ha il dovere di assicurare che le offerte raccolte per un determinato scopo siano impiegate rispettandone scrupolosamente la destinazione.<\/li>\n<\/ul>\n<div><strong>LA COMMISSIONE MISSIONARIA DIOCESANA<\/strong><\/div>\n<div>Essa \u00e8 presieduta dal direttore ed \u00e8 composta dai rappresentanti delle realt\u00e0 missionarie\u00a0operanti in diocesi: Istituti missionari, Istituti religiosi aventi missioni,\u00a0<em>Fidei Donum\u00a0<\/em>rientrati, Movimenti Ecclesiali impegnati nella\u00a0<em>missio ad gentes<\/em>, organismi di volontariato internazionale di ispirazione cristiana, animatori e gruppi missionari parrocchiali.<\/div>\n<div>La Commissione Missionaria Diocesana \u00e8 organo di studio e di consultazione della Missio Diocesana.<\/div>\n<ul>\n<li>\u00a0Elabora il progetto missionario e lo realizza.<\/li>\n<li>\u00a0Approva i rendiconti della Missio Diocesana.<\/li>\n<\/ul>\n","protected":false},"excerpt":{"rendered":"<p>PRESIDENTE Il Vescovo ha il compito di promuovere dirigere e coordinare l\u2019attivit\u00e0 missionaria della diocesi. Spetta a lui dotare la Missio Diocesana dei mezzi necessari all\u2019esercizio delle proprie funzioni. Egli ne affida la direzione\u00a0a persona da lui scelta. DIRETTORE Il Direttore, nominato dal Vescovo, dirige l\u2019attivit\u00e0 della Missio Diocesana in collaborazione con la segreteria. Fa parte del Consiglio Pastorale Diocesano. Presiede la segreteria, coordina il &hellip; <a href=\"https:\/\/diocesi.concordia-pordenone.it\/missionario\/organi-della-missio-diocesana\/\" class=\"more-link\">Continue reading <span class=\"screen-reader-text\"><\/span> <span class=\"meta-nav\">&raquo;<\/span><\/a><\/p>\n","protected":false},"author":0,"featured_media":0,"parent":0,"menu_order":0,"comment_status":"closed","ping_status":"closed","template":"","meta":{"_acf_changed":false,"footnotes":""},"class_list":["post-223","page","type-page","status-publish","hentry"],"acf":{"seed-localization-paese-cod":"","seed-localization-address":"","seed-localization-citta":"","seed-localization-regione-cod-istat":"","seed-localization-citta-cod-istat":"","seed-localization-localita":"","seed-localization-cap":"","seed-localization-geo":{"lat":41.9053433,"lng":12.5099945,"zoom":10,"markers":[],"address":"","layers":["OpenStreetMap.Mapnik"],"version":"1.3.2"},"seed-localization-marker-visibility":false,"seed-localization-children-visibility":false,"seed-localization-kml":"","seed-localization-custom-marker":""},"_links":{"self":[{"href":"https:\/\/diocesi.concordia-pordenone.it\/missionario\/wp-json\/wp\/v2\/pages\/223","targetHints":{"allow":["GET"]}}],"collection":[{"href":"https:\/\/diocesi.concordia-pordenone.it\/missionario\/wp-json\/wp\/v2\/pages"}],"about":[{"href":"https:\/\/diocesi.concordia-pordenone.it\/missionario\/wp-json\/wp\/v2\/types\/page"}],"author":[{"embeddable":true,"href":"https:\/\/diocesi.concordia-pordenone.it\/missionario\/wp-json\/wp\/v2\/users\/1"}],"replies":[{"embeddable":true,"href":"https:\/\/diocesi.concordia-pordenone.it\/missionario\/wp-json\/wp\/v2\/comments?post=223"}],"version-history":[{"count":2,"href":"https:\/\/diocesi.concordia-pordenone.it\/missionario\/wp-json\/wp\/v2\/pages\/223\/revisions"}],"predecessor-version":[{"id":746,"href":"https:\/\/diocesi.concordia-pordenone.it\/missionario\/wp-json\/wp\/v2\/pages\/223\/revisions\/746"}],"wp:attachment":[{"href":"https:\/\/diocesi.concordia-pordenone.it\/missionario\/wp-json\/wp\/v2\/media?parent=223"}],"curies":[{"name":"wp","href":"https:\/\/api.w.org\/{rel}","templated":true}]}}