{"id":264,"date":"2021-07-16T16:58:43","date_gmt":"2021-07-16T14:58:43","guid":{"rendered":"https:\/\/diocesi.concordia-pordenone.it\/missionario\/?page_id=264"},"modified":"2023-05-26T11:37:12","modified_gmt":"2023-05-26T09:37:12","slug":"progetto-adozioni-a-distanza","status":"publish","type":"page","link":"https:\/\/diocesi.concordia-pordenone.it\/missionario\/progetto-adozioni-a-distanza\/","title":{"rendered":"SAD: Mozambico"},"content":{"rendered":"<h3>Le nostre proposte<\/h3>\n<p>Dopo i recenti episodi di violenza vissuti a Chipene &#8211; il piccolo villaggio in Mozambico dove operavano don Lorenzo Barro e don Loris Vignandel, nostri sacerdoti fidei donum &#8211; la convinzione di voler essere ancora pi\u00f9 vicini alla gente, alle famiglie, ai giovani di quella terra \u00e8 sempre pi\u00f9 viva in noi.<\/p>\n<p>Se \u00e8 vero che tutte le strutture sono state bruciate e distrutte, \u00e8 anche vero che le vite dei tanti ragazzi che abitavano la missione sono ancora in attesa di un futuro migliore e per realizzarlo hanno bisogno anche del nostro sostegno.<\/p>\n<h5 style=\"text-align: center\"><strong><a href=\"https:\/\/diocesi.concordia-pordenone.it\/missionario\/i-seminaristi-di-chipene\/\"><em>I seminaristi di Chipene<\/em><\/a><\/strong><\/h5>\n<h5 style=\"text-align: center\"><a href=\"https:\/\/diocesi.concordia-pordenone.it\/missionario\/i-ragazzi-del-lar\/\"><strong><em>I ragazzi del LAR<\/em><\/strong><\/a><\/h5>\n","protected":false},"excerpt":{"rendered":"<p>Le nostre proposte Dopo i recenti episodi di violenza vissuti a Chipene &#8211; il piccolo villaggio in Mozambico dove operavano don Lorenzo Barro e don Loris Vignandel, nostri sacerdoti fidei donum &#8211; la convinzione di voler essere ancora pi\u00f9 vicini alla gente, alle famiglie, ai giovani di quella terra \u00e8 sempre pi\u00f9 viva in noi. Se \u00e8 vero che tutte le strutture sono state bruciate &hellip; <a href=\"https:\/\/diocesi.concordia-pordenone.it\/missionario\/progetto-adozioni-a-distanza\/\" class=\"more-link\">Continue reading <span class=\"screen-reader-text\"><\/span> <span class=\"meta-nav\">&raquo;<\/span><\/a><\/p>\n","protected":false},"author":0,"featured_media":0,"parent":0,"menu_order":0,"comment_status":"closed","ping_status":"closed","template":"","meta":{"_acf_changed":false,"footnotes":""},"class_list":["post-264","page","type-page","status-publish","hentry"],"acf":{"seed-localization-paese-cod":"","seed-localization-address":"","seed-localization-citta":"","seed-localization-regione-cod-istat":"","seed-localization-citta-cod-istat":"","seed-localization-localita":"","seed-localization-cap":"","seed-localization-geo":{"lat":41.90552298770031,"lng":12.509441971778871,"zoom":10,"markers":[],"address":"","layers":["OpenStreetMap.Mapnik"],"version":"1.3.2"},"seed-localization-marker-visibility":false,"seed-localization-children-visibility":false,"seed-localization-kml":"","seed-localization-custom-marker":""},"_links":{"self":[{"href":"https:\/\/diocesi.concordia-pordenone.it\/missionario\/wp-json\/wp\/v2\/pages\/264","targetHints":{"allow":["GET"]}}],"collection":[{"href":"https:\/\/diocesi.concordia-pordenone.it\/missionario\/wp-json\/wp\/v2\/pages"}],"about":[{"href":"https:\/\/diocesi.concordia-pordenone.it\/missionario\/wp-json\/wp\/v2\/types\/page"}],"author":[{"embeddable":true,"href":"https:\/\/diocesi.concordia-pordenone.it\/missionario\/wp-json\/wp\/v2\/users\/1"}],"replies":[{"embeddable":true,"href":"https:\/\/diocesi.concordia-pordenone.it\/missionario\/wp-json\/wp\/v2\/comments?post=264"}],"version-history":[{"count":24,"href":"https:\/\/diocesi.concordia-pordenone.it\/missionario\/wp-json\/wp\/v2\/pages\/264\/revisions"}],"predecessor-version":[{"id":1442,"href":"https:\/\/diocesi.concordia-pordenone.it\/missionario\/wp-json\/wp\/v2\/pages\/264\/revisions\/1442"}],"wp:attachment":[{"href":"https:\/\/diocesi.concordia-pordenone.it\/missionario\/wp-json\/wp\/v2\/media?parent=264"}],"curies":[{"name":"wp","href":"https:\/\/api.w.org\/{rel}","templated":true}]}}