{"id":462,"date":"2022-02-10T12:34:16","date_gmt":"2022-02-10T11:34:16","guid":{"rendered":"https:\/\/diocesi.concordia-pordenone.it\/missionario\/?page_id=462"},"modified":"2022-02-14T11:49:25","modified_gmt":"2022-02-14T10:49:25","slug":"quaresima","status":"publish","type":"page","link":"https:\/\/diocesi.concordia-pordenone.it\/missionario\/quaresima\/","title":{"rendered":"QUARESIMA"},"content":{"rendered":"<h4 style=\"text-align: center\"><span style=\"color: #800000\"><strong><em>UN PANE PER AMOR DI DIO<\/em><\/strong><\/span><\/h4>\n<p><strong>PERCH\u00c9 UNA COLLETTA QUARESIMA? COME \u00c8 SORTA QUESTA INIZIATIVA \u201cUN PANE per AMOR DI DIO?\u201d<\/strong><\/p>\n<p>Nel febbraio del 1962 i Vescovi del Triveneto riuniti insieme emettevano un comunicato molto forte per invitare i cristiani delle proprie diocesi a vivere la Quaresima con uno stile totalmente diverso, evidenziando il cammino della carit\u00e0, della condivisione con i milioni di poveri sparsi nel mondo. Cos\u00ec \u00e8 nata la colletta \u201cUN PANE PER AMOR DI DIO\u201d. Una risposta alla situazione di fame e di miseria che negli anni \u201960 si presentava grave. I vescovi hanno voluto sensibilizzare i fedeli ricordando loro che gi\u00e0 nella prima comunit\u00e0 cristiana avveniva questo aiuto fra chiese sorelle.<img decoding=\"async\" class=\"alignright\" src=\"https:\/\/diocesi.concordia-pordenone.it\/missionario\/wp-content\/uploads\/sites\/10\/2022\/02\/pane-per-amor-di-Dio.jpg\" \/><br \/>\n\u201cRacconta infatti San Luca negli Atti (11, 29-30) che durante la tremenda carestia che al tempo dell\u2019imperatore Claudio colp\u00ec la Palestina, i cristiani di Antiochia decisero ciascuno a seconda delle proprie possibilit\u00e0, di mandare soccorsi agli abitanti della Giudea, e affidarono a Barnaba e Saulo tale delicato incarico\u201d.<br \/>\nLa Quaresima \u00e8 il tempo propizio che attraverso la Parola del Signore, la Liturgia, il cammino di riconciliazione, l\u2019invito al digiuno, alla sobriet\u00e0, alla penitenza, tutto concorre a creare in noi un cuore aperto e sensibile alle necessit\u00e0 dei fratelli, non solo vicini ma anche lontani. Non vi chiediamo di rinunciare al necessario, scrivono i Vescovi, bens\u00ec di offrire il superfluo. Nella nostra giornata, a considerarla bene, ci sono, e non poche, occasioni di fare qualche piccola rinuncia; tradotte in moneta e raccolte insieme, potranno donarci la gioia di offrire una somma pi\u00f9 che discreta per i fratelli lontani.<br \/>\nDiveniamo docili ministri della Provvidenza Divina noi, che la sperimentiamo nella sovrabbondanza dei suoi doni e delle sue grazie. A superare ogni ostacolo dettato da egoismo o da grettezza, a spronarci ad aprire cuore e borsa, risuona, pegno di eterna ricompensa, la parola di Ges\u00f9: avevo fame e mi avete dato da mangiare, avevo sete e mi avete dato da bere, ero ignudo e mi avete dato un vestito&#8230; tutto quello che avete fatto a uno solo di questi miei fratelli pi\u00f9 piccoli, l\u2019avete fatto a me Venite, o benedetti dal Padre Mio&#8230; (Mt 25,34-36).<br \/>\nCOS\u00cc \u00c8 NATO IL SEGNO CHE ESPRIME CONDIVISIONE &#8211; SOBRIET\u00c0: IL SALVADANAIO, UN PICCOLO SEGNO CONSEGNATO ALL\u2019INIZIO DEL CAMMINO QUARESIMALE, POSTO DAVANTI AI NOSTRI OCCHI IN FAMIGLIA PER NON DIMENTICARE, MA SOLO PER ESPRIMERE SOLIDARIETA\u2019 CON I POVERI LONTANI.<\/p>\n<p><strong>GLI STRUMENTI PER LA QUARESIMA DI SOLIDARIET\u00c0.<\/strong><br \/>\nUn segno della Quaresima \u00e8 la solidariet\u00e0 con i nostri missionari, espressione della comunione della nostra chiesa con le loro chiese, della nostra gente con la loro gente.<br \/>\nDal Centro Missionario Diocesano vengono proposti dei PROGETTI con i quali la nostra diocesi mantiene vivo il legame con i nostri missionari.<br \/>\n<strong>&#8211;<\/strong> Viene proposta <em><strong>una <\/strong><strong><em>l<\/em>ocandina<\/strong> <\/em>che facilita il ricordare-tenere viva la memoria degli impegni Quaresimali: questo manifesto pu\u00f2 essere dunque fissato in vari ambienti.<br \/>\n<strong>&#8211;<\/strong> Pu\u00f2 essere richiesto<em><strong> un foglio con i progetti missionari<\/strong><\/em>.<br \/>\n<strong>&#8211;<\/strong> \u00c8 reperibile <strong><em>il salvadanaio<\/em><\/strong>, strumento gi\u00e0 conosciuto. Si invita a consegnarlo a ciascun gruppo attivo in parrocchia, oltre che a quelli della catechesi, e a distribuirlo nelle case agli ammalati. Inoltre, consegnarlo in un momento dedicato, magari inserito nella Celebrazione del mercoled\u00ec delle Ceneri o nella messa della Prima domenica di Quaresima, pu\u00f2 diventare un modo per coinvolgere tutta la comunit\u00e0. Si possono poi invitare le famiglie a porre il salvadanaio in un punto significativo della casa, come segno di condivisione. La restituzione potrebbe avvenire all\u2019interno del triduo pasquale, valorizzando il momento.<\/p>\n","protected":false},"excerpt":{"rendered":"<p>UN PANE PER AMOR DI DIO PERCH\u00c9 UNA COLLETTA QUARESIMA? COME \u00c8 SORTA QUESTA INIZIATIVA \u201cUN PANE per AMOR DI DIO?\u201d Nel febbraio del 1962 i Vescovi del Triveneto riuniti insieme emettevano un comunicato molto forte per invitare i cristiani delle proprie diocesi a vivere la Quaresima con uno stile totalmente diverso, evidenziando il cammino della carit\u00e0, della condivisione con i milioni di poveri sparsi &hellip; <a href=\"https:\/\/diocesi.concordia-pordenone.it\/missionario\/quaresima\/\" class=\"more-link\">Continue reading <span class=\"screen-reader-text\"><\/span> <span class=\"meta-nav\">&raquo;<\/span><\/a><\/p>\n","protected":false},"author":0,"featured_media":0,"parent":0,"menu_order":0,"comment_status":"closed","ping_status":"closed","template":"","meta":{"_acf_changed":false,"footnotes":""},"class_list":["post-462","page","type-page","status-publish","hentry"],"acf":{"seed-localization-paese-cod":"","seed-localization-address":"","seed-localization-citta":"","seed-localization-regione-cod-istat":"","seed-localization-citta-cod-istat":"","seed-localization-localita":"","seed-localization-cap":"","seed-localization-geo":{"lat":41.9053433,"lng":12.5099945,"zoom":10,"markers":[],"address":"","layers":["OpenStreetMap.Mapnik"],"version":"1.3.2"},"seed-localization-marker-visibility":false,"seed-localization-children-visibility":false,"seed-localization-kml":"","seed-localization-custom-marker":""},"_links":{"self":[{"href":"https:\/\/diocesi.concordia-pordenone.it\/missionario\/wp-json\/wp\/v2\/pages\/462","targetHints":{"allow":["GET"]}}],"collection":[{"href":"https:\/\/diocesi.concordia-pordenone.it\/missionario\/wp-json\/wp\/v2\/pages"}],"about":[{"href":"https:\/\/diocesi.concordia-pordenone.it\/missionario\/wp-json\/wp\/v2\/types\/page"}],"author":[{"embeddable":true,"href":"https:\/\/diocesi.concordia-pordenone.it\/missionario\/wp-json\/wp\/v2\/users\/9"}],"replies":[{"embeddable":true,"href":"https:\/\/diocesi.concordia-pordenone.it\/missionario\/wp-json\/wp\/v2\/comments?post=462"}],"version-history":[{"count":9,"href":"https:\/\/diocesi.concordia-pordenone.it\/missionario\/wp-json\/wp\/v2\/pages\/462\/revisions"}],"predecessor-version":[{"id":506,"href":"https:\/\/diocesi.concordia-pordenone.it\/missionario\/wp-json\/wp\/v2\/pages\/462\/revisions\/506"}],"wp:attachment":[{"href":"https:\/\/diocesi.concordia-pordenone.it\/missionario\/wp-json\/wp\/v2\/media?parent=462"}],"curies":[{"name":"wp","href":"https:\/\/api.w.org\/{rel}","templated":true}]}}