{"id":737,"date":"2022-02-23T11:33:44","date_gmt":"2022-02-23T10:33:44","guid":{"rendered":"https:\/\/diocesi.concordia-pordenone.it\/missionario\/?page_id=737"},"modified":"2022-02-23T12:04:47","modified_gmt":"2022-02-23T11:04:47","slug":"albania","status":"publish","type":"page","link":"https:\/\/diocesi.concordia-pordenone.it\/missionario\/albania\/","title":{"rendered":"ALBANIA"},"content":{"rendered":"<p><strong>\u201cRindertimi\u201d<\/strong> significa <strong>\u201cricostruzione\u201d<\/strong> e questa parola \u00e8 il termine chiave che guida tutte le azioni del progetto.<\/p>\n<p><img decoding=\"async\" class=\"alignright\" src=\"https:\/\/diocesi.concordia-pordenone.it\/missionario\/wp-content\/uploads\/sites\/10\/2022\/02\/ALBANIA-WEB.jpg\" \/><\/p>\n<p>In <strong>Albania<\/strong> nel 2019 il tasso di disoccupazione giovanile era al 27%. I giovani albanesi in ogni sfera della propria vita (familiare, scolastica, sociale, lavorativa) si scontrano con ostacoli e difficolt\u00e0 che precludono la costruzione di una societ\u00e0 pi\u00f9 equa e inclusiva. \u00c8 per queste ragioni che in Albania da diversi anni si assiste al fenomeno della diaspora delle giovani generazioni. Non vedendo prospettive nel proprio Paese, essi scelgono o vengono costretti dalle proprie famiglie a emigrare all\u2019estero.<\/p>\n<p>Nel 2020 queste percentuali si sono ridotte, ma solo a causa della pandemia Covid 19. Problematica che per\u00f2 ha acuito le condizioni sociali ed economiche gi\u00e0 negative dell\u2019intera societ\u00e0, con conseguenze ancor pi\u00f9 gravi tra i giovani, come indicato nel rapporto ONU del 2020 <em>\u201cUn Albania covid-19 socio-economic recovery &amp; response plan\u201d. <\/em>Esso evidenzia, ad esempio, che l\u2019Albania potrebbe raddoppiare in breve tempo il tasso di povert\u00e0 estrema, l\u2019impatto negativo della pandemia sul sistema educativo a breve e lungo termine, l\u2019aumento del rischio di lavoro illegale e sfruttamento minorile, l\u2019aumento delle violenze domestiche verso donne e bambini.<\/p>\n<p>Il progetto \u201cRindertimi. Ricostruiamo insieme un futuro per i giovani albanesi\u201d vuole contribuire al processo di cambiamento verso una societ\u00e0 che permetta ai giovani di partecipare pienamente alla vita economica, sociale, culturale dell\u2019Albania.<\/p>\n<p>\u201cRindertimi\u201d significa \u201cricostruzione\u201d e questa parola \u00e8 il termine chiave che guida tutte le azioni del progetto. Quest\u2019ultimo, offrir\u00e0 ai giovani delle occasioni concrete di crescita relazionale, culturale, sociale, educativa e lavorativa; coinvolger\u00e0 diversi attori della societ\u00e0 locale albanese che saranno promotori di occasioni di cambiamento e di miglioramento del benessere dei giovani, facilitando cos\u00ec il processo verso una societ\u00e0 pi\u00f9 giusta, inclusiva e pacifica.<\/p>\n","protected":false},"excerpt":{"rendered":"<p>\u201cRindertimi\u201d significa \u201cricostruzione\u201d e questa parola \u00e8 il termine chiave che guida tutte le azioni del progetto. In Albania nel 2019 il tasso di disoccupazione giovanile era al 27%. I giovani albanesi in ogni sfera della propria vita (familiare, scolastica, sociale, lavorativa) si scontrano con ostacoli e difficolt\u00e0 che precludono la costruzione di una societ\u00e0 pi\u00f9 equa e inclusiva. \u00c8 per queste ragioni che in &hellip; <a href=\"https:\/\/diocesi.concordia-pordenone.it\/missionario\/albania\/\" class=\"more-link\">Continue reading <span class=\"screen-reader-text\"><\/span> <span class=\"meta-nav\">&raquo;<\/span><\/a><\/p>\n","protected":false},"author":0,"featured_media":0,"parent":0,"menu_order":0,"comment_status":"closed","ping_status":"closed","template":"","meta":{"_acf_changed":false,"footnotes":""},"class_list":["post-737","page","type-page","status-publish","hentry"],"acf":{"seed-localization-paese-cod":"","seed-localization-address":"","seed-localization-citta":"","seed-localization-regione-cod-istat":"","seed-localization-citta-cod-istat":"","seed-localization-localita":"","seed-localization-cap":"","seed-localization-geo":{"lat":41.9053433,"lng":12.5099945,"zoom":10,"markers":[],"address":"","layers":["OpenStreetMap.Mapnik"],"version":"1.3.2"},"seed-localization-marker-visibility":false,"seed-localization-children-visibility":false,"seed-localization-kml":"","seed-localization-custom-marker":""},"_links":{"self":[{"href":"https:\/\/diocesi.concordia-pordenone.it\/missionario\/wp-json\/wp\/v2\/pages\/737","targetHints":{"allow":["GET"]}}],"collection":[{"href":"https:\/\/diocesi.concordia-pordenone.it\/missionario\/wp-json\/wp\/v2\/pages"}],"about":[{"href":"https:\/\/diocesi.concordia-pordenone.it\/missionario\/wp-json\/wp\/v2\/types\/page"}],"author":[{"embeddable":true,"href":"https:\/\/diocesi.concordia-pordenone.it\/missionario\/wp-json\/wp\/v2\/users\/9"}],"replies":[{"embeddable":true,"href":"https:\/\/diocesi.concordia-pordenone.it\/missionario\/wp-json\/wp\/v2\/comments?post=737"}],"version-history":[{"count":1,"href":"https:\/\/diocesi.concordia-pordenone.it\/missionario\/wp-json\/wp\/v2\/pages\/737\/revisions"}],"predecessor-version":[{"id":738,"href":"https:\/\/diocesi.concordia-pordenone.it\/missionario\/wp-json\/wp\/v2\/pages\/737\/revisions\/738"}],"wp:attachment":[{"href":"https:\/\/diocesi.concordia-pordenone.it\/missionario\/wp-json\/wp\/v2\/media?parent=737"}],"curies":[{"name":"wp","href":"https:\/\/api.w.org\/{rel}","templated":true}]}}