{"id":741,"date":"2022-02-23T11:36:17","date_gmt":"2022-02-23T10:36:17","guid":{"rendered":"https:\/\/diocesi.concordia-pordenone.it\/missionario\/?page_id=741"},"modified":"2022-03-04T09:59:02","modified_gmt":"2022-03-04T08:59:02","slug":"un-pane-per-amor-di-dio-2022-vivere-x-dono","status":"publish","type":"page","link":"https:\/\/diocesi.concordia-pordenone.it\/missionario\/quaresima\/un-pane-per-amor-di-dio-2022-vivere-x-dono\/","title":{"rendered":"Un pane per amor di Dio 2022 &#8211; VIVERE X DONO"},"content":{"rendered":"<h3 style=\"text-align: center\"><img loading=\"lazy\" decoding=\"async\" class=\"size-medium wp-image-487 alignleft\" src=\"https:\/\/diocesi.concordia-pordenone.it\/missionario\/wp-content\/uploads\/sites\/10\/2022\/02\/Esterno-01-01-218x300.jpg\" alt=\"\" width=\"218\" height=\"300\" srcset=\"https:\/\/diocesi.concordia-pordenone.it\/missionario\/wp-content\/uploads\/sites\/10\/2022\/02\/Esterno-01-01-218x300.jpg 218w, https:\/\/diocesi.concordia-pordenone.it\/missionario\/wp-content\/uploads\/sites\/10\/2022\/02\/Esterno-01-01-743x1024.jpg 743w, https:\/\/diocesi.concordia-pordenone.it\/missionario\/wp-content\/uploads\/sites\/10\/2022\/02\/Esterno-01-01-768x1058.jpg 768w, https:\/\/diocesi.concordia-pordenone.it\/missionario\/wp-content\/uploads\/sites\/10\/2022\/02\/Esterno-01-01-1115x1536.jpg 1115w, https:\/\/diocesi.concordia-pordenone.it\/missionario\/wp-content\/uploads\/sites\/10\/2022\/02\/Esterno-01-01-1487x2048.jpg 1487w, https:\/\/diocesi.concordia-pordenone.it\/missionario\/wp-content\/uploads\/sites\/10\/2022\/02\/Esterno-01-01-600x827.jpg 600w, https:\/\/diocesi.concordia-pordenone.it\/missionario\/wp-content\/uploads\/sites\/10\/2022\/02\/Esterno-01-01-1200x1653.jpg 1200w, https:\/\/diocesi.concordia-pordenone.it\/missionario\/wp-content\/uploads\/sites\/10\/2022\/02\/Esterno-01-01-800x1102.jpg 800w, https:\/\/diocesi.concordia-pordenone.it\/missionario\/wp-content\/uploads\/sites\/10\/2022\/02\/Esterno-01-01-scaled.jpg 1858w\" sizes=\"auto, (max-width: 218px) 100vw, 218px\" \/><img loading=\"lazy\" decoding=\"async\" class=\" wp-image-463 alignleft\" src=\"https:\/\/diocesi.concordia-pordenone.it\/missionario\/wp-content\/uploads\/sites\/10\/2022\/02\/IMG-20220131-WA0003-300x218.jpg\" alt=\"\" width=\"416\" height=\"302\" srcset=\"https:\/\/diocesi.concordia-pordenone.it\/missionario\/wp-content\/uploads\/sites\/10\/2022\/02\/IMG-20220131-WA0003-300x218.jpg 300w, https:\/\/diocesi.concordia-pordenone.it\/missionario\/wp-content\/uploads\/sites\/10\/2022\/02\/IMG-20220131-WA0003-1024x743.jpg 1024w, https:\/\/diocesi.concordia-pordenone.it\/missionario\/wp-content\/uploads\/sites\/10\/2022\/02\/IMG-20220131-WA0003-768x557.jpg 768w, https:\/\/diocesi.concordia-pordenone.it\/missionario\/wp-content\/uploads\/sites\/10\/2022\/02\/IMG-20220131-WA0003-1536x1115.jpg 1536w, https:\/\/diocesi.concordia-pordenone.it\/missionario\/wp-content\/uploads\/sites\/10\/2022\/02\/IMG-20220131-WA0003-600x435.jpg 600w, https:\/\/diocesi.concordia-pordenone.it\/missionario\/wp-content\/uploads\/sites\/10\/2022\/02\/IMG-20220131-WA0003-1200x871.jpg 1200w, https:\/\/diocesi.concordia-pordenone.it\/missionario\/wp-content\/uploads\/sites\/10\/2022\/02\/IMG-20220131-WA0003-800x581.jpg 800w, https:\/\/diocesi.concordia-pordenone.it\/missionario\/wp-content\/uploads\/sites\/10\/2022\/02\/IMG-20220131-WA0003.jpg 1600w\" sizes=\"auto, (max-width: 416px) 100vw, 416px\" \/><em>I progetti di quest&#8217;anno<\/em><\/h3>\n<h3 style=\"text-align: center\"><a href=\"https:\/\/diocesi.concordia-pordenone.it\/missionario\/albania\/\"><strong><span style=\"color: #ffcc00\">ALBANIA<\/span><\/strong><\/a><\/h3>\n<h3 style=\"text-align: center\"><span style=\"color: #0000ff\"><a style=\"color: #0000ff\" href=\"https:\/\/diocesi.concordia-pordenone.it\/missionario\/myanmar\/\"><strong>MYANMAR<\/strong><\/a><\/span><\/h3>\n<h3 style=\"text-align: center\"><span style=\"color: #99cc00\"><a style=\"color: #99cc00\" href=\"https:\/\/diocesi.concordia-pordenone.it\/missionario\/etiopia\/\"><strong>ETIOPIA<\/strong><\/a><\/span><\/h3>\n<h3 style=\"text-align: center\"><a href=\"https:\/\/diocesi.concordia-pordenone.it\/missionario\/burundi\/\"><span style=\"color: #ff0000\"><strong>BURUNDI<\/strong><\/span><\/a><\/h3>\n<h3 style=\"text-align: center\"><span style=\"color: #339966\"><a style=\"color: #339966\" href=\"https:\/\/diocesi.concordia-pordenone.it\/missionario\/ecuador\/\"><strong>ECUADOR<\/strong><\/a><\/span><\/h3>\n<p>&nbsp;<\/p>\n<p>La quaresima, ormai da tradizione per la nostra diocesi, \u00e8 anche tempo per aprire il cuore e lo sguardo \u201cfino agli estremi confini della terra\u201d ovvero in quei luoghi remoti dove tanti nostri missionari e missionarie annunciano il Vangelo con coraggio e dedizione. La campagna di solidariet\u00e0 \u201cUn Pane per Amor di Dio\u201d ci permette di sviluppare ponti di amicizia e sostegno economico con le comunit\u00e0 cristiane che vivono in situazioni di povert\u00e0, guerre e carestie. La pandemia ha aumentato la soglia di povert\u00e0 nel nostro Paese come in tutto il resto del mondo e milioni di persone che gi\u00e0 erano impoverite oggi si trovano ben oltre sotto la soglia della sopravvivenza. Il pensiero che tante famiglie stiano combattendo contro la fame e la malnutrizione ci lascia sempre sgomenti ma allo stesso tempo ci incoraggia a non interrompere la condivisione e il sostegno con queste realt\u00e0.<\/p>\n<p>La guerra tra Russia e Ucraina che inevitabilmente coinvolge tutti i Paesi dell\u2019Unione Europea \u00e8 un ulteriore dramma che a conclusione (quasi) della pandemia getta nella miseria e nello sconforto tutta l\u2019umanit\u00e0 e soprattutto tutti i popoli che in questo momento sono minacciati da bombe e carroarmati. Odio, violenza, guerra, non possono essere queste le parole che consegniamo alle future generazioni: ovvero ai nostri figli e nipoti! Possiamo e dobbiamo costruire un mondo altro e certamente la solidariet\u00e0 verso coloro che vivono nella necessit\u00e0 \u00e8 un modo per farlo.<\/p>\n<p>Ecco perch\u00e9 abbiamo scelto, anche quest\u2019anno, di sostenere cinque progetti (tra i tanti che ci sono arrivati) in diverse zone del mondo dove operano \u2013 oppure operavano fino a qualche anno fa \u2013 le missionarie e i missionari originari della nostra diocesi. Le missioni coinvolte si trovano in <strong>Ecuador, Albania, Burundi, Myanmar, Etiopia<\/strong>.<\/p>\n<p>Sul nostro sito <a href=\"http:\/\/www.diocesi.concordia-pordenone.it\/missionario\/\">www.diocesi.concordia-pordenone.it\/missionario\/<\/a> potrete trovare tutte le informazioni legate ai progetti di quest\u2019anno e anche l\u2019archivio dei progetti sostenuti negli anni passati.<\/p>\n<p>Attualmente sono 134 i missionari originari della nostra diocesi. Non tutti per\u00f2 sono in servizio, molti infatti &#8211; dopo lunghissimi anni di missione \u2013 sono rientrati in Italia perch\u00e9 ammalati o semplicemente anziani e hanno passato il testimone a \u201cnuove leve\u201d, altri confratelli e sorelle che con lo stesso entusiasmo proseguono l\u2019opera da loro iniziata.<\/p>\n<p>Gli strumenti sono quelli che gi\u00e0 conosciamo: il piccolo salvadanaio, nella sua nuova versione pi\u00f9 brillante e colorata, che possiamo utilizzare con i nostri bambini e ragazzi del catechismo per educarli alla solidariet\u00e0 fraterna e far scoprire loro che <em>\u201cc\u2019\u00e8 pi\u00f9 gioia nel dare che nel ricevere\u201d<\/em> (At 20, 35), il pieghevole con l\u2019elenco dei progetti e una loro breve descrizione e poi la testimonianza diretta durante la celebrazione, siamo personalmente disponibili a piccoli interventi e testimonianza da offrire durante il tempo quaresimale, non esitate a contattarci.<\/p>\n<p>Buon cammino quaresimale a tutti.<\/p>\n<p>&nbsp;<\/p>\n<p>Fraternamente<\/p>\n<p>Alex Zappal\u00e0<\/p>\n<p><em>\u00a0\u00a0\u00a0\u00a0\u00a0\u00a0\u00a0\u00a0\u00a0\u00a0\u00a0\u00a0\u00a0\u00a0\u00a0\u00a0\u00a0\u00a0\u00a0\u00a0\u00a0\u00a0\u00a0\u00a0\u00a0\u00a0\u00a0\u00a0\u00a0\u00a0\u00a0\u00a0\u00a0\u00a0\u00a0\u00a0\u00a0\u00a0\u00a0\u00a0\u00a0\u00a0\u00a0\u00a0\u00a0\u00a0\u00a0\u00a0\u00a0\u00a0\u00a0\u00a0\u00a0\u00a0\u00a0\u00a0\u00a0\u00a0\u00a0\u00a0\u00a0\u00a0\u00a0\u00a0\u00a0\u00a0\u00a0\u00a0\u00a0\u00a0\u00a0\u00a0\u00a0\u00a0\u00a0\u00a0\u00a0\u00a0\u00a0\u00a0\u00a0\u00a0\u00a0\u00a0\u00a0\u00a0\u00a0\u00a0\u00a0\u00a0\u00a0\u00a0\u00a0\u00a0\u00a0\u00a0\u00a0\u00a0\u00a0\u00a0\u00a0 Direttore del Centro Missionario<\/em><\/p>\n<p>&nbsp;<\/p>\n","protected":false},"excerpt":{"rendered":"<p>I progetti di quest&#8217;anno ALBANIA MYANMAR ETIOPIA BURUNDI ECUADOR &nbsp; La quaresima, ormai da tradizione per la nostra diocesi, \u00e8 anche tempo per aprire il cuore e lo sguardo \u201cfino agli estremi confini della terra\u201d ovvero in quei luoghi remoti dove tanti nostri missionari e missionarie annunciano il Vangelo con coraggio e dedizione. La campagna di solidariet\u00e0 \u201cUn Pane per Amor di Dio\u201d ci permette &hellip; <a href=\"https:\/\/diocesi.concordia-pordenone.it\/missionario\/quaresima\/un-pane-per-amor-di-dio-2022-vivere-x-dono\/\" class=\"more-link\">Continue reading <span class=\"screen-reader-text\"><\/span> <span class=\"meta-nav\">&raquo;<\/span><\/a><\/p>\n","protected":false},"author":0,"featured_media":0,"parent":462,"menu_order":0,"comment_status":"closed","ping_status":"closed","template":"","meta":{"_acf_changed":false,"footnotes":""},"class_list":["post-741","page","type-page","status-publish","hentry"],"acf":{"seed-localization-paese-cod":"","seed-localization-address":"","seed-localization-citta":"","seed-localization-regione-cod-istat":"","seed-localization-citta-cod-istat":"","seed-localization-localita":"","seed-localization-cap":"","seed-localization-geo":{"lat":41.9053433,"lng":12.5099945,"zoom":10,"markers":[],"address":"","layers":["OpenStreetMap.Mapnik"],"version":"1.3.2"},"seed-localization-marker-visibility":false,"seed-localization-children-visibility":false,"seed-localization-kml":"","seed-localization-custom-marker":""},"_links":{"self":[{"href":"https:\/\/diocesi.concordia-pordenone.it\/missionario\/wp-json\/wp\/v2\/pages\/741","targetHints":{"allow":["GET"]}}],"collection":[{"href":"https:\/\/diocesi.concordia-pordenone.it\/missionario\/wp-json\/wp\/v2\/pages"}],"about":[{"href":"https:\/\/diocesi.concordia-pordenone.it\/missionario\/wp-json\/wp\/v2\/types\/page"}],"author":[{"embeddable":true,"href":"https:\/\/diocesi.concordia-pordenone.it\/missionario\/wp-json\/wp\/v2\/users\/9"}],"replies":[{"embeddable":true,"href":"https:\/\/diocesi.concordia-pordenone.it\/missionario\/wp-json\/wp\/v2\/comments?post=741"}],"version-history":[{"count":19,"href":"https:\/\/diocesi.concordia-pordenone.it\/missionario\/wp-json\/wp\/v2\/pages\/741\/revisions"}],"predecessor-version":[{"id":994,"href":"https:\/\/diocesi.concordia-pordenone.it\/missionario\/wp-json\/wp\/v2\/pages\/741\/revisions\/994"}],"up":[{"embeddable":true,"href":"https:\/\/diocesi.concordia-pordenone.it\/missionario\/wp-json\/wp\/v2\/pages\/462"}],"wp:attachment":[{"href":"https:\/\/diocesi.concordia-pordenone.it\/missionario\/wp-json\/wp\/v2\/media?parent=741"}],"curies":[{"name":"wp","href":"https:\/\/api.w.org\/{rel}","templated":true}]}}