{"id":817,"date":"2022-02-24T11:35:24","date_gmt":"2022-02-24T10:35:24","guid":{"rendered":"https:\/\/diocesi.concordia-pordenone.it\/missionario\/?page_id=817"},"modified":"2022-02-24T12:37:12","modified_gmt":"2022-02-24T11:37:12","slug":"un-pane-per-amor-di-dio-2020-partirono-senza-indugio","status":"publish","type":"page","link":"https:\/\/diocesi.concordia-pordenone.it\/missionario\/un-pane-per-amor-di-dio-2020-partirono-senza-indugio\/","title":{"rendered":"Un pane per amor di Dio 2020 &#8211; PARTIRONO&#8230; SENZA INDUGIO!"},"content":{"rendered":"<div>Carissimi fratelli e sorelle,<\/div>\n<div>la Quaresima \u00e8 il tempo liturgico che la Chiesa ci offre per meditare profondamente sul grande mistero della Resurrezione del Signor<img loading=\"lazy\" decoding=\"async\" class=\"size-medium wp-image-216 alignright\" src=\"https:\/\/diocesi.concordia-pordenone.it\/missionario\/wp-content\/uploads\/sites\/10\/2021\/07\/QUARESIMA-2020-UN-PANE-PER-AMOR-DI-DIO-296x300.jpg\" alt=\"\" width=\"296\" height=\"300\" srcset=\"https:\/\/diocesi.concordia-pordenone.it\/missionario\/wp-content\/uploads\/sites\/10\/2021\/07\/QUARESIMA-2020-UN-PANE-PER-AMOR-DI-DIO-296x300.jpg 296w, https:\/\/diocesi.concordia-pordenone.it\/missionario\/wp-content\/uploads\/sites\/10\/2021\/07\/QUARESIMA-2020-UN-PANE-PER-AMOR-DI-DIO-1010x1024.jpg 1010w, https:\/\/diocesi.concordia-pordenone.it\/missionario\/wp-content\/uploads\/sites\/10\/2021\/07\/QUARESIMA-2020-UN-PANE-PER-AMOR-DI-DIO-768x779.jpg 768w, https:\/\/diocesi.concordia-pordenone.it\/missionario\/wp-content\/uploads\/sites\/10\/2021\/07\/QUARESIMA-2020-UN-PANE-PER-AMOR-DI-DIO-1515x1536.jpg 1515w, https:\/\/diocesi.concordia-pordenone.it\/missionario\/wp-content\/uploads\/sites\/10\/2021\/07\/QUARESIMA-2020-UN-PANE-PER-AMOR-DI-DIO-600x608.jpg 600w, https:\/\/diocesi.concordia-pordenone.it\/missionario\/wp-content\/uploads\/sites\/10\/2021\/07\/QUARESIMA-2020-UN-PANE-PER-AMOR-DI-DIO-1200x1217.jpg 1200w, https:\/\/diocesi.concordia-pordenone.it\/missionario\/wp-content\/uploads\/sites\/10\/2021\/07\/QUARESIMA-2020-UN-PANE-PER-AMOR-DI-DIO-800x811.jpg 800w, https:\/\/diocesi.concordia-pordenone.it\/missionario\/wp-content\/uploads\/sites\/10\/2021\/07\/QUARESIMA-2020-UN-PANE-PER-AMOR-DI-DIO.jpg 1724w\" sizes=\"auto, (max-width: 296px) 100vw, 296px\" \/>e. Quest\u2019anno, in modo particolare, l\u2019icona dei discepoli di Emmaus ci mostra che Ges\u00f9 cammina con noi ed \u00e8 sempre al nostro fianco anche quando non lo riconosciamo subito. Come ho gi\u00e0 scritto nella lettera pastorale al n.17, \u201ccamminare \u00e8 faticoso ma \u00e8 anche la condizione che ci permette di trovare compagni di strada, di mettere alla prova noi stessi, di trovare, al di fuori di ogni possibile comodit\u00e0, le cose essenziali della vita\u201d.<br \/>\nNei tanti viaggi che ho avuto modo di fare fino ad oggi, in visita ai nostri missionari sparsi per il mondo, ho potuto incrociare moltissimi uomini e donne, adulti e ragazzini, giovani e anziani\u2026in cammino! Una delle cose che sorprende sempre chi viaggia verso i Paesi del Sud del Mondo \u00e8 vedere moltitudini di persone in strada, in cammino. Lavorano, si incontrano, si spostano, viaggiano, parlano, gridano, ridono, lottano ogni giorno contro una vita ingiusta alla quale non si arrendono ma la affrontano con gioia e forza di volont\u00e0. Mettersi in strada pu\u00f2 insegnare tanto, ecco perch\u00e9 anche Papa Francesco sollecita tutta la Chiesa ad uscire, perch\u00e9 solo chi esce incontra e solo chi incontra fa esperienza vera dell\u2019altro. Ges\u00f9 ha scelto di istruire i suoi discepoli non in un ambiente chiuso, sicuro, riscaldato e protetto ma lungo la strada, dove si respira l\u2019aria della libert\u00e0 e la gioia dell\u2019amicizia. Solo quando ti metti in strada comprendi meglio quali sono i bisogni dell\u2019altro e quali fatiche affronta ogni giorno. Un\u2019attenzione alla quale non siamo chiamati solo noi pastori, sacerdoti e diaconi ma tutto il popolo di Dio, tutti noi cristiani siamo chiamati a sentire sulla nostra pelle le fatiche delle persone che abbiamo accanto. La quaresima, per la nostra diocesi, \u00e8 anche occasione per esprimere la nostra fraterna solidariet\u00e0 in favore delle comunit\u00e0 pi\u00f9 povere del mondo dove operano i nostri missionari e le nostre missionarie. Mi riferisco all\u2019iniziativa \u201cUn pane per amor di Dio\u201d che da molti anni viviamo in tutto il Triveneto. Attraverso questa esperienza abbiamo sostenuto molti progetti e donato speranza evangelica a tante comunit\u00e0 nel mondo.<br \/>\nAnche quest\u2019anno il Centro Missionario ce ne propone alcuni tra i tanti possibili. Sono certo che non faremo mancare il nostro sostegno e la nostra solidariet\u00e0 e che in tutte le comunit\u00e0 parrocchiali si riuscir\u00e0 a riservare dei momenti di preghiera e di raccolta in favore di questi progetti.<br \/>\nChiedo a tutti un ricordo speciale nella preghiera per i nostri missionari in Kenya, don Romano e don Elvino, con i quali, nel corso di quest\u2019anno, celebreremo i 50 anni della nostra presenza in questa terra, con l\u2019augurio che tale passione non si estingua anzi si rinvigorisca e ci sia da stimolo per nuovi slanci missionari.<\/div>\n<div>Auguro a ciascuno di voi e alle vostre comunit\u00e0 un buon cammino di Quaresima.<\/div>\n<div>Con la missione nel cuore<br \/>\n+ Giuseppe, Vescovo<\/div>\n<hr class=\"wpba_attachment_hr\"><div id='wpba_attachment_list' class='wpba wpba-wrap'>\n<ul class='wpba-attachment-list unstyled'><li id='wpba_attachment_list_217' class='wpba-list-item pull-left'><img src='https:\/\/diocesi.concordia-pordenone.it\/missionario\/wp-content\/themes\/wp-starter-so\/icons\/document.png' width='16' height='20' class='wpba-icon pull-left'><a href='https:\/\/diocesi.concordia-pordenone.it\/missionario\/wp-content\/uploads\/sites\/10\/2021\/07\/Opuscolo-Quaresima-2020-CMD-PN.pdf' title='Un pane per amor di Dio 2020 - PROGETTI' class='wpba-link pull-left' target=\"_blank\">Un pane per amor di Dio 2020 - PROGETTI<\/a><\/li>\n<\/ul><\/div>\n","protected":false},"excerpt":{"rendered":"<p>Carissimi fratelli e sorelle, la Quaresima \u00e8 il tempo liturgico che la Chiesa ci offre per meditare profondamente sul grande mistero della Resurrezione del Signore. Quest\u2019anno, in modo particolare, l\u2019icona dei discepoli di Emmaus ci mostra che Ges\u00f9 cammina con noi ed \u00e8 sempre al nostro fianco anche quando non lo riconosciamo subito. Come ho gi\u00e0 scritto nella lettera pastorale al n.17, \u201ccamminare \u00e8 faticoso &hellip; <a href=\"https:\/\/diocesi.concordia-pordenone.it\/missionario\/un-pane-per-amor-di-dio-2020-partirono-senza-indugio\/\" class=\"more-link\">Continue reading <span class=\"screen-reader-text\"><\/span> <span class=\"meta-nav\">&raquo;<\/span><\/a><\/p>\n","protected":false},"author":0,"featured_media":0,"parent":0,"menu_order":0,"comment_status":"closed","ping_status":"closed","template":"","meta":{"_acf_changed":false,"footnotes":""},"class_list":["post-817","page","type-page","status-publish","hentry"],"acf":{"seed-localization-paese-cod":"","seed-localization-address":"","seed-localization-citta":"","seed-localization-regione-cod-istat":"","seed-localization-citta-cod-istat":"","seed-localization-localita":"","seed-localization-cap":"","seed-localization-geo":{"lat":41.9053433,"lng":12.5099945,"zoom":10,"markers":[],"address":"","layers":["OpenStreetMap.Mapnik"],"version":"1.3.2"},"seed-localization-marker-visibility":false,"seed-localization-children-visibility":false,"seed-localization-kml":"","seed-localization-custom-marker":""},"_links":{"self":[{"href":"https:\/\/diocesi.concordia-pordenone.it\/missionario\/wp-json\/wp\/v2\/pages\/817","targetHints":{"allow":["GET"]}}],"collection":[{"href":"https:\/\/diocesi.concordia-pordenone.it\/missionario\/wp-json\/wp\/v2\/pages"}],"about":[{"href":"https:\/\/diocesi.concordia-pordenone.it\/missionario\/wp-json\/wp\/v2\/types\/page"}],"author":[{"embeddable":true,"href":"https:\/\/diocesi.concordia-pordenone.it\/missionario\/wp-json\/wp\/v2\/users\/9"}],"replies":[{"embeddable":true,"href":"https:\/\/diocesi.concordia-pordenone.it\/missionario\/wp-json\/wp\/v2\/comments?post=817"}],"version-history":[{"count":2,"href":"https:\/\/diocesi.concordia-pordenone.it\/missionario\/wp-json\/wp\/v2\/pages\/817\/revisions"}],"predecessor-version":[{"id":828,"href":"https:\/\/diocesi.concordia-pordenone.it\/missionario\/wp-json\/wp\/v2\/pages\/817\/revisions\/828"}],"wp:attachment":[{"href":"https:\/\/diocesi.concordia-pordenone.it\/missionario\/wp-json\/wp\/v2\/media?parent=817"}],"curies":[{"name":"wp","href":"https:\/\/api.w.org\/{rel}","templated":true}]}}