{"id":873,"date":"2022-02-25T11:32:47","date_gmt":"2022-02-25T10:32:47","guid":{"rendered":"https:\/\/diocesi.concordia-pordenone.it\/missionario\/?page_id=873"},"modified":"2022-02-25T11:36:24","modified_gmt":"2022-02-25T10:36:24","slug":"un-pane-per-amor-di-dio-2021","status":"publish","type":"page","link":"https:\/\/diocesi.concordia-pordenone.it\/missionario\/un-pane-per-amor-di-dio-2021\/","title":{"rendered":"Un pane per amor di Dio 2021"},"content":{"rendered":"<p>Carissimi fratelli e sorelle,<\/p>\n<p>lo scorso anno, proprio all\u2019inizio della quaresima, siamo stati travolti dalla pandemia che non ci ha ancora lasciati e che continua a metterci a dura prova. Tante famiglie del nostro territorio hanno vissuto il dramma del contagio e della perdita di qualche familiare, molti altri hanno perso il lavoro senza pi\u00f9 ritrovarlo, altri ancora si sono ritrovati nelle condizioni di non sapere pi\u00f9 come arrivare a fine mese e hanno trovato aiuto e conforto nei nostri centri Caritas diocesani e parrocchiali.<\/p>\n<p>A livello mondiale, la pandemia, oltre al numero di contagi che sembra non volersi arrestare, ha reso i poveri ancora pi\u00f9 poveri aumentando a dismisura il numero dei bisogni quotidiani ai quali, purtroppo, non sempre si riesce a intervenire. I nostri missionari sparsi nel mondo hanno fatto di tutto \u2013 e continuano a farlo &#8211; per affrontare questa emergenza che li richiama ad interventi di prima necessit\u00e0: cibo, acqua, assistenza medica e, non ultimo, conforto spirituale.<\/p>\n<p>Davanti a noi sembra il caos. La nostra societ\u00e0 si riteneva infallibile, avevamo coltivato la presunzione di saper gestire la crescita, di dominare tutto, di fare previsioni corrette su tutto ma adesso, dopo un anno vissuto cos\u00ec, non ci sentiamo pi\u00f9 sicuri di nulla, abbiamo fatto i conti con la nostra vulnerabilit\u00e0 e questo ci ha lasciato un profondo senso di smarrimento.<\/p>\n<p>Cosa fare dunque? Il processo alternativo a Babele \u00e8 la Pentecoste, ce lo siamo detti pi\u00f9 volte lungo il corso di quest\u2019anno pastorale. Anzich\u00e9 un\u2019umanit\u00e0 disgregata dall\u2019individualismo, con la Pentecoste abbiamo una comunit\u00e0 di uomini e donne che si vogliono bene, che superano la logica \u201cdel mio e del tuo\u201d, dove si rende visibile la potenza e la bont\u00e0 del Signore Ges\u00f9.<\/p>\n<p>Un aspetto importante che la comunit\u00e0 di Pentecoste viveva era la condivisione dei beni. L\u2019attenzione ai bisogni altrui, che non \u00e8 semplice esercizio di carit\u00e0 fatto pi\u00f9 per dovere che per amore, tutt\u2019altro! La comunit\u00e0 dei discepoli del Signore Ges\u00f9 vive la solidariet\u00e0 fraterna, con riguardo speciale per i pi\u00f9 poveri, con naturalezza e spontaneit\u00e0. Lo slancio e l\u2019apertura missionaria sono nella natura della Chiesa e riguarda tutti i battezzati. Il Santo Padre, Francesco, lo scorso mese di ottobre, ci ricordava che <em>\u201cla Chiesa se non \u00e8 in uscita, non \u00e8 Chiesa\u201d<\/em>.<\/p>\n<p>Nel tempo quaresimale, la nostra diocesi da lunga tradizione, attraverso l\u2019iniziativa <strong>\u201cUn pane per Amor di Dio\u201d<\/strong>, sostiene alcuni progetti di solidariet\u00e0 a beneficio dei nostri missionari e missionarie che operano in diverse zone del mondo. A loro va anzitutto il nostro grazie e la nostra preghiera, sarebbe bello se anche altri sacerdoti e religiose, laici, famiglie, decidessero di partire per donare qualche anno di missione, preghiamo per questo, perch\u00e9 il Signore susciti queste vocazioni nella nostra diocesi.<\/p>\n<p>Vi chiedo anche quest\u2019anno, seppur nella difficolt\u00e0 del momento, di non far mancare il vostro supporto ai progetti proposti dal Centro Missionario. La solidariet\u00e0 evangelica che ci piace trasmettere alle nostre comunit\u00e0 cristiane si caratterizza per il <em>poco donato da tanti<\/em> e non per il <em>tanto donato da pochi.<\/em> Cos\u00ec ciascuno potr\u00e0 fare la propria parte e insieme potremo fare molto di pi\u00f9.<\/p>\n<p>Auguri a tutti buon cammino quaresimale.<\/p>\n<p>Il Vescovo Giuseppe<\/p>\n<h3 style=\"text-align: center\"><a href=\"https:\/\/diocesi.concordia-pordenone.it\/missionario\/wp-content\/uploads\/sites\/10\/2022\/02\/Ufficio-Missionario.pdf\"><strong>Progetti 2021<\/strong><\/a><img loading=\"lazy\" decoding=\"async\" class=\"size-medium wp-image-876 alignright\" src=\"https:\/\/diocesi.concordia-pordenone.it\/missionario\/wp-content\/uploads\/sites\/10\/2022\/02\/IMG-20210201-WA0017-300x300.jpg\" alt=\"\" width=\"300\" height=\"300\" srcset=\"https:\/\/diocesi.concordia-pordenone.it\/missionario\/wp-content\/uploads\/sites\/10\/2022\/02\/IMG-20210201-WA0017-300x300.jpg 300w, https:\/\/diocesi.concordia-pordenone.it\/missionario\/wp-content\/uploads\/sites\/10\/2022\/02\/IMG-20210201-WA0017-1024x1024.jpg 1024w, https:\/\/diocesi.concordia-pordenone.it\/missionario\/wp-content\/uploads\/sites\/10\/2022\/02\/IMG-20210201-WA0017-150x150.jpg 150w, https:\/\/diocesi.concordia-pordenone.it\/missionario\/wp-content\/uploads\/sites\/10\/2022\/02\/IMG-20210201-WA0017-768x768.jpg 768w, https:\/\/diocesi.concordia-pordenone.it\/missionario\/wp-content\/uploads\/sites\/10\/2022\/02\/IMG-20210201-WA0017-1536x1536.jpg 1536w, https:\/\/diocesi.concordia-pordenone.it\/missionario\/wp-content\/uploads\/sites\/10\/2022\/02\/IMG-20210201-WA0017-600x600.jpg 600w, https:\/\/diocesi.concordia-pordenone.it\/missionario\/wp-content\/uploads\/sites\/10\/2022\/02\/IMG-20210201-WA0017-1200x1200.jpg 1200w, https:\/\/diocesi.concordia-pordenone.it\/missionario\/wp-content\/uploads\/sites\/10\/2022\/02\/IMG-20210201-WA0017-800x800.jpg 800w, https:\/\/diocesi.concordia-pordenone.it\/missionario\/wp-content\/uploads\/sites\/10\/2022\/02\/IMG-20210201-WA0017.jpg 1600w\" sizes=\"auto, (max-width: 300px) 100vw, 300px\" \/> <img loading=\"lazy\" decoding=\"async\" class=\"size-medium wp-image-875 alignleft\" src=\"https:\/\/diocesi.concordia-pordenone.it\/missionario\/wp-content\/uploads\/sites\/10\/2022\/02\/IMG-20210201-WA0015-300x300.jpg\" alt=\"\" width=\"300\" height=\"300\" srcset=\"https:\/\/diocesi.concordia-pordenone.it\/missionario\/wp-content\/uploads\/sites\/10\/2022\/02\/IMG-20210201-WA0015-300x300.jpg 300w, https:\/\/diocesi.concordia-pordenone.it\/missionario\/wp-content\/uploads\/sites\/10\/2022\/02\/IMG-20210201-WA0015-1024x1024.jpg 1024w, https:\/\/diocesi.concordia-pordenone.it\/missionario\/wp-content\/uploads\/sites\/10\/2022\/02\/IMG-20210201-WA0015-150x150.jpg 150w, https:\/\/diocesi.concordia-pordenone.it\/missionario\/wp-content\/uploads\/sites\/10\/2022\/02\/IMG-20210201-WA0015-768x768.jpg 768w, https:\/\/diocesi.concordia-pordenone.it\/missionario\/wp-content\/uploads\/sites\/10\/2022\/02\/IMG-20210201-WA0015-1536x1536.jpg 1536w, https:\/\/diocesi.concordia-pordenone.it\/missionario\/wp-content\/uploads\/sites\/10\/2022\/02\/IMG-20210201-WA0015-600x600.jpg 600w, https:\/\/diocesi.concordia-pordenone.it\/missionario\/wp-content\/uploads\/sites\/10\/2022\/02\/IMG-20210201-WA0015-1200x1201.jpg 1200w, https:\/\/diocesi.concordia-pordenone.it\/missionario\/wp-content\/uploads\/sites\/10\/2022\/02\/IMG-20210201-WA0015-800x801.jpg 800w, https:\/\/diocesi.concordia-pordenone.it\/missionario\/wp-content\/uploads\/sites\/10\/2022\/02\/IMG-20210201-WA0015.jpg 1599w\" sizes=\"auto, (max-width: 300px) 100vw, 300px\" \/><\/h3>\n","protected":false},"excerpt":{"rendered":"<p>Carissimi fratelli e sorelle, lo scorso anno, proprio all\u2019inizio della quaresima, siamo stati travolti dalla pandemia che non ci ha ancora lasciati e che continua a metterci a dura prova. Tante famiglie del nostro territorio hanno vissuto il dramma del contagio e della perdita di qualche familiare, molti altri hanno perso il lavoro senza pi\u00f9 ritrovarlo, altri ancora si sono ritrovati nelle condizioni di non &hellip; <a href=\"https:\/\/diocesi.concordia-pordenone.it\/missionario\/un-pane-per-amor-di-dio-2021\/\" class=\"more-link\">Continue reading <span class=\"screen-reader-text\"><\/span> <span class=\"meta-nav\">&raquo;<\/span><\/a><\/p>\n","protected":false},"author":0,"featured_media":0,"parent":0,"menu_order":0,"comment_status":"closed","ping_status":"closed","template":"","meta":{"_acf_changed":false,"footnotes":""},"class_list":["post-873","page","type-page","status-publish","hentry"],"acf":{"seed-localization-paese-cod":"","seed-localization-address":"","seed-localization-citta":"","seed-localization-regione-cod-istat":"","seed-localization-citta-cod-istat":"","seed-localization-localita":"","seed-localization-cap":"","seed-localization-geo":{"lat":41.9053433,"lng":12.5099945,"zoom":10,"markers":[],"address":"","layers":["OpenStreetMap.Mapnik"],"version":"1.3.2"},"seed-localization-marker-visibility":false,"seed-localization-children-visibility":false,"seed-localization-kml":"","seed-localization-custom-marker":""},"_links":{"self":[{"href":"https:\/\/diocesi.concordia-pordenone.it\/missionario\/wp-json\/wp\/v2\/pages\/873","targetHints":{"allow":["GET"]}}],"collection":[{"href":"https:\/\/diocesi.concordia-pordenone.it\/missionario\/wp-json\/wp\/v2\/pages"}],"about":[{"href":"https:\/\/diocesi.concordia-pordenone.it\/missionario\/wp-json\/wp\/v2\/types\/page"}],"author":[{"embeddable":true,"href":"https:\/\/diocesi.concordia-pordenone.it\/missionario\/wp-json\/wp\/v2\/users\/9"}],"replies":[{"embeddable":true,"href":"https:\/\/diocesi.concordia-pordenone.it\/missionario\/wp-json\/wp\/v2\/comments?post=873"}],"version-history":[{"count":3,"href":"https:\/\/diocesi.concordia-pordenone.it\/missionario\/wp-json\/wp\/v2\/pages\/873\/revisions"}],"predecessor-version":[{"id":879,"href":"https:\/\/diocesi.concordia-pordenone.it\/missionario\/wp-json\/wp\/v2\/pages\/873\/revisions\/879"}],"wp:attachment":[{"href":"https:\/\/diocesi.concordia-pordenone.it\/missionario\/wp-json\/wp\/v2\/media?parent=873"}],"curies":[{"name":"wp","href":"https:\/\/api.w.org\/{rel}","templated":true}]}}