{"id":921,"date":"2022-03-01T10:01:05","date_gmt":"2022-03-01T09:01:05","guid":{"rendered":"https:\/\/diocesi.concordia-pordenone.it\/missionario\/?page_id=921"},"modified":"2022-03-04T11:38:55","modified_gmt":"2022-03-04T10:38:55","slug":"921-2","status":"publish","type":"page","link":"https:\/\/diocesi.concordia-pordenone.it\/missionario\/921-2\/","title":{"rendered":"2016 &#8211; Progetto di nuova missione diocesana in Africa-Parrocchia di Chipene"},"content":{"rendered":"<p><img loading=\"lazy\" decoding=\"async\" class=\"alignnone size-medium wp-image-1019 alignleft\" src=\"https:\/\/diocesi.concordia-pordenone.it\/missionario\/wp-content\/uploads\/sites\/10\/2022\/03\/Cartina-Diocesi-Nacala-229x300.png\" alt=\"\" width=\"229\" height=\"300\" srcset=\"https:\/\/diocesi.concordia-pordenone.it\/missionario\/wp-content\/uploads\/sites\/10\/2022\/03\/Cartina-Diocesi-Nacala-229x300.png 229w, https:\/\/diocesi.concordia-pordenone.it\/missionario\/wp-content\/uploads\/sites\/10\/2022\/03\/Cartina-Diocesi-Nacala.png 555w\" sizes=\"auto, (max-width: 229px) 100vw, 229px\" \/>Si avvia una nuova esperienza missionaria &#8220;ad gentes&#8221; della diocesi di Concordia-Pordenone. Il Mozambico \u00e8 nel cuore del vescovo fin dal suo arrivo a Pordenone e luned\u00ec accompagner\u00e0 un primo missionario, don Lorenzo Barro, nella diocesi di Nacala. Subentrer\u00e0 a p. Giorgio Giboli, missionario Comboniano, nell&#8217;incarico di parroco della parrocchia di Chipene. Sabato 13 febbraio 2016 \u00e8 programmata la concelebrazione dei due vescovi (D. Germano Greshane, vescovo di Nacala; Mons. Giuseppe Pellegrini, vescovo di Concordia-Pordenone) per la presentazione di don Lorenzo e della nuova collaborazione.<\/p>\n<div class=\"\" dir=\"auto\">\n<div id=\"jsc_c_1p1\" class=\"ecm0bbzt hv4rvrfc ihqw7lf3 dati1w0a\" data-ad-comet-preview=\"message\" data-ad-preview=\"message\">\n<div class=\"j83agx80 cbu4d94t ew0dbk1b irj2b8pg\">\n<div class=\"qzhwtbm6 knvmm38d\">\n<div class=\"kvgmc6g5 cxmmr5t8 oygrvhab hcukyx3x c1et5uql ii04i59q\">\n<div dir=\"auto\">La parrocchia si trova nel vasto territorio (ca 3500 Kmq) a nord-est della diocesi, popolato da circa 130000 persone. La Chiesa \u00e8 presente dal 1908, ma la configurazione attuale della missione \u00e8 legata al lavoro dei missionari Comboniani, presenti nell&#8217;area dal 1959: le strutture della parrocchia sono state da loro realizzate in un punto centrale, mentre le piccole comunit\u00e0 cristiane (oggi 125) sono state accompagnate nella loro fondazione e crescita, secondo le indicazioni della Chiesa locale.<\/div>\n<div dir=\"auto\">Don Lorenzo si \u00e8 preparato con circa tre mesi di studio della lingua portoghese (lingua ufficiale del Paese) e dal 15 febbraio al 28 luglio sar\u00e0 impegnato nel corso introduttivo alla lingua e cultura Macua.<\/div>\n<div dir=\"auto\">\n<div class=\"cxmmr5t8 oygrvhab hcukyx3x c1et5uql o9v6fnle ii04i59q\">\n<div dir=\"auto\">Link interessanti:<a href=\"http:\/\/diocesedenacala.wix.com\/yesu#!diocese\/c11gw\"> Diocesi di Nacala<\/a><\/div>\n<\/div>\n<\/div>\n<\/div>\n<div dir=\"auto\"><\/div>\n<\/div>\n<\/div>\n<\/div>\n<div dir=\"auto\"><img loading=\"lazy\" decoding=\"async\" class=\"size-medium wp-image-1021 alignnone\" src=\"https:\/\/diocesi.concordia-pordenone.it\/missionario\/wp-content\/uploads\/sites\/10\/2022\/03\/Chiesa-di-Chipene-300x225.jpg\" alt=\"\" width=\"300\" height=\"225\" srcset=\"https:\/\/diocesi.concordia-pordenone.it\/missionario\/wp-content\/uploads\/sites\/10\/2022\/03\/Chiesa-di-Chipene-300x225.jpg 300w, https:\/\/diocesi.concordia-pordenone.it\/missionario\/wp-content\/uploads\/sites\/10\/2022\/03\/Chiesa-di-Chipene.jpg 600w\" sizes=\"auto, (max-width: 300px) 100vw, 300px\" \/> \u00a0 <img loading=\"lazy\" decoding=\"async\" class=\"alignnone size-medium wp-image-1020\" src=\"https:\/\/diocesi.concordia-pordenone.it\/missionario\/wp-content\/uploads\/sites\/10\/2022\/03\/centro-parrocchiale-1-300x169.jpg\" alt=\"\" width=\"300\" height=\"169\" srcset=\"https:\/\/diocesi.concordia-pordenone.it\/missionario\/wp-content\/uploads\/sites\/10\/2022\/03\/centro-parrocchiale-1-300x169.jpg 300w, https:\/\/diocesi.concordia-pordenone.it\/missionario\/wp-content\/uploads\/sites\/10\/2022\/03\/centro-parrocchiale-1.jpg 600w\" sizes=\"auto, (max-width: 300px) 100vw, 300px\" \/><\/div>\n<div id=\"jsc_c_1p1\" class=\"ecm0bbzt hv4rvrfc ihqw7lf3 dati1w0a\" data-ad-comet-preview=\"message\" data-ad-preview=\"message\">\n<div class=\"j83agx80 cbu4d94t ew0dbk1b irj2b8pg\">\n<div class=\"qzhwtbm6 knvmm38d\">\n<div class=\"cxmmr5t8 oygrvhab hcukyx3x c1et5uql o9v6fnle ii04i59q\"><\/div>\n<div class=\"cxmmr5t8 oygrvhab hcukyx3x c1et5uql o9v6fnle ii04i59q\">\n<div dir=\"auto\"><\/div>\n<div dir=\"auto\"><\/div>\n<\/div>\n<\/div>\n<\/div>\n<\/div>\n<\/div>\n<div dir=\"auto\">\n<h3 style=\"text-align: center\"><a href=\"https:\/\/diocesi.concordia-pordenone.it\/missionario\/wp-content\/uploads\/sites\/10\/2022\/03\/presentazione_missione_chipene_a_cura_di_don_lorenzo_barro-1.pptx\"><strong>Power Point di don Lorenzo Barro che presenta la missione a Chipene<\/strong><\/a><\/h3>\n<\/div>\n<p><img loading=\"lazy\" decoding=\"async\" class=\"alignnone size-medium wp-image-923\" src=\"https:\/\/diocesi.concordia-pordenone.it\/missionario\/wp-content\/uploads\/sites\/10\/2022\/03\/CROCE-300x225.jpg\" alt=\"\" width=\"300\" height=\"225\" srcset=\"https:\/\/diocesi.concordia-pordenone.it\/missionario\/wp-content\/uploads\/sites\/10\/2022\/03\/CROCE-300x225.jpg 300w, https:\/\/diocesi.concordia-pordenone.it\/missionario\/wp-content\/uploads\/sites\/10\/2022\/03\/CROCE-1024x768.jpg 1024w, https:\/\/diocesi.concordia-pordenone.it\/missionario\/wp-content\/uploads\/sites\/10\/2022\/03\/CROCE-768x576.jpg 768w, https:\/\/diocesi.concordia-pordenone.it\/missionario\/wp-content\/uploads\/sites\/10\/2022\/03\/CROCE-600x450.jpg 600w, https:\/\/diocesi.concordia-pordenone.it\/missionario\/wp-content\/uploads\/sites\/10\/2022\/03\/CROCE-1200x900.jpg 1200w, https:\/\/diocesi.concordia-pordenone.it\/missionario\/wp-content\/uploads\/sites\/10\/2022\/03\/CROCE-800x600.jpg 800w, https:\/\/diocesi.concordia-pordenone.it\/missionario\/wp-content\/uploads\/sites\/10\/2022\/03\/CROCE.jpg 1296w\" sizes=\"auto, (max-width: 300px) 100vw, 300px\" \/> <img loading=\"lazy\" decoding=\"async\" class=\"alignnone size-medium wp-image-924\" src=\"https:\/\/diocesi.concordia-pordenone.it\/missionario\/wp-content\/uploads\/sites\/10\/2022\/03\/DON-LORENZO-225x300.jpg\" alt=\"\" width=\"225\" height=\"300\" srcset=\"https:\/\/diocesi.concordia-pordenone.it\/missionario\/wp-content\/uploads\/sites\/10\/2022\/03\/DON-LORENZO-225x300.jpg 225w, https:\/\/diocesi.concordia-pordenone.it\/missionario\/wp-content\/uploads\/sites\/10\/2022\/03\/DON-LORENZO-768x1024.jpg 768w, https:\/\/diocesi.concordia-pordenone.it\/missionario\/wp-content\/uploads\/sites\/10\/2022\/03\/DON-LORENZO-600x800.jpg 600w, https:\/\/diocesi.concordia-pordenone.it\/missionario\/wp-content\/uploads\/sites\/10\/2022\/03\/DON-LORENZO-800x1067.jpg 800w, https:\/\/diocesi.concordia-pordenone.it\/missionario\/wp-content\/uploads\/sites\/10\/2022\/03\/DON-LORENZO.jpg 972w\" sizes=\"auto, (max-width: 225px) 100vw, 225px\" \/> <img loading=\"lazy\" decoding=\"async\" class=\"alignnone size-medium wp-image-925\" src=\"https:\/\/diocesi.concordia-pordenone.it\/missionario\/wp-content\/uploads\/sites\/10\/2022\/03\/DONNE-300x225.jpg\" alt=\"\" width=\"300\" height=\"225\" srcset=\"https:\/\/diocesi.concordia-pordenone.it\/missionario\/wp-content\/uploads\/sites\/10\/2022\/03\/DONNE-300x225.jpg 300w, https:\/\/diocesi.concordia-pordenone.it\/missionario\/wp-content\/uploads\/sites\/10\/2022\/03\/DONNE-1024x768.jpg 1024w, https:\/\/diocesi.concordia-pordenone.it\/missionario\/wp-content\/uploads\/sites\/10\/2022\/03\/DONNE-768x576.jpg 768w, https:\/\/diocesi.concordia-pordenone.it\/missionario\/wp-content\/uploads\/sites\/10\/2022\/03\/DONNE-600x450.jpg 600w, https:\/\/diocesi.concordia-pordenone.it\/missionario\/wp-content\/uploads\/sites\/10\/2022\/03\/DONNE-1200x900.jpg 1200w, https:\/\/diocesi.concordia-pordenone.it\/missionario\/wp-content\/uploads\/sites\/10\/2022\/03\/DONNE-800x600.jpg 800w, https:\/\/diocesi.concordia-pordenone.it\/missionario\/wp-content\/uploads\/sites\/10\/2022\/03\/DONNE.jpg 1296w\" sizes=\"auto, (max-width: 300px) 100vw, 300px\" \/> <img loading=\"lazy\" decoding=\"async\" class=\"alignnone size-medium wp-image-926\" src=\"https:\/\/diocesi.concordia-pordenone.it\/missionario\/wp-content\/uploads\/sites\/10\/2022\/03\/FIORI-225x300.jpg\" alt=\"\" width=\"225\" height=\"300\" srcset=\"https:\/\/diocesi.concordia-pordenone.it\/missionario\/wp-content\/uploads\/sites\/10\/2022\/03\/FIORI-225x300.jpg 225w, https:\/\/diocesi.concordia-pordenone.it\/missionario\/wp-content\/uploads\/sites\/10\/2022\/03\/FIORI-768x1024.jpg 768w, https:\/\/diocesi.concordia-pordenone.it\/missionario\/wp-content\/uploads\/sites\/10\/2022\/03\/FIORI-600x800.jpg 600w, https:\/\/diocesi.concordia-pordenone.it\/missionario\/wp-content\/uploads\/sites\/10\/2022\/03\/FIORI-800x1067.jpg 800w, https:\/\/diocesi.concordia-pordenone.it\/missionario\/wp-content\/uploads\/sites\/10\/2022\/03\/FIORI.jpg 972w\" sizes=\"auto, (max-width: 225px) 100vw, 225px\" \/> <img loading=\"lazy\" decoding=\"async\" class=\"alignnone size-medium wp-image-927\" src=\"https:\/\/diocesi.concordia-pordenone.it\/missionario\/wp-content\/uploads\/sites\/10\/2022\/03\/PAESAGGIO-300x225.jpg\" alt=\"\" width=\"300\" height=\"225\" srcset=\"https:\/\/diocesi.concordia-pordenone.it\/missionario\/wp-content\/uploads\/sites\/10\/2022\/03\/PAESAGGIO-300x225.jpg 300w, https:\/\/diocesi.concordia-pordenone.it\/missionario\/wp-content\/uploads\/sites\/10\/2022\/03\/PAESAGGIO-1024x768.jpg 1024w, https:\/\/diocesi.concordia-pordenone.it\/missionario\/wp-content\/uploads\/sites\/10\/2022\/03\/PAESAGGIO-768x576.jpg 768w, https:\/\/diocesi.concordia-pordenone.it\/missionario\/wp-content\/uploads\/sites\/10\/2022\/03\/PAESAGGIO-600x450.jpg 600w, https:\/\/diocesi.concordia-pordenone.it\/missionario\/wp-content\/uploads\/sites\/10\/2022\/03\/PAESAGGIO-1200x900.jpg 1200w, https:\/\/diocesi.concordia-pordenone.it\/missionario\/wp-content\/uploads\/sites\/10\/2022\/03\/PAESAGGIO-800x600.jpg 800w, https:\/\/diocesi.concordia-pordenone.it\/missionario\/wp-content\/uploads\/sites\/10\/2022\/03\/PAESAGGIO.jpg 1296w\" sizes=\"auto, (max-width: 300px) 100vw, 300px\" \/> <img loading=\"lazy\" decoding=\"async\" class=\"alignnone size-medium wp-image-928\" src=\"https:\/\/diocesi.concordia-pordenone.it\/missionario\/wp-content\/uploads\/sites\/10\/2022\/03\/SUORE-225x300.jpg\" alt=\"\" width=\"225\" height=\"300\" srcset=\"https:\/\/diocesi.concordia-pordenone.it\/missionario\/wp-content\/uploads\/sites\/10\/2022\/03\/SUORE-225x300.jpg 225w, https:\/\/diocesi.concordia-pordenone.it\/missionario\/wp-content\/uploads\/sites\/10\/2022\/03\/SUORE-768x1024.jpg 768w, https:\/\/diocesi.concordia-pordenone.it\/missionario\/wp-content\/uploads\/sites\/10\/2022\/03\/SUORE-600x800.jpg 600w, https:\/\/diocesi.concordia-pordenone.it\/missionario\/wp-content\/uploads\/sites\/10\/2022\/03\/SUORE-800x1067.jpg 800w, https:\/\/diocesi.concordia-pordenone.it\/missionario\/wp-content\/uploads\/sites\/10\/2022\/03\/SUORE.jpg 972w\" sizes=\"auto, (max-width: 225px) 100vw, 225px\" \/><\/p>\n<p>&nbsp;<\/p>\n<p>&nbsp;<\/p>\n","protected":false},"excerpt":{"rendered":"<p>Si avvia una nuova esperienza missionaria &#8220;ad gentes&#8221; della diocesi di Concordia-Pordenone. Il Mozambico \u00e8 nel cuore del vescovo fin dal suo arrivo a Pordenone e luned\u00ec accompagner\u00e0 un primo missionario, don Lorenzo Barro, nella diocesi di Nacala. Subentrer\u00e0 a p. Giorgio Giboli, missionario Comboniano, nell&#8217;incarico di parroco della parrocchia di Chipene. Sabato 13 febbraio 2016 \u00e8 programmata la concelebrazione dei due vescovi (D. Germano &hellip; <a href=\"https:\/\/diocesi.concordia-pordenone.it\/missionario\/921-2\/\" class=\"more-link\">Continue reading <span class=\"screen-reader-text\"><\/span> <span class=\"meta-nav\">&raquo;<\/span><\/a><\/p>\n","protected":false},"author":0,"featured_media":0,"parent":0,"menu_order":0,"comment_status":"closed","ping_status":"closed","template":"","meta":{"_acf_changed":false,"footnotes":""},"class_list":["post-921","page","type-page","status-publish","hentry"],"acf":{"seed-localization-paese-cod":"","seed-localization-address":"","seed-localization-citta":"","seed-localization-regione-cod-istat":"","seed-localization-citta-cod-istat":"","seed-localization-localita":"","seed-localization-cap":"","seed-localization-geo":{"lat":41.9053433,"lng":12.5099945,"zoom":10,"markers":[],"address":"","layers":["OpenStreetMap.Mapnik"],"version":"1.3.2"},"seed-localization-marker-visibility":false,"seed-localization-children-visibility":false,"seed-localization-kml":"","seed-localization-custom-marker":""},"_links":{"self":[{"href":"https:\/\/diocesi.concordia-pordenone.it\/missionario\/wp-json\/wp\/v2\/pages\/921","targetHints":{"allow":["GET"]}}],"collection":[{"href":"https:\/\/diocesi.concordia-pordenone.it\/missionario\/wp-json\/wp\/v2\/pages"}],"about":[{"href":"https:\/\/diocesi.concordia-pordenone.it\/missionario\/wp-json\/wp\/v2\/types\/page"}],"author":[{"embeddable":true,"href":"https:\/\/diocesi.concordia-pordenone.it\/missionario\/wp-json\/wp\/v2\/users\/9"}],"replies":[{"embeddable":true,"href":"https:\/\/diocesi.concordia-pordenone.it\/missionario\/wp-json\/wp\/v2\/comments?post=921"}],"version-history":[{"count":11,"href":"https:\/\/diocesi.concordia-pordenone.it\/missionario\/wp-json\/wp\/v2\/pages\/921\/revisions"}],"predecessor-version":[{"id":1024,"href":"https:\/\/diocesi.concordia-pordenone.it\/missionario\/wp-json\/wp\/v2\/pages\/921\/revisions\/1024"}],"wp:attachment":[{"href":"https:\/\/diocesi.concordia-pordenone.it\/missionario\/wp-json\/wp\/v2\/media?parent=921"}],"curies":[{"name":"wp","href":"https:\/\/api.w.org\/{rel}","templated":true}]}}