{"id":942,"date":"2022-03-01T11:16:00","date_gmt":"2022-03-01T10:16:00","guid":{"rendered":"https:\/\/diocesi.concordia-pordenone.it\/missionario\/?page_id=942"},"modified":"2022-03-01T11:20:27","modified_gmt":"2022-03-01T10:20:27","slug":"centro-parrocchiale","status":"publish","type":"page","link":"https:\/\/diocesi.concordia-pordenone.it\/missionario\/centro-parrocchiale\/","title":{"rendered":"IL CENTRO PARROCCHIALE"},"content":{"rendered":"<div class=\"\" dir=\"auto\">\n<div id=\"jsc_c_24u\" class=\"ecm0bbzt hv4rvrfc ihqw7lf3 dati1w0a\" data-ad-comet-preview=\"message\" data-ad-preview=\"message\">\n<div class=\"j83agx80 cbu4d94t ew0dbk1b irj2b8pg\">\n<div class=\"qzhwtbm6 knvmm38d\">\n<div class=\"kvgmc6g5 cxmmr5t8 oygrvhab hcukyx3x c1et5uql ii04i59q\">\n<div dir=\"auto\">Rinnoviamo il Centro Parrocchiale<\/div>\n<\/div>\n<div class=\"cxmmr5t8 oygrvhab hcukyx3x c1et5uql o9v6fnle ii04i59q\">\n<div dir=\"auto\">Qui a Chipene, l&#8217;evangelizzazione \u00e8 ancora una partita aperta. La parrocchia \u00e8 strutturata: le oltre 130 comunit\u00e0 sono ora suddivise in 27 zone e 6 regioni. Gi\u00e0 abbiamo pi\u00f9 volte detto che con queste dimensioni (io stesso, al mio terzo anno qui, ancora non ho visitato tutte le comunit\u00e0!) tutto si muove con ministeri laicali. Ringraziamo Dio, perch\u00e9 sempre i missionari qui hanno investito sulla loro formazione e possiamo contare su un gruppo di buoni animatori, almeno a livello delle regioni.<\/div>\n<div dir=\"auto\">Questa struttura fondamentalmente basata sui laici pone il nodo fondamentale della loro preparazione: dalla liturgia alla catechesi, tutto deve andare avanti con loro e, pur confidando nell&#8217;opera dello Spirito Santo, dobbiamo cercare di capire cosa succede realmente nelle comunit\u00e0 e come aiutarle a crescere. Insistere sulla formazione \u00e8 l\u2019imperativo che condividiamo con la Diocesi!<\/div>\n<div dir=\"auto\">Stiamo lavorando al miglioramento del Centro catechetico parrocchiale: avendo intensificato gli incontri e i corsi di formazione (date le distanze, normalmente cerchiamo di realizzare incontri di due o tre giorni) ci sembra un segnale di attenzione e di rispetto per gli animatori offrire un Centro accogliente e bene organizzato. Ci sar\u00e0, poi, necessit\u00e0 di porre mano ai centri regionali, perch\u00e9 anche l\u00ec si realizza formazione.<\/div>\n<div dir=\"auto\">Il primo lavoro \u00e8 la ristrutturazione dei dormitori: si utilizzavano quattro stanzette (anticamente ricovero per gli animali) pi\u00f9 una sala dietro il nostro garage, attrezzate con &#8220;khitanda&#8221; (letti locali costruiti con un semplice telaio di legno a cui si lega la \u201crete\u201d realizzata con una corda di fibre vegetali).<\/div>\n<div dir=\"auto\">Ristrutturando e ampliando i dormitori, liberiamo la sala che, a sua volta ampliata, diventer\u00e0 il salone degli incontri. Intendiamo comprare letti a castello con materassi per rendere confortevole il riposo. La capacit\u00e0 prevista \u00e8 di 60 persone.<\/div>\n<div dir=\"auto\">La veranda esterna sar\u00e0 chiusa con una griglia di blocchi forati per la ventilazione. Collocheremo rete zanzariera a tutte le finestre e alla veranda per limitare l\u2019invadenza delle zanzare la notte. Con pannello solare e batteria, garantiremo una illuminazione sufficiente nelle camere.<\/div>\n<div dir=\"auto\"><img loading=\"lazy\" decoding=\"async\" class=\"alignnone size-medium wp-image-943\" src=\"https:\/\/diocesi.concordia-pordenone.it\/missionario\/wp-content\/uploads\/sites\/10\/2022\/03\/1-1-300x180.jpg\" alt=\"\" width=\"300\" height=\"180\" srcset=\"https:\/\/diocesi.concordia-pordenone.it\/missionario\/wp-content\/uploads\/sites\/10\/2022\/03\/1-1-300x180.jpg 300w, https:\/\/diocesi.concordia-pordenone.it\/missionario\/wp-content\/uploads\/sites\/10\/2022\/03\/1-1.jpg 512w\" sizes=\"auto, (max-width: 300px) 100vw, 300px\" \/> <img loading=\"lazy\" decoding=\"async\" class=\"alignnone size-medium wp-image-944\" src=\"https:\/\/diocesi.concordia-pordenone.it\/missionario\/wp-content\/uploads\/sites\/10\/2022\/03\/2-1.jpg\" alt=\"\" width=\"154\" height=\"256\" \/> <img loading=\"lazy\" decoding=\"async\" class=\"alignnone size-medium wp-image-945\" src=\"https:\/\/diocesi.concordia-pordenone.it\/missionario\/wp-content\/uploads\/sites\/10\/2022\/03\/3-1-180x300.jpg\" alt=\"\" width=\"180\" height=\"300\" srcset=\"https:\/\/diocesi.concordia-pordenone.it\/missionario\/wp-content\/uploads\/sites\/10\/2022\/03\/3-1-180x300.jpg 180w, https:\/\/diocesi.concordia-pordenone.it\/missionario\/wp-content\/uploads\/sites\/10\/2022\/03\/3-1.jpg 231w\" sizes=\"auto, (max-width: 180px) 100vw, 180px\" \/> <img loading=\"lazy\" decoding=\"async\" class=\"alignnone size-medium wp-image-946\" src=\"https:\/\/diocesi.concordia-pordenone.it\/missionario\/wp-content\/uploads\/sites\/10\/2022\/03\/4-1-180x300.jpg\" alt=\"\" width=\"180\" height=\"300\" srcset=\"https:\/\/diocesi.concordia-pordenone.it\/missionario\/wp-content\/uploads\/sites\/10\/2022\/03\/4-1-180x300.jpg 180w, https:\/\/diocesi.concordia-pordenone.it\/missionario\/wp-content\/uploads\/sites\/10\/2022\/03\/4-1.jpg 231w\" sizes=\"auto, (max-width: 180px) 100vw, 180px\" \/> <img loading=\"lazy\" decoding=\"async\" class=\"alignnone size-medium wp-image-947\" src=\"https:\/\/diocesi.concordia-pordenone.it\/missionario\/wp-content\/uploads\/sites\/10\/2022\/03\/5-1-180x300.jpg\" alt=\"\" width=\"180\" height=\"300\" srcset=\"https:\/\/diocesi.concordia-pordenone.it\/missionario\/wp-content\/uploads\/sites\/10\/2022\/03\/5-1-180x300.jpg 180w, https:\/\/diocesi.concordia-pordenone.it\/missionario\/wp-content\/uploads\/sites\/10\/2022\/03\/5-1.jpg 231w\" sizes=\"auto, (max-width: 180px) 100vw, 180px\" \/> <img loading=\"lazy\" decoding=\"async\" class=\"alignnone size-medium wp-image-948\" src=\"https:\/\/diocesi.concordia-pordenone.it\/missionario\/wp-content\/uploads\/sites\/10\/2022\/03\/6-1-300x180.jpg\" alt=\"\" width=\"300\" height=\"180\" srcset=\"https:\/\/diocesi.concordia-pordenone.it\/missionario\/wp-content\/uploads\/sites\/10\/2022\/03\/6-1-300x180.jpg 300w, https:\/\/diocesi.concordia-pordenone.it\/missionario\/wp-content\/uploads\/sites\/10\/2022\/03\/6-1.jpg 512w\" sizes=\"auto, (max-width: 300px) 100vw, 300px\" \/> <img loading=\"lazy\" decoding=\"async\" class=\"alignnone size-medium wp-image-949\" src=\"https:\/\/diocesi.concordia-pordenone.it\/missionario\/wp-content\/uploads\/sites\/10\/2022\/03\/7-1-300x225.jpg\" alt=\"\" width=\"300\" height=\"225\" srcset=\"https:\/\/diocesi.concordia-pordenone.it\/missionario\/wp-content\/uploads\/sites\/10\/2022\/03\/7-1-300x225.jpg 300w, https:\/\/diocesi.concordia-pordenone.it\/missionario\/wp-content\/uploads\/sites\/10\/2022\/03\/7-1.jpg 560w\" sizes=\"auto, (max-width: 300px) 100vw, 300px\" \/><\/div>\n<\/div>\n<\/div>\n<\/div>\n<\/div>\n<\/div>\n","protected":false},"excerpt":{"rendered":"<p>Rinnoviamo il Centro Parrocchiale Qui a Chipene, l&#8217;evangelizzazione \u00e8 ancora una partita aperta. La parrocchia \u00e8 strutturata: le oltre 130 comunit\u00e0 sono ora suddivise in 27 zone e 6 regioni. Gi\u00e0 abbiamo pi\u00f9 volte detto che con queste dimensioni (io stesso, al mio terzo anno qui, ancora non ho visitato tutte le comunit\u00e0!) tutto si muove con ministeri laicali. Ringraziamo Dio, perch\u00e9 sempre i missionari &hellip; <a href=\"https:\/\/diocesi.concordia-pordenone.it\/missionario\/centro-parrocchiale\/\" class=\"more-link\">Continue reading <span class=\"screen-reader-text\"><\/span> <span class=\"meta-nav\">&raquo;<\/span><\/a><\/p>\n","protected":false},"author":0,"featured_media":0,"parent":0,"menu_order":0,"comment_status":"closed","ping_status":"closed","template":"","meta":{"_acf_changed":false,"footnotes":""},"class_list":["post-942","page","type-page","status-publish","hentry"],"acf":{"seed-localization-paese-cod":"","seed-localization-address":"","seed-localization-citta":"","seed-localization-regione-cod-istat":"","seed-localization-citta-cod-istat":"","seed-localization-localita":"","seed-localization-cap":"","seed-localization-geo":{"lat":41.9053433,"lng":12.5099945,"zoom":10,"markers":[],"address":"","layers":["OpenStreetMap.Mapnik"],"version":"1.3.2"},"seed-localization-marker-visibility":false,"seed-localization-children-visibility":false,"seed-localization-kml":"","seed-localization-custom-marker":""},"_links":{"self":[{"href":"https:\/\/diocesi.concordia-pordenone.it\/missionario\/wp-json\/wp\/v2\/pages\/942","targetHints":{"allow":["GET"]}}],"collection":[{"href":"https:\/\/diocesi.concordia-pordenone.it\/missionario\/wp-json\/wp\/v2\/pages"}],"about":[{"href":"https:\/\/diocesi.concordia-pordenone.it\/missionario\/wp-json\/wp\/v2\/types\/page"}],"author":[{"embeddable":true,"href":"https:\/\/diocesi.concordia-pordenone.it\/missionario\/wp-json\/wp\/v2\/users\/9"}],"replies":[{"embeddable":true,"href":"https:\/\/diocesi.concordia-pordenone.it\/missionario\/wp-json\/wp\/v2\/comments?post=942"}],"version-history":[{"count":3,"href":"https:\/\/diocesi.concordia-pordenone.it\/missionario\/wp-json\/wp\/v2\/pages\/942\/revisions"}],"predecessor-version":[{"id":957,"href":"https:\/\/diocesi.concordia-pordenone.it\/missionario\/wp-json\/wp\/v2\/pages\/942\/revisions\/957"}],"wp:attachment":[{"href":"https:\/\/diocesi.concordia-pordenone.it\/missionario\/wp-json\/wp\/v2\/media?parent=942"}],"curies":[{"name":"wp","href":"https:\/\/api.w.org\/{rel}","templated":true}]}}