{"id":958,"date":"2022-03-01T11:28:25","date_gmt":"2022-03-01T10:28:25","guid":{"rendered":"https:\/\/diocesi.concordia-pordenone.it\/missionario\/?page_id=958"},"modified":"2022-03-01T11:45:40","modified_gmt":"2022-03-01T10:45:40","slug":"larrivo-di-don-loris-vignandel","status":"publish","type":"page","link":"https:\/\/diocesi.concordia-pordenone.it\/missionario\/larrivo-di-don-loris-vignandel\/","title":{"rendered":"2018 &#8211; L&#8217;arrivo di don Loris Vignandel"},"content":{"rendered":"<div class=\"\" dir=\"auto\">\n<div id=\"jsc_c_28n\" class=\"ecm0bbzt hv4rvrfc ihqw7lf3 dati1w0a\" data-ad-comet-preview=\"message\" data-ad-preview=\"message\">\n<div class=\"j83agx80 cbu4d94t ew0dbk1b irj2b8pg\">\n<div class=\"qzhwtbm6 knvmm38d\">\n<div class=\"kvgmc6g5 cxmmr5t8 oygrvhab hcukyx3x c1et5uql ii04i59q\">\n<div dir=\"auto\"><strong>Aprile 2018. Bem-vindo!<\/strong><\/div>\n<div dir=\"auto\"><\/div>\n<\/div>\n<div class=\"cxmmr5t8 oygrvhab hcukyx3x c1et5uql o9v6fnle ii04i59q\">\n<div dir=\"auto\">\u00c8 arrivato, atteso, <strong>don Loris<\/strong>. Il pi\u00f9 bel regalo di Pasqua!<\/div>\n<div dir=\"auto\"><\/div>\n<div dir=\"auto\">La strada per arrivare a Chipene gi\u00e0 d\u00e0 l\u2019idea delle dimensioni non indifferenti della parrocchia. Per di pi\u00f9, con le piogge che continuano, la strada mal messa costringe ad allungare i tempi di percorrenza. Partire da Chipene, andare a Nampula a ricevere gli ospiti, passare a Nacala per salutare il vescovo, rientrare per Memba salutando don Silvano, arrivare a Chipene, tornare a Nampula per accompagnare padre Tarcisio e rientrare\u2026 somma oltre 1.300 km. Chiaro che il buon Loris sia un po\u2019 disorientato alla prima uscita in terra africana!<\/div>\n<div dir=\"auto\">Domenica 8 ha potuto sperimentare la prima celebrazione nella chiesa parrocchiale, con sacramenti (battesimi, prime comunioni e matrimoni) di adulti e giovani. Pare che il nuovo arrivato gradisca! La comunit\u00e0 lo aspettava, cos\u00ec finita la messa c\u2019\u00e8 spazio per un po\u2019 di festa di benvenuto per lui: canti, danze, teatro. Qui nessuno pu\u00f2 arrivare in incognito, immaginarsi un padre!<\/div>\n<div dir=\"auto\">Adesso c\u2019\u00e8 da lavorare piano piano per l\u2019inserimento: dai documenti alla lingua, dalla geografia alle persone. \u00c8 un mondo (grande) da scoprire\u2026 e che vuole farsi conoscere. L\u2019aiuto non manca: don Lorenzo \u00e8 un buon punto di riferimento, le suore sono una colonna storica della presenza missionaria a Chipene, ma anche tutti gli animatori aspettano di conoscere e accompagnare il nuovo arrivato.<\/div>\n<div dir=\"auto\">Allora, benvenuto e buon lavoro!<\/div>\n<div dir=\"auto\"><img loading=\"lazy\" decoding=\"async\" class=\"alignnone size-medium wp-image-959\" src=\"https:\/\/diocesi.concordia-pordenone.it\/missionario\/wp-content\/uploads\/sites\/10\/2022\/03\/1-2-300x225.jpg\" alt=\"\" width=\"300\" height=\"225\" srcset=\"https:\/\/diocesi.concordia-pordenone.it\/missionario\/wp-content\/uploads\/sites\/10\/2022\/03\/1-2-300x225.jpg 300w, https:\/\/diocesi.concordia-pordenone.it\/missionario\/wp-content\/uploads\/sites\/10\/2022\/03\/1-2.jpg 519w\" sizes=\"auto, (max-width: 300px) 100vw, 300px\" \/> <img loading=\"lazy\" decoding=\"async\" class=\"alignnone size-medium wp-image-960\" src=\"https:\/\/diocesi.concordia-pordenone.it\/missionario\/wp-content\/uploads\/sites\/10\/2022\/03\/2-2-300x225.jpg\" alt=\"\" width=\"300\" height=\"225\" srcset=\"https:\/\/diocesi.concordia-pordenone.it\/missionario\/wp-content\/uploads\/sites\/10\/2022\/03\/2-2-300x225.jpg 300w, https:\/\/diocesi.concordia-pordenone.it\/missionario\/wp-content\/uploads\/sites\/10\/2022\/03\/2-2.jpg 519w\" sizes=\"auto, (max-width: 300px) 100vw, 300px\" \/> <img loading=\"lazy\" decoding=\"async\" class=\"alignnone size-medium wp-image-961\" src=\"https:\/\/diocesi.concordia-pordenone.it\/missionario\/wp-content\/uploads\/sites\/10\/2022\/03\/3-2-225x300.jpg\" alt=\"\" width=\"225\" height=\"300\" srcset=\"https:\/\/diocesi.concordia-pordenone.it\/missionario\/wp-content\/uploads\/sites\/10\/2022\/03\/3-2-225x300.jpg 225w, https:\/\/diocesi.concordia-pordenone.it\/missionario\/wp-content\/uploads\/sites\/10\/2022\/03\/3-2.jpg 389w\" sizes=\"auto, (max-width: 225px) 100vw, 225px\" \/> <img loading=\"lazy\" decoding=\"async\" class=\"alignnone size-medium wp-image-962\" src=\"https:\/\/diocesi.concordia-pordenone.it\/missionario\/wp-content\/uploads\/sites\/10\/2022\/03\/4-2-300x225.jpg\" alt=\"\" width=\"300\" height=\"225\" srcset=\"https:\/\/diocesi.concordia-pordenone.it\/missionario\/wp-content\/uploads\/sites\/10\/2022\/03\/4-2-300x225.jpg 300w, https:\/\/diocesi.concordia-pordenone.it\/missionario\/wp-content\/uploads\/sites\/10\/2022\/03\/4-2.jpg 519w\" sizes=\"auto, (max-width: 300px) 100vw, 300px\" \/> <img loading=\"lazy\" decoding=\"async\" class=\"alignnone size-medium wp-image-963\" src=\"https:\/\/diocesi.concordia-pordenone.it\/missionario\/wp-content\/uploads\/sites\/10\/2022\/03\/5-2-300x225.jpg\" alt=\"\" width=\"300\" height=\"225\" srcset=\"https:\/\/diocesi.concordia-pordenone.it\/missionario\/wp-content\/uploads\/sites\/10\/2022\/03\/5-2-300x225.jpg 300w, https:\/\/diocesi.concordia-pordenone.it\/missionario\/wp-content\/uploads\/sites\/10\/2022\/03\/5-2.jpg 519w\" sizes=\"auto, (max-width: 300px) 100vw, 300px\" \/> <img loading=\"lazy\" decoding=\"async\" class=\"alignnone size-medium wp-image-964\" src=\"https:\/\/diocesi.concordia-pordenone.it\/missionario\/wp-content\/uploads\/sites\/10\/2022\/03\/6-2-300x225.jpg\" alt=\"\" width=\"300\" height=\"225\" srcset=\"https:\/\/diocesi.concordia-pordenone.it\/missionario\/wp-content\/uploads\/sites\/10\/2022\/03\/6-2-300x225.jpg 300w, https:\/\/diocesi.concordia-pordenone.it\/missionario\/wp-content\/uploads\/sites\/10\/2022\/03\/6-2.jpg 519w\" sizes=\"auto, (max-width: 300px) 100vw, 300px\" \/> <img loading=\"lazy\" decoding=\"async\" class=\"alignnone size-medium wp-image-965\" src=\"https:\/\/diocesi.concordia-pordenone.it\/missionario\/wp-content\/uploads\/sites\/10\/2022\/03\/7-2-225x300.jpg\" alt=\"\" width=\"225\" height=\"300\" srcset=\"https:\/\/diocesi.concordia-pordenone.it\/missionario\/wp-content\/uploads\/sites\/10\/2022\/03\/7-2-225x300.jpg 225w, https:\/\/diocesi.concordia-pordenone.it\/missionario\/wp-content\/uploads\/sites\/10\/2022\/03\/7-2.jpg 389w\" sizes=\"auto, (max-width: 225px) 100vw, 225px\" \/><\/div>\n<\/div>\n<\/div>\n<\/div>\n<\/div>\n<\/div>\n","protected":false},"excerpt":{"rendered":"<p>Aprile 2018. Bem-vindo! \u00c8 arrivato, atteso, don Loris. Il pi\u00f9 bel regalo di Pasqua! La strada per arrivare a Chipene gi\u00e0 d\u00e0 l\u2019idea delle dimensioni non indifferenti della parrocchia. Per di pi\u00f9, con le piogge che continuano, la strada mal messa costringe ad allungare i tempi di percorrenza. Partire da Chipene, andare a Nampula a ricevere gli ospiti, passare a Nacala per salutare il vescovo, &hellip; <a href=\"https:\/\/diocesi.concordia-pordenone.it\/missionario\/larrivo-di-don-loris-vignandel\/\" class=\"more-link\">Continue reading <span class=\"screen-reader-text\"><\/span> <span class=\"meta-nav\">&raquo;<\/span><\/a><\/p>\n","protected":false},"author":0,"featured_media":0,"parent":0,"menu_order":0,"comment_status":"closed","ping_status":"closed","template":"","meta":{"_acf_changed":false,"footnotes":""},"class_list":["post-958","page","type-page","status-publish","hentry"],"acf":{"seed-localization-paese-cod":"","seed-localization-address":"","seed-localization-citta":"","seed-localization-regione-cod-istat":"","seed-localization-citta-cod-istat":"","seed-localization-localita":"","seed-localization-cap":"","seed-localization-geo":{"lat":41.9053433,"lng":12.5099945,"zoom":10,"markers":[],"address":"","layers":["OpenStreetMap.Mapnik"],"version":"1.3.2"},"seed-localization-marker-visibility":false,"seed-localization-children-visibility":false,"seed-localization-kml":"","seed-localization-custom-marker":""},"_links":{"self":[{"href":"https:\/\/diocesi.concordia-pordenone.it\/missionario\/wp-json\/wp\/v2\/pages\/958","targetHints":{"allow":["GET"]}}],"collection":[{"href":"https:\/\/diocesi.concordia-pordenone.it\/missionario\/wp-json\/wp\/v2\/pages"}],"about":[{"href":"https:\/\/diocesi.concordia-pordenone.it\/missionario\/wp-json\/wp\/v2\/types\/page"}],"author":[{"embeddable":true,"href":"https:\/\/diocesi.concordia-pordenone.it\/missionario\/wp-json\/wp\/v2\/users\/9"}],"replies":[{"embeddable":true,"href":"https:\/\/diocesi.concordia-pordenone.it\/missionario\/wp-json\/wp\/v2\/comments?post=958"}],"version-history":[{"count":4,"href":"https:\/\/diocesi.concordia-pordenone.it\/missionario\/wp-json\/wp\/v2\/pages\/958\/revisions"}],"predecessor-version":[{"id":976,"href":"https:\/\/diocesi.concordia-pordenone.it\/missionario\/wp-json\/wp\/v2\/pages\/958\/revisions\/976"}],"wp:attachment":[{"href":"https:\/\/diocesi.concordia-pordenone.it\/missionario\/wp-json\/wp\/v2\/media?parent=958"}],"curies":[{"name":"wp","href":"https:\/\/api.w.org\/{rel}","templated":true}]}}