{"id":235,"date":"2021-07-02T17:22:50","date_gmt":"2021-07-02T15:22:50","guid":{"rendered":"https:\/\/diocesi.concordia-pordenone.it\/seminario\/?page_id=235"},"modified":"2024-11-15T12:15:38","modified_gmt":"2024-11-15T11:15:38","slug":"sostienici","status":"publish","type":"page","link":"https:\/\/diocesi.concordia-pordenone.it\/seminario\/sostienici\/","title":{"rendered":"Sostienici"},"content":{"rendered":"<p>Il Seminario Diocesano \u00e8 stato costruito, e continua a vivere, grazie ai lasciti che tante buone persone hanno voluto devolvere a favore di tale opera educativa che, da oltre cento anni nella sede di Pordenone, ha formato generazioni di giovani al senso di umanit\u00e0 nello spirito del cristianesimo.<\/p>\n<p>Chiunque volesse contribuire anche economicamente per sostenere il Seminario pu\u00f2 farlo tramite bonifico bancario presso:<\/p>\n<p><strong>Banca Cr\u00e9dit Agricole<br \/>\nIBAN: IT 32G 06230 12501 0000 15218183<br \/>\n<\/strong>intestato a <strong>Seminario Diocesano di Concordia-Pordenone.<\/strong><\/p>\n<p>Ringraziamo sentitamente quanti manifesteranno l\u2019affetto per i seminaristi anche attraverso l\u2019aiuto economico.<\/p>\n","protected":false},"excerpt":{"rendered":"<p>Il Seminario Diocesano \u00e8 stato costruito, e continua a vivere, grazie ai lasciti che tante buone persone hanno voluto devolvere a favore di tale opera educativa che, da oltre cento anni nella sede di Pordenone, ha formato generazioni di giovani al senso di umanit\u00e0 nello spirito del cristianesimo. Chiunque volesse contribuire anche economicamente per sostenere il Seminario pu\u00f2 farlo tramite bonifico bancario presso: Banca Cr\u00e9dit &hellip; <a href=\"https:\/\/diocesi.concordia-pordenone.it\/seminario\/sostienici\/\" class=\"more-link\">Continue reading <span class=\"screen-reader-text\"><\/span> <span class=\"meta-nav\">&raquo;<\/span><\/a><\/p>\n","protected":false},"author":0,"featured_media":0,"parent":0,"menu_order":0,"comment_status":"closed","ping_status":"closed","template":"","meta":{"_acf_changed":false,"footnotes":""},"class_list":["post-235","page","type-page","status-publish","hentry"],"acf":[],"_links":{"self":[{"href":"https:\/\/diocesi.concordia-pordenone.it\/seminario\/wp-json\/wp\/v2\/pages\/235","targetHints":{"allow":["GET"]}}],"collection":[{"href":"https:\/\/diocesi.concordia-pordenone.it\/seminario\/wp-json\/wp\/v2\/pages"}],"about":[{"href":"https:\/\/diocesi.concordia-pordenone.it\/seminario\/wp-json\/wp\/v2\/types\/page"}],"author":[{"embeddable":true,"href":"https:\/\/diocesi.concordia-pordenone.it\/seminario\/wp-json\/wp\/v2\/users\/1"}],"replies":[{"embeddable":true,"href":"https:\/\/diocesi.concordia-pordenone.it\/seminario\/wp-json\/wp\/v2\/comments?post=235"}],"version-history":[{"count":7,"href":"https:\/\/diocesi.concordia-pordenone.it\/seminario\/wp-json\/wp\/v2\/pages\/235\/revisions"}],"predecessor-version":[{"id":1429,"href":"https:\/\/diocesi.concordia-pordenone.it\/seminario\/wp-json\/wp\/v2\/pages\/235\/revisions\/1429"}],"wp:attachment":[{"href":"https:\/\/diocesi.concordia-pordenone.it\/seminario\/wp-json\/wp\/v2\/media?parent=235"}],"curies":[{"name":"wp","href":"https:\/\/api.w.org\/{rel}","templated":true}]}}