{"id":385,"date":"2022-06-21T18:34:25","date_gmt":"2022-06-21T16:34:25","guid":{"rendered":"https:\/\/diocesi.concordia-pordenone.it\/seminario\/?page_id=385"},"modified":"2024-11-09T08:38:03","modified_gmt":"2024-11-09T07:38:03","slug":"comunita","status":"publish","type":"page","link":"https:\/\/diocesi.concordia-pordenone.it\/seminario\/comunita\/","title":{"rendered":"Comunit\u00e0"},"content":{"rendered":"<p><strong><a href=\"https:\/\/diocesi.concordia-pordenone.it\/seminario\/seminario-maggiore\/\">Comunit\u00e0 del Seminario Maggiore<\/a><\/strong><\/p>\n<p><strong><a href=\"https:\/\/diocesi.concordia-pordenone.it\/seminario\/propedeutico\/\">Comunit\u00e0 Vocazionale &#8220;San Martino&#8221;<\/a><\/strong><\/p>\n<p style=\"text-align: left;\"><strong><a href=\"https:\/\/diocesi.concordia-pordenone.it\/seminario\/educatori\/\">\u00c9quipe degli educatori<\/a><\/strong><\/p>\n<p><strong><a href=\"https:\/\/diocesi.concordia-pordenone.it\/seminario\/commissione-de-promovendis-ad-ordines\/\">Commissione Vescovile &#8220;De promovendis ad ordines&#8221;<\/a><\/strong><\/p>\n<p style=\"text-align: left;\"><strong><a style=\"font-size: inherit;\" href=\"https:\/\/diocesi.concordia-pordenone.it\/seminario\/presbiteri-residenti\/\">Presbiteri residenti<\/a><\/strong><\/p>\n","protected":false},"excerpt":{"rendered":"<p>Comunit\u00e0 del Seminario Maggiore Comunit\u00e0 Vocazionale &#8220;San Martino&#8221; \u00c9quipe degli educatori Commissione Vescovile &#8220;De promovendis ad ordines&#8221; Presbiteri residenti<\/p>\n","protected":false},"author":0,"featured_media":0,"parent":0,"menu_order":0,"comment_status":"closed","ping_status":"closed","template":"","meta":{"_acf_changed":false,"footnotes":""},"class_list":["post-385","page","type-page","status-publish","hentry"],"acf":[],"_links":{"self":[{"href":"https:\/\/diocesi.concordia-pordenone.it\/seminario\/wp-json\/wp\/v2\/pages\/385","targetHints":{"allow":["GET"]}}],"collection":[{"href":"https:\/\/diocesi.concordia-pordenone.it\/seminario\/wp-json\/wp\/v2\/pages"}],"about":[{"href":"https:\/\/diocesi.concordia-pordenone.it\/seminario\/wp-json\/wp\/v2\/types\/page"}],"author":[{"embeddable":true,"href":"https:\/\/diocesi.concordia-pordenone.it\/seminario\/wp-json\/wp\/v2\/users\/10"}],"replies":[{"embeddable":true,"href":"https:\/\/diocesi.concordia-pordenone.it\/seminario\/wp-json\/wp\/v2\/comments?post=385"}],"version-history":[{"count":26,"href":"https:\/\/diocesi.concordia-pordenone.it\/seminario\/wp-json\/wp\/v2\/pages\/385\/revisions"}],"predecessor-version":[{"id":1406,"href":"https:\/\/diocesi.concordia-pordenone.it\/seminario\/wp-json\/wp\/v2\/pages\/385\/revisions\/1406"}],"wp:attachment":[{"href":"https:\/\/diocesi.concordia-pordenone.it\/seminario\/wp-json\/wp\/v2\/media?parent=385"}],"curies":[{"name":"wp","href":"https:\/\/api.w.org\/{rel}","templated":true}]}}