{"id":445,"date":"2022-06-23T14:57:45","date_gmt":"2022-06-23T12:57:45","guid":{"rendered":"https:\/\/diocesi.concordia-pordenone.it\/seminario\/?page_id=445"},"modified":"2025-11-06T17:23:14","modified_gmt":"2025-11-06T16:23:14","slug":"contatti","status":"publish","type":"page","link":"https:\/\/diocesi.concordia-pordenone.it\/seminario\/contatti\/","title":{"rendered":"Contatti"},"content":{"rendered":"<p><strong>Sede<\/strong>: Via Seminario, 1 &#8211; 33170 Pordenone PN<br \/>\n<strong>Portineria:<\/strong> 0434 508611<br \/>\n<strong>Fax:<\/strong> 0434 508699<\/p>\n<p><strong>Rettore<br \/>\n<\/strong>Don Marino Rossi: 0434 508682<br \/>\n<a href=\"mailto:marinorossi71@gmail.com\">marinorossi71@gmail.com<\/a><\/p>\n<p><strong>Vicerettore<br \/>\n<\/strong>Don Thomas Salvador: 0434 508632<br \/>\n<a href=\"mailto:thomasalvador@hotmail.it\">thomasalvador@hotmail.it<\/a><\/p>\n<p><strong>Direttore spirituale<\/strong><br \/>\nDon Ugo Gaspardo: 0434 97241 (parrocchia di Castions)<br \/>\n<a href=\"mailto:ugogaspardo@gmail.com\">ugogaspardo@gmail.com<\/a><\/p>\n<p><strong>Responsabile Comunit\u00e0 Vocazionale &#8220;San Martino&#8221;<br \/>\nDirettore Servizio Diocesano Vocazioni<\/strong><br \/>\nDon Stefano Mattiuzzo: 333 2840661<br \/>\n<a href=\"mailto:pitussouno@gmail.com\">pitussouno@gmail.com<\/a><br \/>\n<em>Indirizzo:\u00a0 <\/em>via Montello 12 &#8211; 33080 Cusano di Zoppola (PN)<\/p>\n<p><strong>Segreteria<\/strong><br \/>\nAddetta: sig.ra Laura Rollo: 0434 508630<br \/>\nOrario: dal luned\u00ec al sabato, ore 8.30 &#8211; 12.30, e dal luned\u00ec al venerd\u00ec, ore 15.00 &#8211; 18.00<br \/>\n<a href=\"mailto:centropastoraleseminario@gmail.com\">centropastoraleseminario@gmail.com<\/a><\/p>\n<p><strong>Economato<\/strong><br \/>\nEconomo: don Gianfranco Furlan<br \/>\nContabile: sig.ra Flavia Mariuzzo: 0434 508640<br \/>\nOrario: dal marted\u00ec al venerd\u00ec, ore 8.30 &#8211; 12.30<br \/>\n<a href=\"mailto:amministrazione@seminario.pn.it\">amministrazione@seminario.pn.it<\/a><\/p>\n<p><strong>Studio Teologico &#8220;Card. Celso Costantini&#8221;<br \/>\n<\/strong>Pro-Direttore: prof. don Stefano Vuaran<strong><br \/>\n<\/strong>Addette: sig.ra Caterina Rosa Bian: 0434 508634<br \/>\nsig.ra Laura Rollo: 0434 508630<br \/>\n<a href=\"mailto:studioteologico@diocesiconcordiapordenone.it\">studioteologico@diocesiconcordiapordenone.it<\/a><br \/>\nScuola di Formazione Teologica: <a href=\"mailto:sft@diocesiconcordiapordenone.it\">sft@diocesiconcordiapordenone.it<\/a><br \/>\nSito: <a href=\"https:\/\/www.itapn.it\/\" target=\"_blank\" rel=\"noopener\">itapn.it<\/a><\/p>\n<p><strong>Biblioteca<br \/>\n<\/strong>Direttore: prof. don Marino Rossi (reggente facente funzione)<br \/>\nSede della biblioteca: 0434 508655<br \/>\n<a href=\"mailto:biblioteca@diocesiconcordiapordenone.it\"><span class=\"s1\">biblioteca@diocesiconcordiapordenone.it<\/span><\/a><br \/>\nSito: <a href=\"https:\/\/diocesi.concordia-pordenone.it\/biblioteca\/\">diocesi.concordia-pordenone.it\/biblioteca<\/a><\/p>\n<p>&nbsp;<\/p>\n","protected":false},"excerpt":{"rendered":"<p>Sede: Via Seminario, 1 &#8211; 33170 Pordenone PN Portineria: 0434 508611 Fax: 0434 508699 Rettore Don Marino Rossi: 0434 508682 marinorossi71@gmail.com Vicerettore Don Thomas Salvador: 0434 508632 thomasalvador@hotmail.it Direttore spirituale Don Ugo Gaspardo: 0434 97241 (parrocchia di Castions) ugogaspardo@gmail.com Responsabile Comunit\u00e0 Vocazionale &#8220;San Martino&#8221; Direttore Servizio Diocesano Vocazioni Don Stefano Mattiuzzo: 333 2840661 pitussouno@gmail.com Indirizzo:\u00a0 via Montello 12 &#8211; 33080 Cusano di Zoppola (PN) Segreteria &hellip; <a href=\"https:\/\/diocesi.concordia-pordenone.it\/seminario\/contatti\/\" class=\"more-link\">Continue reading <span class=\"screen-reader-text\"><\/span> <span class=\"meta-nav\">&raquo;<\/span><\/a><\/p>\n","protected":false},"author":0,"featured_media":409,"parent":0,"menu_order":0,"comment_status":"closed","ping_status":"closed","template":"","meta":{"_acf_changed":false,"footnotes":""},"class_list":["post-445","page","type-page","status-publish","has-post-thumbnail","hentry"],"acf":[],"_links":{"self":[{"href":"https:\/\/diocesi.concordia-pordenone.it\/seminario\/wp-json\/wp\/v2\/pages\/445","targetHints":{"allow":["GET"]}}],"collection":[{"href":"https:\/\/diocesi.concordia-pordenone.it\/seminario\/wp-json\/wp\/v2\/pages"}],"about":[{"href":"https:\/\/diocesi.concordia-pordenone.it\/seminario\/wp-json\/wp\/v2\/types\/page"}],"author":[{"embeddable":true,"href":"https:\/\/diocesi.concordia-pordenone.it\/seminario\/wp-json\/wp\/v2\/users\/10"}],"replies":[{"embeddable":true,"href":"https:\/\/diocesi.concordia-pordenone.it\/seminario\/wp-json\/wp\/v2\/comments?post=445"}],"version-history":[{"count":30,"href":"https:\/\/diocesi.concordia-pordenone.it\/seminario\/wp-json\/wp\/v2\/pages\/445\/revisions"}],"predecessor-version":[{"id":1543,"href":"https:\/\/diocesi.concordia-pordenone.it\/seminario\/wp-json\/wp\/v2\/pages\/445\/revisions\/1543"}],"wp:featuredmedia":[{"embeddable":true,"href":"https:\/\/diocesi.concordia-pordenone.it\/seminario\/wp-json\/wp\/v2\/media\/409"}],"wp:attachment":[{"href":"https:\/\/diocesi.concordia-pordenone.it\/seminario\/wp-json\/wp\/v2\/media?parent=445"}],"curies":[{"name":"wp","href":"https:\/\/api.w.org\/{rel}","templated":true}]}}