{"id":782,"date":"2022-09-04T15:57:26","date_gmt":"2022-09-04T13:57:26","guid":{"rendered":"https:\/\/diocesi.concordia-pordenone.it\/seminario\/?page_id=782"},"modified":"2025-09-13T15:25:06","modified_gmt":"2025-09-13T13:25:06","slug":"propedeutico","status":"publish","type":"page","link":"https:\/\/diocesi.concordia-pordenone.it\/seminario\/propedeutico\/","title":{"rendered":"Comunit\u00e0 Vocazionale &#8220;San Martino&#8221;"},"content":{"rendered":"<p><strong>Responsabile:<\/strong> don Stefano Mattiuzzo<\/p>\n<p><em>La comunit\u00e0 risiede presso la canonica di Cusano, in via Montello 12 &#8211; 33080 Zoppola (PN)<\/em><\/p>\n<p><em><strong>Il propedeutico: un anno di \u201c(S)guardo dentro\u201d<\/strong><\/em><\/p>\n<p>Ci sono periodi nella vita in cui sentiamo l\u2019esigenza di cercare delle risposte a domande che ci coinvolgono in modo totalizzante: c\u2019\u00e8 chi sceglie di prendersi un anno sabbatico, chi si tuffa nell\u2019esperienza del servizio civile, chi svolge una esperienza missionaria all\u2019estero. C\u2019\u00e8 chi, invece, sceglie di dedicare un tempo per cercare il vero senso della propria storia, o meglio sceglie di mettersi in ascolto di Dio, di ci\u00f2 che Dio lo chiama ad essere, di comprendere dove e come Dio vuole che metta le mani \u201cin pasta\u201d nel presente.<\/p>\n<p>Cosa vuole Dio da me? Come sono chiamato a vivere la mia esistenza? Dove? Questo \u00e8 ci\u00f2 che si chiede un giovane ed \u00e8 anche ci\u00f2 a cui tenta di rispondere in un periodo di ascolto, preghiera ed esperienze preziose, come il percorso propedeutico\/vocazionale: un anno vissuto con altri giovani il cui cuore \u00e8 occupato dalla stessa domanda, prendendosi un periodo in un luogo e in un tempo singolari. Accompagnato da specifici formatori, il giovane attiva un iniziale discernimento per scoprire la bellezza della chiamata alla vita sacerdotale, assimilare gli elementi essenziali della vita spirituale e verificarsi nei vari aspetti umani della vita comunitaria, come il volontariato o la parrocchia.<\/p>\n<p>Qualora un ragazzo alla fine dell\u2019anno si sentisse chiamato al sacerdozio, il seminario \u00e8 pronto ad accoglierlo nella comunit\u00e0 del Maggiore. E se anche, alla fine del discernimento, egli comprendesse di essere chiamato alla vita coniugale o alla vita consacrata, l\u2019anno propedeutico\/vocazionale avr\u00e0 svolto il suo compito: aiutare un giovane a comprendere quale \u00e8 il suo posto nel grande quadro del mondo.<\/p>\n<p>&nbsp;<\/p>\n","protected":false},"excerpt":{"rendered":"<p>Responsabile: don Stefano Mattiuzzo La comunit\u00e0 risiede presso la canonica di Cusano, in via Montello 12 &#8211; 33080 Zoppola (PN) Il propedeutico: un anno di \u201c(S)guardo dentro\u201d Ci sono periodi nella vita in cui sentiamo l\u2019esigenza di cercare delle risposte a domande che ci coinvolgono in modo totalizzante: c\u2019\u00e8 chi sceglie di prendersi un anno sabbatico, chi si tuffa nell\u2019esperienza del servizio civile, chi svolge &hellip; <a href=\"https:\/\/diocesi.concordia-pordenone.it\/seminario\/propedeutico\/\" class=\"more-link\">Continue reading <span class=\"screen-reader-text\"><\/span> <span class=\"meta-nav\">&raquo;<\/span><\/a><\/p>\n","protected":false},"author":0,"featured_media":0,"parent":0,"menu_order":0,"comment_status":"closed","ping_status":"closed","template":"","meta":{"_acf_changed":false,"footnotes":""},"class_list":["post-782","page","type-page","status-publish","hentry"],"acf":[],"_links":{"self":[{"href":"https:\/\/diocesi.concordia-pordenone.it\/seminario\/wp-json\/wp\/v2\/pages\/782","targetHints":{"allow":["GET"]}}],"collection":[{"href":"https:\/\/diocesi.concordia-pordenone.it\/seminario\/wp-json\/wp\/v2\/pages"}],"about":[{"href":"https:\/\/diocesi.concordia-pordenone.it\/seminario\/wp-json\/wp\/v2\/types\/page"}],"author":[{"embeddable":true,"href":"https:\/\/diocesi.concordia-pordenone.it\/seminario\/wp-json\/wp\/v2\/users\/10"}],"replies":[{"embeddable":true,"href":"https:\/\/diocesi.concordia-pordenone.it\/seminario\/wp-json\/wp\/v2\/comments?post=782"}],"version-history":[{"count":15,"href":"https:\/\/diocesi.concordia-pordenone.it\/seminario\/wp-json\/wp\/v2\/pages\/782\/revisions"}],"predecessor-version":[{"id":1512,"href":"https:\/\/diocesi.concordia-pordenone.it\/seminario\/wp-json\/wp\/v2\/pages\/782\/revisions\/1512"}],"wp:attachment":[{"href":"https:\/\/diocesi.concordia-pordenone.it\/seminario\/wp-json\/wp\/v2\/media?parent=782"}],"curies":[{"name":"wp","href":"https:\/\/api.w.org\/{rel}","templated":true}]}}