{"id":467,"date":"2021-07-12T15:46:02","date_gmt":"2021-07-12T13:46:02","guid":{"rendered":"https:\/\/diocesi.concordia-pordenone.it\/sociale\/?page_id=467"},"modified":"2021-10-11T11:45:11","modified_gmt":"2021-10-11T09:45:11","slug":"giustizia-e-pace","status":"publish","type":"page","link":"https:\/\/diocesi.concordia-pordenone.it\/sociale\/giustizia-e-pace\/","title":{"rendered":"Giustizia e Pace"},"content":{"rendered":"<div><strong>MARCIA PERUGIA-ASSISI<\/strong><\/div>\n<div><strong>per la pace e la fratellanza dei popoli<\/strong><\/div>\n<div><\/div>\n<div><strong>Domenica 25 settembre 2011\u00a0<\/strong>si svolger\u00e0 la Marcia Perugia-Assisi per la pace e la fratellanza dei popoli.<\/div>\n<div><\/div>\n<div>La Marcia si terr\u00e0 a cinquant\u2019anni dalla prima Perugia-Assisi organizzata, con lo stesso slogan, da Aldo Capitini il 24 settembre 1961.<\/div>\n<div><\/div>\n<div>La Marcia partir\u00e0 dai Giardini del Frontone di Perugia alle 9.00 e arriver\u00e0 alla Rocca Maggiore di Assisi alle 15.00 dove si svolger\u00e0 la manifestazione conclusiva.<\/div>\n<div>Chi non pu\u00f2 percorrere l\u2019intero itinerario potr\u00e0 unirsi al corteo partendo da Santa Maria degli Angeli o raggiungendo direttamente la Rocca di Assisi.<\/div>\n<div><em><a href=\"http:\/\/www.perlapace.it\/index.php?id_section=340&amp;id_campagna=8\" target=\"_blank\" rel=\"noopener\">leggi tutto<\/a><\/em><\/div>\n<div><\/div>\n<div><em><strong>Per informazioni:<\/strong><\/em><\/div>\n<div>\n<div>Tavola della Pace<br \/>\nVia della Viola, 1 &#8211; 06122 Perugia<\/div>\n<div>tel. 075 5736890<\/div>\n<div>fax 075 5739337<br \/>\nemail\u00a0<a href=\"mailto:segreteria@perlapace.it\">segreteria@perlapace.it<\/a><\/div>\n<div><a href=\"http:\/\/www.perlapace.it\/\" target=\"_blank\" rel=\"noopener\">www.perlapace.it<\/a><\/div>\n<\/div>\n","protected":false},"excerpt":{"rendered":"<p>MARCIA PERUGIA-ASSISI per la pace e la fratellanza dei popoli Domenica 25 settembre 2011\u00a0si svolger\u00e0 la Marcia Perugia-Assisi per la pace e la fratellanza dei popoli. La Marcia si terr\u00e0 a cinquant\u2019anni dalla prima Perugia-Assisi organizzata, con lo stesso slogan, da Aldo Capitini il 24 settembre 1961. La Marcia partir\u00e0 dai Giardini del Frontone di Perugia alle 9.00 e arriver\u00e0 alla Rocca Maggiore di Assisi &hellip; <a href=\"https:\/\/diocesi.concordia-pordenone.it\/sociale\/giustizia-e-pace\/\" class=\"more-link\">Continue reading <span class=\"screen-reader-text\"><\/span> <span class=\"meta-nav\">&raquo;<\/span><\/a><\/p>\n","protected":false},"author":0,"featured_media":468,"parent":0,"menu_order":0,"comment_status":"closed","ping_status":"closed","template":"","meta":{"_acf_changed":false,"footnotes":""},"class_list":["post-467","page","type-page","status-publish","has-post-thumbnail","hentry"],"acf":{"seed-localization-paese-cod":"","seed-localization-address":"","seed-localization-citta":"","seed-localization-regione-cod-istat":"","seed-localization-citta-cod-istat":"","seed-localization-localita":"","seed-localization-cap":"","seed-localization-geo":{"lat":41.9053433,"lng":12.5099945,"zoom":10,"markers":[],"address":"","layers":["OpenStreetMap.Mapnik"],"version":"1.3.2"},"seed-localization-marker-visibility":false,"seed-localization-children-visibility":false,"seed-localization-kml":"","seed-localization-custom-marker":""},"_links":{"self":[{"href":"https:\/\/diocesi.concordia-pordenone.it\/sociale\/wp-json\/wp\/v2\/pages\/467","targetHints":{"allow":["GET"]}}],"collection":[{"href":"https:\/\/diocesi.concordia-pordenone.it\/sociale\/wp-json\/wp\/v2\/pages"}],"about":[{"href":"https:\/\/diocesi.concordia-pordenone.it\/sociale\/wp-json\/wp\/v2\/types\/page"}],"author":[{"embeddable":true,"href":"https:\/\/diocesi.concordia-pordenone.it\/sociale\/wp-json\/wp\/v2\/users\/1"}],"replies":[{"embeddable":true,"href":"https:\/\/diocesi.concordia-pordenone.it\/sociale\/wp-json\/wp\/v2\/comments?post=467"}],"version-history":[{"count":2,"href":"https:\/\/diocesi.concordia-pordenone.it\/sociale\/wp-json\/wp\/v2\/pages\/467\/revisions"}],"predecessor-version":[{"id":581,"href":"https:\/\/diocesi.concordia-pordenone.it\/sociale\/wp-json\/wp\/v2\/pages\/467\/revisions\/581"}],"wp:featuredmedia":[{"embeddable":true,"href":"https:\/\/diocesi.concordia-pordenone.it\/sociale\/wp-json\/wp\/v2\/media\/468"}],"wp:attachment":[{"href":"https:\/\/diocesi.concordia-pordenone.it\/sociale\/wp-json\/wp\/v2\/media?parent=467"}],"curies":[{"name":"wp","href":"https:\/\/api.w.org\/{rel}","templated":true}]}}